{"id":1156,"date":"2016-07-19T23:42:17","date_gmt":"2016-07-19T23:42:17","guid":{"rendered":"http:\/\/dpsg-heldon.de\/?page_id=1156"},"modified":"2017-09-22T08:37:18","modified_gmt":"2017-09-22T08:37:18","slug":"heldon-goes-open-air-am-16-09-2016","status":"publish","type":"page","link":"https:\/\/dpsg-heldon.de\/?page_id=1156","title":{"rendered":"Heldon goes Open-Air am 22.09.2017"},"content":{"rendered":"<p>Liebe Heldonianer,<a href=\"https:\/\/i0.wp.com\/dpsg-heldon.de\/wp-content\/uploads\/2017\/07\/Ausschreibung-Open-Air-Kino-22-09-201720703.jpg\"><img data-recalc-dims=\"1\" loading=\"lazy\" decoding=\"async\" class=\"wp-image-2043 alignright\" src=\"https:\/\/i0.wp.com\/dpsg-heldon.de\/wp-content\/uploads\/2017\/07\/Ausschreibung-Open-Air-Kino-22-09-201720703.jpg?resize=264%2C384\" alt=\"\" width=\"264\" height=\"384\" srcset=\"https:\/\/i0.wp.com\/dpsg-heldon.de\/wp-content\/uploads\/2017\/07\/Ausschreibung-Open-Air-Kino-22-09-201720703.jpg?w=581&amp;ssl=1 581w, https:\/\/i0.wp.com\/dpsg-heldon.de\/wp-content\/uploads\/2017\/07\/Ausschreibung-Open-Air-Kino-22-09-201720703.jpg?resize=206%2C300&amp;ssl=1 206w\" sizes=\"auto, (max-width: 264px) 100vw, 264px\" \/><\/a><\/p>\n<p>am 22.09.2017 laden wir euch zum Heldon goes Open-Air Kino ein. Wie schon seit&nbsp;8 Jahren wollen wir mit euch einen sch\u00f6nen Abend verbringen und einen tollen Film mit euch schauen. Auch dieses Jahr k\u00f6nnt ihr abstimmen, welcher Film gezeigt wird. W\u00e4hlt unten einen der drei Filme aus, am 22.09. werdet ihr dann erfahren, welcher ausgestrahlt wird.<\/p>\n<p>Bitte gebt uns kurz Bescheid, mit wie vielen ihr etwa kommt. Dies k\u00f6nnt ihr <a href=\"http:\/\/dpsg-heldon.de\/?page_id=1159\">hier<\/a> machen.<\/p>\n<p>&nbsp;<\/p>\n","protected":false},"excerpt":{"rendered":"<p>Liebe Heldonianer, am 22.09.2017 laden wir euch zum Heldon goes Open-Air Kino ein. Wie schon seit&nbsp;8 Jahren wollen wir mit euch einen sch\u00f6nen Abend verbringen und einen tollen Film mit euch schauen. Auch dieses Jahr k\u00f6nnt ihr abstimmen, welcher Film gezeigt wird. W\u00e4hlt unten einen der drei Filme aus, am 22.09. werdet ihr dann erfahren,&#8230;<\/p>\n","protected":false},"author":1,"featured_media":0,"parent":1723,"menu_order":0,"comment_status":"closed","ping_status":"closed","template":"","meta":{"ngg_post_thumbnail":0,"footnotes":""},"class_list":["post-1156","page","type-page","status-publish","hentry"],"jetpack_sharing_enabled":true,"jetpack_shortlink":"https:\/\/wp.me\/P5rvYL-iE","_links":{"self":[{"href":"https:\/\/dpsg-heldon.de\/index.php?rest_route=\/wp\/v2\/pages\/1156","targetHints":{"allow":["GET"]}}],"collection":[{"href":"https:\/\/dpsg-heldon.de\/index.php?rest_route=\/wp\/v2\/pages"}],"about":[{"href":"https:\/\/dpsg-heldon.de\/index.php?rest_route=\/wp\/v2\/types\/page"}],"author":[{"embeddable":true,"href":"https:\/\/dpsg-heldon.de\/index.php?rest_route=\/wp\/v2\/users\/1"}],"replies":[{"embeddable":true,"href":"https:\/\/dpsg-heldon.de\/index.php?rest_route=%2Fwp%2Fv2%2Fcomments&post=1156"}],"version-history":[{"count":9,"href":"https:\/\/dpsg-heldon.de\/index.php?rest_route=\/wp\/v2\/pages\/1156\/revisions"}],"predecessor-version":[{"id":2085,"href":"https:\/\/dpsg-heldon.de\/index.php?rest_route=\/wp\/v2\/pages\/1156\/revisions\/2085"}],"up":[{"embeddable":true,"href":"https:\/\/dpsg-heldon.de\/index.php?rest_route=\/wp\/v2\/pages\/1723"}],"wp:attachment":[{"href":"https:\/\/dpsg-heldon.de\/index.php?rest_route=%2Fwp%2Fv2%2Fmedia&parent=1156"}],"curies":[{"name":"wp","href":"https:\/\/api.w.org\/{rel}","templated":true}]}}