{"id":1721,"date":"2016-12-11T13:38:59","date_gmt":"2016-12-11T13:38:59","guid":{"rendered":"http:\/\/dpsg-heldon.de\/?page_id=1721"},"modified":"2017-02-22T21:30:39","modified_gmt":"2017-02-22T21:30:39","slug":"anmeldung-bezirkswochenende-2017","status":"publish","type":"page","link":"https:\/\/dpsg-heldon.de\/?page_id=1721","title":{"rendered":"Bezirkswochenende 2017"},"content":{"rendered":"<p><strong>Ein dreifach donnerndes Hel-DON<\/strong><\/p>\n<p>So und nicht anders war das Wochenende ganz im n\u00e4rrischen Fieber, treu dem Motto \u201eKarnevalistische Faschings-Fastnacht\u201c \u2013 das war uns lieber. Von Freitag bei der Ankunft im sch\u00f6nen Naturfreundehaus \u201eMoret\u201c in Dieburg bis Sonntag zur Versammlung in M\u00fcnster (Fotos siehe unten).<\/p>\n<p>Der Freitag begann mit einem gro\u00dfen Buffet, zu dem alle Teilnehmer etwas beitrugen. Danach folgte ein Kennenlernspiel und anschlie\u00dfend eine Runde \u201eGruselclown\u201c \u2013 angelehnt an das Verstecken-im-Dunkeln-Spiel Dracula, ein fast schon traditionelles und allseits beliebtes Spiel beim Bezirkswochenende.<\/p>\n<p>Nach dem &#8222;Tag der spontanen Nettigkeiten&#8220; am Freitag, starteten wir den Samstag mit dem offiziellen &#8222;Iss-Eis-zum Fr\u00fchst\u00fcck-Tag&#8220;. Vormittag fanden dann die Stufenkonferenzen statt. Hier wurde auf das vergangene Jahr zur\u00fcck geblickt und das n\u00e4chste geplant \u2013 ein W\u00f6bold-Tag f\u00fcr die Kinderstufen, eine Sommeraktion und ein Winterhike f\u00fcr die Jugendstufen. Auch erste inhaltliche Planungen fanden statt. Nicht zuletzt wurden die Stufendelegierten f\u00fcr die Bezirksversammlung am Sonntag gew\u00e4hlt. Dann war der offizielle Teil auch schon vorbei und weiter ging es mit mehr Narretei. Am Nachmittag wurden diverse Workshops angeboten, um die Versammlung am Sonntag in die 5. Jahreszeit zu r\u00fccken. Kamelle herstellen, einen Umzugswagen und Masken gestalten und nat\u00fcrlich das Verfassen von B\u00fcttenreden standen im Programm. Ab da hielten wir es aber fast nicht mehr aus \u2013 die Fastnachtsmusik war fast schon ein Graus.<\/p>\n<p>Am Samstagabend wurden dann Bowlingkugeln geworfen \u2013 teilweise im wahrsten Sinne des Wortes, vorw\u00e4rts wie r\u00fcckw\u00e4rts\u2026 Jeder Strike und Spare wurde lautstark gefeiert, jeder Bahndefekt auch! Am Ende hatten Konrad und Clemens die h\u00f6chste Punktzahl erzielt \u2013 dicht gefolgt von Michi, der nur 1 Punkt hinter Clemens landete. Uiuiuiuiuiuiui,auwauwauwauwau\u2026<\/p>\n<p>\u201eBezirksgeschehe, n\u00e4rrisch gesehe\u201c \u2013 das Motto der Versammlung wurde am Sonntag professionell umgesetzt. Der Raum dekoriert, die Teilnehmer mit Partyh\u00fcten, Tr\u00f6ten und Pustefix ausgestattet und jede Menge Girlanden, Luftschlagen und Luftballons verteilt. Dazu gab es vieles mehr, was diese Versammlung besonders machte. Er\u00f6ffnet wurde sie durch unseren Sitzungs-Protokollanten und startete mit einem standesgem\u00e4\u00dfen Einzug der BL und Delegierten, Kamelle und dem eigens gebauten Wagen. Die Stimmung war fantastisch \u2013 au\u00dfer bei ein paar Fastnachtsmuffeln, die Kraft Amtes (oder Delegation) gen\u00f6tigt wurden, an der Versammlung teilzunehmen. Die Berichtsteile wurden in Form von B\u00fcttenreden vorgetragen, die Stimmausz\u00e4hlung der Wahlen durch eine Polonaise \u00fcberbr\u00fcckt.<\/p>\n<p>Dann standen die Antr\u00e4ge auf der Tagesordnung \u2013 4 ordentliche und Initiativ-Antr\u00e4ge. Aber wer dachte das Geschrei wird gro\u00df und \u201ewie beenden wir die Diskussionen blo\u00df?\u201c wurde eines besseren belehrt \u2013 keinem Antrag wurden die Ja-Stimmen verwehrt! Neben einem Antrag an die Di\u00f6zesanversammlung und gleich zwei Antr\u00e4gen an die Bundesversammlung kam es noch zu einem ganz besonderen Antrag \u2013 dem einen, der dann beschlossene Sache wurde: Das Bezirkslager findet wieder statt. Und zwar im Jahr 2020. Direkt nach der Versammlung haben dazu motivierte Rover und Leiter eine Planungsgruppe gebildet.<\/p>\n<p>Im Anschluss an die Versammlung wurde in einer Premiere der Film zum Bezirkslager \u201eBack to the roots\u201c gezeigt, w\u00e4hrend alle ein leckeres Mittagessen und Kreppel genie\u00dfen konnten.<\/p>\n<p><strong>Vielen Dank an alle, die zum Gelingen des Wochenendes und der Versammlung beigetragen haben. Darauf ein dreifach donnerndes<\/strong><\/p>\n<p><strong>Hel-DON<\/strong><br \/>\n<strong>Hel-DON<\/strong><br \/>\n<strong>Hel-DON<\/strong><\/p>\n<p>Impressionen des diesj\u00e4hrigen Bezirkswochenendes und der ansch. Versammlung.<\/p>\nngg_shortcode_0_placeholder\n","protected":false},"excerpt":{"rendered":"<p>Ein dreifach donnerndes Hel-DON So und nicht anders war das Wochenende ganz im n\u00e4rrischen Fieber, treu dem Motto \u201eKarnevalistische Faschings-Fastnacht\u201c \u2013 das war uns lieber. Von Freitag bei der Ankunft im sch\u00f6nen Naturfreundehaus \u201eMoret\u201c in Dieburg bis Sonntag zur Versammlung in M\u00fcnster (Fotos siehe unten). Der Freitag begann mit einem gro\u00dfen Buffet, zu dem alle&#8230;<\/p>\n","protected":false},"author":1,"featured_media":0,"parent":1723,"menu_order":0,"comment_status":"closed","ping_status":"closed","template":"","meta":{"ngg_post_thumbnail":0,"footnotes":""},"class_list":["post-1721","page","type-page","status-publish","hentry"],"jetpack_sharing_enabled":true,"jetpack_shortlink":"https:\/\/wp.me\/P5rvYL-rL","_links":{"self":[{"href":"https:\/\/dpsg-heldon.de\/index.php?rest_route=\/wp\/v2\/pages\/1721","targetHints":{"allow":["GET"]}}],"collection":[{"href":"https:\/\/dpsg-heldon.de\/index.php?rest_route=\/wp\/v2\/pages"}],"about":[{"href":"https:\/\/dpsg-heldon.de\/index.php?rest_route=\/wp\/v2\/types\/page"}],"author":[{"embeddable":true,"href":"https:\/\/dpsg-heldon.de\/index.php?rest_route=\/wp\/v2\/users\/1"}],"replies":[{"embeddable":true,"href":"https:\/\/dpsg-heldon.de\/index.php?rest_route=%2Fwp%2Fv2%2Fcomments&post=1721"}],"version-history":[{"count":21,"href":"https:\/\/dpsg-heldon.de\/index.php?rest_route=\/wp\/v2\/pages\/1721\/revisions"}],"predecessor-version":[{"id":1958,"href":"https:\/\/dpsg-heldon.de\/index.php?rest_route=\/wp\/v2\/pages\/1721\/revisions\/1958"}],"up":[{"embeddable":true,"href":"https:\/\/dpsg-heldon.de\/index.php?rest_route=\/wp\/v2\/pages\/1723"}],"wp:attachment":[{"href":"https:\/\/dpsg-heldon.de\/index.php?rest_route=%2Fwp%2Fv2%2Fmedia&parent=1721"}],"curies":[{"name":"wp","href":"https:\/\/api.w.org\/{rel}","templated":true}]}}