{"id":207,"date":"2014-12-13T18:51:54","date_gmt":"2014-12-13T18:51:54","guid":{"rendered":"http:\/\/dpsg-heldon.de\/?page_id=207"},"modified":"2025-08-31T09:34:20","modified_gmt":"2025-08-31T09:34:20","slug":"bezirksleitung","status":"publish","type":"page","link":"https:\/\/dpsg-heldon.de\/?page_id=207","title":{"rendered":"Bezirksleitung"},"content":{"rendered":"\n<figure class=\"wp-block-image size-large\"><a href=\"https:\/\/i0.wp.com\/dpsg-heldon.de\/wp-content\/uploads\/2025\/08\/Hompage-09-scaled.jpg?ssl=1\"><img data-recalc-dims=\"1\" loading=\"lazy\" decoding=\"async\" width=\"1024\" height=\"576\" src=\"https:\/\/i0.wp.com\/dpsg-heldon.de\/wp-content\/uploads\/2025\/08\/Hompage-09.jpg?resize=1024%2C576&#038;ssl=1\" alt=\"\" class=\"wp-image-4936\" srcset=\"https:\/\/i0.wp.com\/dpsg-heldon.de\/wp-content\/uploads\/2025\/08\/Hompage-09-scaled.jpg?resize=1024%2C576&amp;ssl=1 1024w, https:\/\/i0.wp.com\/dpsg-heldon.de\/wp-content\/uploads\/2025\/08\/Hompage-09-scaled.jpg?resize=300%2C169&amp;ssl=1 300w, https:\/\/i0.wp.com\/dpsg-heldon.de\/wp-content\/uploads\/2025\/08\/Hompage-09-scaled.jpg?resize=768%2C432&amp;ssl=1 768w, https:\/\/i0.wp.com\/dpsg-heldon.de\/wp-content\/uploads\/2025\/08\/Hompage-09-scaled.jpg?resize=1536%2C864&amp;ssl=1 1536w, https:\/\/i0.wp.com\/dpsg-heldon.de\/wp-content\/uploads\/2025\/08\/Hompage-09-scaled.jpg?resize=2048%2C1152&amp;ssl=1 2048w, https:\/\/i0.wp.com\/dpsg-heldon.de\/wp-content\/uploads\/2025\/08\/Hompage-09-scaled.jpg?resize=750%2C422&amp;ssl=1 750w\" sizes=\"auto, (max-width: 1000px) 100vw, 1000px\" \/><\/a><\/figure>\n\n\n\n<p><\/p>\n\n\n\n<p>Die Bezirksleitung ist recht gut besetzt. Auf unserem&nbsp;Gruppenbild seht ihr (von links):<\/p>\n\n\n\n<p>Caro Richter (Pfadi-Referentin), Thorsten Ernst (Rover-Referent), Jakob Krampff (Vorsitzender), Thomas &#8222;Otti&#8220; Ottenbacher (Vorsitzender), Fabian &#8222;Fabe&#8220; Lankau (W\u00f6-Referent), Astrid Braunschweig (Ausbildungs-Referentin). Und <a href=\"https:\/\/dpsg-heldon.de\/?page_id=4070\" target=\"_blank\" rel=\"noopener\">hier<\/a> gibts noch weitere Infos zu uns!<\/p>\n\n\n\n<p><\/p>\n\n\n\n<p><\/p>\n\n\n\n<p class=\"has-text-align-center has-large-font-size\">&nbsp;<strong>WIR suchen DICH!!!<\/strong><\/p>\n\n\n\n<figure class=\"wp-block-image size-large\"><a href=\"https:\/\/i0.wp.com\/dpsg-heldon.de\/wp-content\/uploads\/2025\/08\/Hompage-23-scaled.jpg?ssl=1\"><img data-recalc-dims=\"1\" loading=\"lazy\" decoding=\"async\" width=\"1024\" height=\"640\" src=\"https:\/\/i0.wp.com\/dpsg-heldon.de\/wp-content\/uploads\/2025\/08\/Hompage-23.jpg?resize=1024%2C640&#038;ssl=1\" alt=\"\" class=\"wp-image-4937\" srcset=\"https:\/\/i0.wp.com\/dpsg-heldon.de\/wp-content\/uploads\/2025\/08\/Hompage-23-scaled.jpg?resize=1024%2C640&amp;ssl=1 1024w, https:\/\/i0.wp.com\/dpsg-heldon.de\/wp-content\/uploads\/2025\/08\/Hompage-23-scaled.jpg?resize=300%2C188&amp;ssl=1 300w, https:\/\/i0.wp.com\/dpsg-heldon.de\/wp-content\/uploads\/2025\/08\/Hompage-23-scaled.jpg?resize=768%2C480&amp;ssl=1 768w, https:\/\/i0.wp.com\/dpsg-heldon.de\/wp-content\/uploads\/2025\/08\/Hompage-23-scaled.jpg?resize=1536%2C960&amp;ssl=1 1536w, https:\/\/i0.wp.com\/dpsg-heldon.de\/wp-content\/uploads\/2025\/08\/Hompage-23-scaled.jpg?resize=2048%2C1280&amp;ssl=1 2048w, https:\/\/i0.wp.com\/dpsg-heldon.de\/wp-content\/uploads\/2025\/08\/Hompage-23-scaled.jpg?resize=750%2C469&amp;ssl=1 750w\" sizes=\"auto, (max-width: 1000px) 100vw, 1000px\" \/><\/a><\/figure>\n\n\n\n<p><\/p>\n\n\n\n<p>Vakant sind aktuell die Posten:<\/p>\n\n\n\n<ul class=\"wp-block-list\">\n<li>Bezirkskurat*in<\/li>\n\n\n\n<li>Referent*in der Jufi-Stufe <\/li>\n<\/ul>\n\n\n\n<p>Nat\u00fcrlich ist es auch m\u00f6glich, die Stufen mit weiteren Referent*innen zu besetzen und wir freuen uns \u00fcber alle, die uns unterst\u00fctzen m\u00f6chten.<\/p>\n\n\n\n<p>Du m\u00f6chtest&nbsp;in der Bezirksleitung&nbsp;mitarbeiten? Hast evtl. Interesse&nbsp;an einem&nbsp;der vakanten&nbsp;Posten? Oder hast du Fragen, Ideen, Kritik&nbsp;oder Anregungen? Dann melde&nbsp;dich&nbsp;bei&nbsp;uns unter <a href=\"mailto:leitung@dpsg-heldon.de\">leitung@dpsg-heldon.de<\/a>.<\/p>\n\n\n\n<p><\/p>\n","protected":false},"excerpt":{"rendered":"<p>Die Bezirksleitung ist recht gut besetzt. Auf unserem&nbsp;Gruppenbild seht ihr (von links): Caro Richter (Pfadi-Referentin), Thorsten Ernst (Rover-Referent), Jakob Krampff (Vorsitzender), Thomas &#8222;Otti&#8220; Ottenbacher (Vorsitzender), Fabian &#8222;Fabe&#8220; Lankau (W\u00f6-Referent), Astrid Braunschweig (Ausbildungs-Referentin). Und hier gibts noch weitere Infos zu uns! &nbsp;WIR suchen DICH!!! Vakant sind aktuell die Posten: Nat\u00fcrlich ist es auch m\u00f6glich, die Stufen&#8230;<\/p>\n","protected":false},"author":3,"featured_media":0,"parent":2,"menu_order":0,"comment_status":"closed","ping_status":"closed","template":"","meta":{"ngg_post_thumbnail":0,"footnotes":""},"class_list":["post-207","page","type-page","status-publish","hentry"],"jetpack_sharing_enabled":true,"jetpack_shortlink":"https:\/\/wp.me\/P5rvYL-3l","_links":{"self":[{"href":"https:\/\/dpsg-heldon.de\/index.php?rest_route=\/wp\/v2\/pages\/207","targetHints":{"allow":["GET"]}}],"collection":[{"href":"https:\/\/dpsg-heldon.de\/index.php?rest_route=\/wp\/v2\/pages"}],"about":[{"href":"https:\/\/dpsg-heldon.de\/index.php?rest_route=\/wp\/v2\/types\/page"}],"author":[{"embeddable":true,"href":"https:\/\/dpsg-heldon.de\/index.php?rest_route=\/wp\/v2\/users\/3"}],"replies":[{"embeddable":true,"href":"https:\/\/dpsg-heldon.de\/index.php?rest_route=%2Fwp%2Fv2%2Fcomments&post=207"}],"version-history":[{"count":68,"href":"https:\/\/dpsg-heldon.de\/index.php?rest_route=\/wp\/v2\/pages\/207\/revisions"}],"predecessor-version":[{"id":5070,"href":"https:\/\/dpsg-heldon.de\/index.php?rest_route=\/wp\/v2\/pages\/207\/revisions\/5070"}],"up":[{"embeddable":true,"href":"https:\/\/dpsg-heldon.de\/index.php?rest_route=\/wp\/v2\/pages\/2"}],"wp:attachment":[{"href":"https:\/\/dpsg-heldon.de\/index.php?rest_route=%2Fwp%2Fv2%2Fmedia&parent=207"}],"curies":[{"name":"wp","href":"https:\/\/api.w.org\/{rel}","templated":true}]}}