{"id":22,"date":"2014-12-07T12:58:24","date_gmt":"2014-12-07T12:58:24","guid":{"rendered":"http:\/\/dpsg-heldon.de\/?page_id=22"},"modified":"2025-09-01T04:53:30","modified_gmt":"2025-09-01T04:53:30","slug":"woebold","status":"publish","type":"page","link":"https:\/\/dpsg-heldon.de\/?page_id=22","title":{"rendered":"W\u00f6bold"},"content":{"rendered":"<p><a href=\"https:\/\/i0.wp.com\/dpsg-heldon.de\/wp-content\/uploads\/2014\/12\/WBOLD_1.jpg\"><img data-recalc-dims=\"1\" loading=\"lazy\" decoding=\"async\" class=\" wp-image-75 alignright\" src=\"https:\/\/i0.wp.com\/dpsg-heldon.de\/wp-content\/uploads\/2014\/12\/WBOLD_1-180x300.jpg?resize=168%2C279\" alt=\"WBOLD_~1\" width=\"168\" height=\"279\" srcset=\"https:\/\/i0.wp.com\/dpsg-heldon.de\/wp-content\/uploads\/2014\/12\/WBOLD_1.jpg?resize=180%2C300&amp;ssl=1 180w, https:\/\/i0.wp.com\/dpsg-heldon.de\/wp-content\/uploads\/2014\/12\/WBOLD_1.jpg?w=276&amp;ssl=1 276w\" sizes=\"auto, (max-width: 168px) 100vw, 168px\" \/><\/a>Die W\u00f6lflinge\u00a0und\u00a0Jungpfadfinder\u00a0wurden\u00a0zur\u00a0W\u00f6bold-Stufe\u00a0(W\u00f6lfi\u00a0+ Kobold) zusammengelegt, damit\u00a0durch\u00a0Fahrgemeinschaften\u00a0mehr\u00a0Leiter\u00a0zu den Stufenleiter-Abenden\u00a0kommen\u00a0und\u00a0es regelm\u00e4\u00dfige\u00a0Aktionen\u00a0mit m\u00f6glichst\u00a0vielen\u00a0Teilnehmern\u00a0gibt.<\/p>\n<p><strong>W\u00f6Bold-Leitenden Abend<\/strong><\/p>\n<p>Wir wollen mit euch gerne eine ruhige Kugel schieben!<\/p>\n<p>Meldet euch <a href=\"https:\/\/dpsg-heldon.de\/?page_id=4887\">hier<\/a> an!<\/p>\n<p>Wir freuen uns auf euer Kommen!<\/p>\n<p>Euer W\u00f6Bold Ak<\/p>\n<p>Sina, Alex und Fabian<\/p>\n<\/p>\n<p>Vergangene Aktionen k\u00f6nnt ihr unter Archiv finden!<\/p>\n<\/p>\n\n\n<figure class=\"wp-block-image size-full\"><a href=\"https:\/\/i0.wp.com\/dpsg-heldon.de\/wp-content\/uploads\/2025\/09\/Fabe-2.jpg?ssl=1\"><img data-recalc-dims=\"1\" loading=\"lazy\" decoding=\"async\" width=\"290\" height=\"436\" src=\"https:\/\/i0.wp.com\/dpsg-heldon.de\/wp-content\/uploads\/2025\/09\/Fabe-2.jpg?resize=290%2C436&#038;ssl=1\" alt=\"\" class=\"wp-image-4985\" srcset=\"https:\/\/i0.wp.com\/dpsg-heldon.de\/wp-content\/uploads\/2025\/09\/Fabe-2.jpg?w=290&amp;ssl=1 290w, https:\/\/i0.wp.com\/dpsg-heldon.de\/wp-content\/uploads\/2025\/09\/Fabe-2.jpg?resize=200%2C300&amp;ssl=1 200w\" sizes=\"auto, (max-width: 290px) 100vw, 290px\" \/><\/a><\/figure>\n\n\n\n<p>Der <strong>W\u00f6bold-AK<\/strong> &#8211; das sind wir:<\/p>\n\n\n\n<p>Oben: Fabian Lankau, Gro\u00df-Zimmern, W\u00f6lflings-Referent<br>Sina Miller, Dieburg, AK-Mitglied ,                                                                                                        Alexander Schwalm, Gro\u00df-Zimmern, Schnuppermitglied<\/p>\n\n\n\n<p>Interesse mal in den Arbeitskreis hinein zu schnuppern? Wir freuen uns immer \u00fcber neue Gesichter.<\/p>\n\n\n\n<p>Kontaktiere uns einfach.<\/p>\n\n\n\n<p>Ihr&nbsp;k\u00f6nnt&nbsp;uns kontaktieren&nbsp;unter: <a href=\"mailto:woebold-ak@dpsg-HeldOn.de\">woebold-ak@dpsg-heldon.de<\/a><\/p>\n\n\n\n<p>Zu unserer&nbsp;Spielesammlung&nbsp;geht es <a href=\"http:\/\/dpsg-heldon.de\/?page_id=149\">hier<\/a>&nbsp;entlang. Diese&nbsp;Spiele&nbsp;haben&nbsp;wir an unseren&nbsp;W\u00f6bold-Abenden&nbsp;getestet! Wenn&nbsp;ihr&nbsp;weitere&nbsp;Spielvorschl\u00e4ge&nbsp;habt, meldet&nbsp;euch&nbsp;bei uns.<\/p>\n","protected":false},"excerpt":{"rendered":"<p>Die W\u00f6lflinge\u00a0und\u00a0Jungpfadfinder\u00a0wurden\u00a0zur\u00a0W\u00f6bold-Stufe\u00a0(W\u00f6lfi\u00a0+ Kobold) zusammengelegt, damit\u00a0durch\u00a0Fahrgemeinschaften\u00a0mehr\u00a0Leiter\u00a0zu den Stufenleiter-Abenden\u00a0kommen\u00a0und\u00a0es regelm\u00e4\u00dfige\u00a0Aktionen\u00a0mit m\u00f6glichst\u00a0vielen\u00a0Teilnehmern\u00a0gibt. W\u00f6Bold-Leitenden Abend Wir wollen mit euch gerne eine ruhige Kugel schieben! Meldet euch hier an! Wir freuen uns auf euer Kommen! Euer W\u00f6Bold Ak Sina, Alex und Fabian Vergangene Aktionen k\u00f6nnt ihr unter Archiv finden! Der W\u00f6bold-AK &#8211; das sind wir: Oben: Fabian Lankau, Gro\u00df-Zimmern, W\u00f6lflings-ReferentSina&#8230;<\/p>\n","protected":false},"author":1,"featured_media":0,"parent":16,"menu_order":0,"comment_status":"open","ping_status":"open","template":"","meta":{"ngg_post_thumbnail":0,"footnotes":""},"class_list":["post-22","page","type-page","status-publish","hentry"],"jetpack_sharing_enabled":true,"jetpack_shortlink":"https:\/\/wp.me\/P5rvYL-m","_links":{"self":[{"href":"https:\/\/dpsg-heldon.de\/index.php?rest_route=\/wp\/v2\/pages\/22","targetHints":{"allow":["GET"]}}],"collection":[{"href":"https:\/\/dpsg-heldon.de\/index.php?rest_route=\/wp\/v2\/pages"}],"about":[{"href":"https:\/\/dpsg-heldon.de\/index.php?rest_route=\/wp\/v2\/types\/page"}],"author":[{"embeddable":true,"href":"https:\/\/dpsg-heldon.de\/index.php?rest_route=\/wp\/v2\/users\/1"}],"replies":[{"embeddable":true,"href":"https:\/\/dpsg-heldon.de\/index.php?rest_route=%2Fwp%2Fv2%2Fcomments&post=22"}],"version-history":[{"count":58,"href":"https:\/\/dpsg-heldon.de\/index.php?rest_route=\/wp\/v2\/pages\/22\/revisions"}],"predecessor-version":[{"id":4986,"href":"https:\/\/dpsg-heldon.de\/index.php?rest_route=\/wp\/v2\/pages\/22\/revisions\/4986"}],"up":[{"embeddable":true,"href":"https:\/\/dpsg-heldon.de\/index.php?rest_route=\/wp\/v2\/pages\/16"}],"wp:attachment":[{"href":"https:\/\/dpsg-heldon.de\/index.php?rest_route=%2Fwp%2Fv2%2Fmedia&parent=22"}],"curies":[{"name":"wp","href":"https:\/\/api.w.org\/{rel}","templated":true}]}}