{"id":2394,"date":"2018-03-02T07:44:23","date_gmt":"2018-03-02T07:44:23","guid":{"rendered":"http:\/\/dpsg-heldon.de\/?page_id=2394"},"modified":"2018-03-06T13:19:42","modified_gmt":"2018-03-06T13:19:42","slug":"steht-auf-ihr-lumpen-und-hebt-die-humpen","status":"publish","type":"page","link":"https:\/\/dpsg-heldon.de\/?page_id=2394","title":{"rendered":"\u201eSteht auf ihr Lumpen und hebt die Humpen!\u201c"},"content":{"rendered":"<p>Ritterliches Wochenende endet mit Wahl einer neuen Bezirksvorsitzenden.<\/p>\n<p>\u201eSalve Haldea!\u201c hie\u00df es beim mittelalterlichen Bezirkswochenende 2018. Nach der Anreise am Freitag wurde dank der vielen Buffet-Beitr\u00e4ge richtig gro\u00df aufgetischt. Daraufhin folgte eine F\u00fchrung durch die vielen Flure und R\u00e4ume des sehr verwinkelten Petershofs mit anschlie\u00dfender Kennenlernrunde. Das mittelalterliche Chaosspiel musste leider aus Zeitgr\u00fcnden entfallen und es ging in den gem\u00fctlichen Teil \u00fcber \u2013 bei Kicker und Billard nicht allzu schwer!<\/p>\n<p>Am Samstagvormittag fanden traditionell die Stukos statt. Es wurde auf das vergangene Jahr geschaut und das neue Jahr geplant. Au\u00dferdem wurden Delegierte f\u00fcr die Bezirksversammlung gew\u00e4hlt und ein neuer Jufi-Referent votiert. Wir freuen uns, dass Bastian Strubel aus Lampertheim zuk\u00fcnftig in den W\u00f6bold-AK und die Bezirksarbeit schnuppert!<\/p>\n<p>Nachmittags fanden dann verschiedene Workshops statt: Kerzen ziehen, Basteln von Kronen und bemalen von Stammeswappen, Jonglage und Gaukelei, Kochen des Rittermahls sowie Erarbeitung der Tischregularien und anderer Regeln.<\/p>\n<p>Beim Rittermahl wurde gro\u00df aufgefahren! Gekocht am Herd, im Ofen, auf dem Grill und in diversen Dutch Oven wurde am Abend eine gro\u00dfe Tafel aufgebaut. Nach dem Verlesen der Regularien wurde die Vorspeise gereicht: Zwiebelsuppe und Feldsalat mit gebratenem Speck, karamellisierten Waln\u00fcssen und Preiselbeerdressing. Nach einer Zwischeneinlage von Tim gab es den Hauptgang: W\u00fcrstchen, Schweinebraten, Pulled Chicken, K\u00e4se im Speckmantel, Gem\u00fcsespie\u00dfe, Wurzelgem\u00fcse, gef\u00fcllte Zwiebeln, Pellkartoffeln, Semmelkn\u00f6del\u2026 wie es sich f\u00fcr ein richtiges Rittermahl geh\u00f6rt, war von allem reichlich vorhanden und es wurde geschlemmt bis alle richtig satt waren!<\/p>\n<p>Danach folgten die Darbietung des Gaukler-Teams und eine Feuershow von Sascha. Und auch wenn alle vorgaben satt zu sein, passte danach auch noch Dessert in die gef\u00fcllten B\u00e4uche: Beerenquark, Fr\u00fcchtebrot und K\u00e4se-Trauben-Spie\u00dfe.<\/p>\n<p>Am Sonntag hie\u00df es dann reinhauen! Nach dem Fr\u00fchst\u00fcck mussten die Zimmer ger\u00e4umt und alle R\u00e4ume aufger\u00e4umt und geputzt werden und der gro\u00dfe Saal wurde f\u00fcr die Bezirksversammlung vorbereitet. Diese begann (fast) p\u00fcnktlich und wurde von Astrid er\u00f6ffnet. Nach einem Impuls von Tim mit der Geschichte von Ritter Georg ging es los. Die Versammlung war mit 37 von 54 m\u00f6glichen Stimmen beschlussf\u00e4hig! Im ersten Teil erz\u00e4hlten die Mitglieder der Bezirksleitung vom vergangenen Jahr und auch die KJZs und der Di\u00f6zesanvorstand in Person von Clemens gaben einen R\u00fcck- und Ausblick. Danach folgte die Wahl zur neuen Bezirksvorsitzenden und wir freuen uns, Maike Sch\u00fctt aus Darmstadt-Liebfrauen in der Bezirksleitung willkommen zu hei\u00dfen!<\/p>\n<p>Der Antrag zum Nicht-Stattfinden des Bezirkslagers 2020 zugunsten des Di\u00f6zesanlagers wurde diskutiert, aber angenommen. Stattdessen soll es ein Rover- und Leiter-Wochenende 2019 geben. Zum Abschluss wurden Astrid und Ricci von der Bezirksleitung verabschiedet und nach einem Gruppenbild gabe es noch einen Imbiss, bevor sich alle auf dem Heimweg machten.<\/p>\nngg_shortcode_0_placeholder\n<p>&nbsp;<\/p>\n","protected":false},"excerpt":{"rendered":"<p>Ritterliches Wochenende endet mit Wahl einer neuen Bezirksvorsitzenden. \u201eSalve Haldea!\u201c hie\u00df es beim mittelalterlichen Bezirkswochenende 2018. Nach der Anreise am Freitag wurde dank der vielen Buffet-Beitr\u00e4ge richtig gro\u00df aufgetischt. Daraufhin folgte eine F\u00fchrung durch die vielen Flure und R\u00e4ume des sehr verwinkelten Petershofs mit anschlie\u00dfender Kennenlernrunde. Das mittelalterliche Chaosspiel musste leider aus Zeitgr\u00fcnden entfallen und&#8230;<\/p>\n","protected":false},"author":3,"featured_media":0,"parent":2306,"menu_order":0,"comment_status":"closed","ping_status":"closed","template":"","meta":{"ngg_post_thumbnail":0,"footnotes":""},"class_list":["post-2394","page","type-page","status-publish","hentry"],"jetpack_sharing_enabled":true,"jetpack_shortlink":"https:\/\/wp.me\/P5rvYL-CC","_links":{"self":[{"href":"https:\/\/dpsg-heldon.de\/index.php?rest_route=\/wp\/v2\/pages\/2394","targetHints":{"allow":["GET"]}}],"collection":[{"href":"https:\/\/dpsg-heldon.de\/index.php?rest_route=\/wp\/v2\/pages"}],"about":[{"href":"https:\/\/dpsg-heldon.de\/index.php?rest_route=\/wp\/v2\/types\/page"}],"author":[{"embeddable":true,"href":"https:\/\/dpsg-heldon.de\/index.php?rest_route=\/wp\/v2\/users\/3"}],"replies":[{"embeddable":true,"href":"https:\/\/dpsg-heldon.de\/index.php?rest_route=%2Fwp%2Fv2%2Fcomments&post=2394"}],"version-history":[{"count":4,"href":"https:\/\/dpsg-heldon.de\/index.php?rest_route=\/wp\/v2\/pages\/2394\/revisions"}],"predecessor-version":[{"id":2404,"href":"https:\/\/dpsg-heldon.de\/index.php?rest_route=\/wp\/v2\/pages\/2394\/revisions\/2404"}],"up":[{"embeddable":true,"href":"https:\/\/dpsg-heldon.de\/index.php?rest_route=\/wp\/v2\/pages\/2306"}],"wp:attachment":[{"href":"https:\/\/dpsg-heldon.de\/index.php?rest_route=%2Fwp%2Fv2%2Fmedia&parent=2394"}],"curies":[{"name":"wp","href":"https:\/\/api.w.org\/{rel}","templated":true}]}}