{"id":2664,"date":"2019-02-21T20:13:40","date_gmt":"2019-02-21T20:13:40","guid":{"rendered":"http:\/\/dpsg-heldon.de\/?page_id=2664"},"modified":"2019-02-23T11:31:28","modified_gmt":"2019-02-23T11:31:28","slug":"rueckblick-bezirks-wochenende-2019","status":"publish","type":"page","link":"https:\/\/dpsg-heldon.de\/?page_id=2664","title":{"rendered":"R\u00fcckblick Bezirks-Wochenende 2019"},"content":{"rendered":"\n<p>Rosen sind rot, Veilchen sind blau, ich geh zur Heldon BV!<\/p>\n\n\n\n<p>So kurz nach Valentinstag stand das Bezirkswochenende ganz\nim Zeichen der Liiieeebe! Los ging es am Freitag nach dem gemeinsamen\nAbendessen mit einem Sektempfang und Speed-Dating. Anschlie\u00dfend folgte das sehr\nbeliiieeebte Chaosspiel, mit Fragen und Aufgaben rund um die Liiieeebe. <\/p>\n\n\n\n<p>Am Samstag Vormittag fanden die Stufenkonferenzen statt. Hier wurde auf das letzte Jahr zur\u00fcck geblickt, das kommende Jahr geplant und der Stufenbericht f\u00fcr die Bezirksversammlung vorbereitet. In der W\u00f6-Stufe wurde Andreas Holzbeck als Referent erneut votiert, in der Jufi-Stufe bleibt Bastian Strubel auf eigenen Wunsch vorerst Schnuffi (Schnupper-Juffi Referent). In der Pfadi-Stufe wurden Carola Becker und Lisa Rohmfeld als Pfadi-Referentinnen votiert, in der Rover-Stufe Thorsten Ernst und Nikola Pataric als Rover-Referenten. <\/p>\n\n\n\n<p>Nach dem Mittagessen ging es weiter mit einer\n\u201eGruppentherapie\u201c. Hierf\u00fcr reiste unser allseits beliiieeebter Bildungsreferent\nTim Bernh\u00f6ft an und in den n\u00e4chsten 2 Stunden ging es um Beziehungsprobleme und\nL\u00f6sungsans\u00e4tze in der Leiterrunde. Anschlie\u00dfend folgend noch Workshops:\nKerzenziehen, Rosen basteln, Pralinen herstellen und der Vortrag \u201eRomantik f\u00fcr\nDummies\u201c. <\/p>\n\n\n\n<p>Mit leichter Verz\u00f6gerung folgte dann ein Candle Light\nDinner. Als Aperitif wurde rosa Sekt gereicht, gefolgt von einer Hochzeitssuppe\nmit Bl\u00e4tterteigherzen. Der Hauptgang bildete ein Heubraten aus dem Dutch Oven\nmit Sauce, Rotkohl und Kartoffelecken. Als Alternative gab es Quinoa Burger.\nDas Dessert bildete ein rote Gr\u00fctze Spiegel mit einem Schokobrownie- und\nGrie\u00dfbreiherz. <\/p>\n\n\n\n<p>Der Sonntag stand ganz im Zeichen der ordentlichen\nBezirksversammlung. Mit 35 von 51 m\u00f6glichen und 26 n\u00f6tigen Stimmen war die\nVersammlung beschlussf\u00e4hig. Ein sehr guter Anfang! Nach den Berichten und der\nEntlastung des Vorstandes folgten die Wahlen. Da Michael Glenz sich nach einer\nAmtszeit nicht erneut zur Wahl stellte, stand zuerst die Wahl eines\nBezirksvorsitzenden an. Da sich hier kein Kandidat fand, bleibt der Posten\nvorerst vakant. Tim Siegel stellte sich erneut der Wahl zum Bezirkskuraten und\nwurde gew\u00e4hlt. Au\u00dferdem wurden noch DV-Delegierte, Ersatz-Delegierte,\nKassenpr\u00fcfer und ein Wahlausschuss gew\u00e4hlt. Dann ging es zu den Antr\u00e4gen. In\nden Initiativantr\u00e4gen 1 und 2 wurden die Termine des Bezirkswochenendes mit\nBezirksversammlung f\u00fcr 2020 und 2021 beschlossen. In den Initiativantr\u00e4gen 3\nund 4 ging es darum, das teils beliiieeebte, teils unbeliiieeebte\nMorgenrundenspiel Laurentia aus den Bezirkswochenenden und allen\nBezirksaktionen zu verbannen (abgelehnt) und zu pr\u00fcfen, ob es das Spiel aus\nsportmedizinischer und kultureller Sicht Wert ist, weiterhin gespielt zu werden\n(angenommen). Die Ergebnisse werden auf der n\u00e4chsten BV pr\u00e4sentiert.<\/p>\n\n\n\n<p>Alles in allem war es ein erfolgreiches Wochenende und eine kurzweilige Versammlung und die gesamte Bezirksleitung mit allen votierten Stufenrerent*innen freut sich auf das anstehende Jahr mit vielen tollen Bezirksaktionen!<\/p>\n\n\n\n<p>Bilder von: Astrid Braunschweig, Sascha Braunschweig, Tim Siegel, Alicia Pfannm\u00fcller <\/p>\n\n\n\nngg_shortcode_0_placeholder\n\n\n\n<p><\/p>\n","protected":false},"excerpt":{"rendered":"<p>Rosen sind rot, Veilchen sind blau, ich geh zur Heldon BV! So kurz nach Valentinstag stand das Bezirkswochenende ganz im Zeichen der Liiieeebe! Los ging es am Freitag nach dem gemeinsamen Abendessen mit einem Sektempfang und Speed-Dating. Anschlie\u00dfend folgte das sehr beliiieeebte Chaosspiel, mit Fragen und Aufgaben rund um die Liiieeebe. Am Samstag Vormittag fanden&#8230;<\/p>\n","protected":false},"author":3,"featured_media":2751,"parent":2601,"menu_order":0,"comment_status":"closed","ping_status":"closed","template":"","meta":{"ngg_post_thumbnail":0,"footnotes":""},"class_list":["post-2664","page","type-page","status-publish","has-post-thumbnail","hentry"],"jetpack_sharing_enabled":true,"jetpack_shortlink":"https:\/\/wp.me\/P5rvYL-GY","_links":{"self":[{"href":"https:\/\/dpsg-heldon.de\/index.php?rest_route=\/wp\/v2\/pages\/2664","targetHints":{"allow":["GET"]}}],"collection":[{"href":"https:\/\/dpsg-heldon.de\/index.php?rest_route=\/wp\/v2\/pages"}],"about":[{"href":"https:\/\/dpsg-heldon.de\/index.php?rest_route=\/wp\/v2\/types\/page"}],"author":[{"embeddable":true,"href":"https:\/\/dpsg-heldon.de\/index.php?rest_route=\/wp\/v2\/users\/3"}],"replies":[{"embeddable":true,"href":"https:\/\/dpsg-heldon.de\/index.php?rest_route=%2Fwp%2Fv2%2Fcomments&post=2664"}],"version-history":[{"count":5,"href":"https:\/\/dpsg-heldon.de\/index.php?rest_route=\/wp\/v2\/pages\/2664\/revisions"}],"predecessor-version":[{"id":2755,"href":"https:\/\/dpsg-heldon.de\/index.php?rest_route=\/wp\/v2\/pages\/2664\/revisions\/2755"}],"up":[{"embeddable":true,"href":"https:\/\/dpsg-heldon.de\/index.php?rest_route=\/wp\/v2\/pages\/2601"}],"wp:featuredmedia":[{"embeddable":true,"href":"https:\/\/dpsg-heldon.de\/index.php?rest_route=\/wp\/v2\/media\/2751"}],"wp:attachment":[{"href":"https:\/\/dpsg-heldon.de\/index.php?rest_route=%2Fwp%2Fv2%2Fmedia&parent=2664"}],"curies":[{"name":"wp","href":"https:\/\/api.w.org\/{rel}","templated":true}]}}