{"id":343,"date":"2015-01-28T22:14:50","date_gmt":"2015-01-28T22:14:50","guid":{"rendered":"http:\/\/dpsg-heldon.de\/?page_id=343"},"modified":"2026-01-04T18:34:53","modified_gmt":"2026-01-04T18:34:53","slug":"herzlich-willkommen-auf-der-homepage-des-bezirks-heldon","status":"publish","type":"page","link":"https:\/\/dpsg-heldon.de\/","title":{"rendered":"Herzlich Willkommen"},"content":{"rendered":"<div id=\"metaslider-id-5004\" style=\"max-width: 1200px;\" class=\"ml-slider-3-105-0 metaslider metaslider-flex metaslider-5004 ml-slider has-dots-nav ms-theme-default\" role=\"region\" aria-label=\"Homepage 2025\/2026\" data-height=\"450\" data-width=\"1200\">\n    <div id=\"metaslider_container_5004\">\n        <div id=\"metaslider_5004\">\n            <ul class='slides'>\n                <li style=\"display: block; width: 100%;\" class=\"slide-5216 ms-image \" aria-roledescription=\"slide\" data-date=\"2026-05-11 21:50:07\" data-filename=\"BannerWerbungSomfest-1200x450.png\" data-slide-type=\"image\"><a href=\"https:\/\/dpsg-heldon.de\/?page_id=5223\" target=\"_blank\" aria-label=\"View Slide Details\" class=\"metaslider_image_link\"><img data-recalc-dims=\"1\" loading=\"lazy\" decoding=\"async\" src=\"https:\/\/i0.wp.com\/dpsg-heldon.de\/wp-content\/uploads\/2026\/05\/BannerWerbungSomfest.png?resize=1200%2C450&#038;ssl=1\" height=\"450\" width=\"1200\" alt=\"\" class=\"slider-5004 slide-5216 msDefaultImage\" title=\"BannerWerbungSomfest\" \/><\/a><\/li>\n                <li style=\"display: none; width: 100%;\" class=\"slide-5217 ms-image \" aria-roledescription=\"slide\" data-date=\"2026-05-11 21:52:36\" data-filename=\"Bild1-scaled-1200x450.png\" data-slide-type=\"image\"><a href=\"https:\/\/dpsg-heldon.de\/?page_id=43\" target=\"_blank\" aria-label=\"View Slide Details\" class=\"metaslider_image_link\"><img data-recalc-dims=\"1\" loading=\"lazy\" decoding=\"async\" src=\"https:\/\/i0.wp.com\/dpsg-heldon.de\/wp-content\/uploads\/2026\/03\/Bild1-scaled.png?resize=1200%2C450&#038;ssl=1\" height=\"450\" width=\"1200\" alt=\"\" class=\"slider-5004 slide-5217 msDefaultImage\" title=\"Bild1\" \/><\/a><\/li>\n                <li style=\"display: none; width: 100%;\" class=\"slide-5218 ms-image \" aria-roledescription=\"slide\" data-date=\"2026-05-11 21:52:48\" data-filename=\"Bild2-scaled-1200x450.png\" data-slide-type=\"image\"><a href=\"https:\/\/dpsg-heldon.de\/?page_id=43\" target=\"_blank\" aria-label=\"View Slide Details\" class=\"metaslider_image_link\"><img data-recalc-dims=\"1\" loading=\"lazy\" decoding=\"async\" src=\"https:\/\/i0.wp.com\/dpsg-heldon.de\/wp-content\/uploads\/2026\/03\/Bild2-scaled.png?resize=1200%2C450&#038;ssl=1\" height=\"450\" width=\"1200\" alt=\"\" class=\"slider-5004 slide-5218 msDefaultImage\" title=\"Bild2\" \/><\/a><\/li>\n                <li style=\"display: none; width: 100%;\" class=\"slide-5219 ms-image \" aria-roledescription=\"slide\" data-date=\"2026-05-11 21:52:58\" data-filename=\"Merch2-1200x450.png\" data-slide-type=\"image\"><a href=\"https:\/\/dpsg-heldon.de\/?page_id=4677\" target=\"_blank\" aria-label=\"View Slide Details\" class=\"metaslider_image_link\"><img data-recalc-dims=\"1\" loading=\"lazy\" decoding=\"async\" src=\"https:\/\/i0.wp.com\/dpsg-heldon.de\/wp-content\/uploads\/2023\/11\/Merch2.png?resize=1200%2C450&#038;ssl=1\" height=\"450\" width=\"1200\" alt=\"\" class=\"slider-5004 slide-5219 msDefaultImage\" title=\"Merch2\" \/><\/a><\/li>\n                <li style=\"display: none; width: 100%;\" class=\"slide-5220 ms-image \" aria-roledescription=\"slide\" data-date=\"2026-05-11 21:53:05\" data-filename=\"Hompage-24-scaled-1200x450.jpg\" data-slide-type=\"image\"><a href=\"https:\/\/dpsg-heldon.de\/?page_id=207&amp;preview_id=207&amp;preview_nonce=210c85730c&amp;preview=true\" target=\"_blank\" aria-label=\"View Slide Details\" class=\"metaslider_image_link\"><img data-recalc-dims=\"1\" loading=\"lazy\" decoding=\"async\" src=\"https:\/\/i0.wp.com\/dpsg-heldon.de\/wp-content\/uploads\/2025\/08\/Hompage-24-scaled.jpg?resize=1200%2C450&#038;ssl=1\" height=\"450\" width=\"1200\" alt=\"Bezirksvorstand; Jakob und Otti\" class=\"slider-5004 slide-5220 msDefaultImage\" title=\"Hompage-24\" \/><\/a><\/li>\n                <li style=\"display: none; width: 100%;\" class=\"slide-5221 ms-image \" aria-roledescription=\"slide\" data-date=\"2026-05-11 21:53:14\" data-filename=\"Bild-Rueckblick-Resilienz-fuer-Slideshow-ohne-text-1200x450.jpg\" data-slide-type=\"image\"><a href=\"https:\/\/dpsg-heldon.de\/?page_id=5193\" target=\"_blank\" aria-label=\"View Slide Details\" class=\"metaslider_image_link\"><img data-recalc-dims=\"1\" loading=\"lazy\" decoding=\"async\" src=\"https:\/\/i0.wp.com\/dpsg-heldon.de\/wp-content\/uploads\/2026\/04\/Bild-Rueckblick-Resilienz-fuer-Slideshow-ohne-text.jpg?resize=1200%2C450&#038;ssl=1\" height=\"450\" width=\"1200\" alt=\"\" class=\"slider-5004 slide-5221 msDefaultImage\" title=\"Bild R\u00fcckblick Resilienz f\u00fcr Slideshow ohne text\" \/><\/a><\/li>\n                <li style=\"display: none; width: 100%;\" class=\"slide-5222 ms-image \" aria-roledescription=\"slide\" data-date=\"2026-05-11 21:53:21\" data-filename=\"Rueckblick-Justu-Winterhaik-2026-Logo-Meta-Slider.jpg\" data-slide-type=\"image\"><a href=\"https:\/\/dpsg-heldon.de\/?page_id=5198\" target=\"_blank\" aria-label=\"View Slide Details\" class=\"metaslider_image_link\"><img data-recalc-dims=\"1\" loading=\"lazy\" decoding=\"async\" src=\"https:\/\/i0.wp.com\/dpsg-heldon.de\/wp-content\/uploads\/2026\/04\/Rueckblick-Justu-Winterhaik-2026-Logo-Meta-Slider.jpg?resize=1200%2C450&#038;ssl=1\" height=\"450\" width=\"1200\" alt=\"\" class=\"slider-5004 slide-5222 msDefaultImage\" title=\"R\u00fcckblick Justu Winterhaik 2026 - Logo Meta Slider\" \/><\/a><\/li>\n            <\/ul>\n        <\/div>\n        \n    <\/div>\n<\/div>\n<p>Wir hei\u00dfen euch Willkommen auf der Homepage des Bezirks Heldon. Wir, der gr\u00f6\u00dfte Bezirk des Di\u00f6zesanverbandes Mainz, bestehen aktuell aus 16 St\u00e4mmen. Auf der Homepage findet ihr Infos \u00fcber geplante und vergangenen Aktionen, Anmeldungen, Termine und einiges mehr. Viel Spa\u00df auf eurer Entdeckungstour!<\/p>\n","protected":false},"excerpt":{"rendered":"<p>Wir hei\u00dfen euch Willkommen auf der Homepage des Bezirks Heldon. Wir, der gr\u00f6\u00dfte Bezirk des Di\u00f6zesanverbandes Mainz, bestehen aktuell aus 16 St\u00e4mmen. Auf der Homepage findet ihr Infos \u00fcber geplante und vergangenen Aktionen, Anmeldungen, Termine und einiges mehr. Viel Spa\u00df auf eurer Entdeckungstour!<\/p>\n","protected":false},"author":1,"featured_media":0,"parent":0,"menu_order":0,"comment_status":"closed","ping_status":"closed","template":"","meta":{"ngg_post_thumbnail":0,"footnotes":""},"class_list":["post-343","page","type-page","status-publish","hentry"],"jetpack_sharing_enabled":true,"jetpack_shortlink":"https:\/\/wp.me\/P5rvYL-5x","_links":{"self":[{"href":"https:\/\/dpsg-heldon.de\/index.php?rest_route=\/wp\/v2\/pages\/343","targetHints":{"allow":["GET"]}}],"collection":[{"href":"https:\/\/dpsg-heldon.de\/index.php?rest_route=\/wp\/v2\/pages"}],"about":[{"href":"https:\/\/dpsg-heldon.de\/index.php?rest_route=\/wp\/v2\/types\/page"}],"author":[{"embeddable":true,"href":"https:\/\/dpsg-heldon.de\/index.php?rest_route=\/wp\/v2\/users\/1"}],"replies":[{"embeddable":true,"href":"https:\/\/dpsg-heldon.de\/index.php?rest_route=%2Fwp%2Fv2%2Fcomments&post=343"}],"version-history":[{"count":10,"href":"https:\/\/dpsg-heldon.de\/index.php?rest_route=\/wp\/v2\/pages\/343\/revisions"}],"predecessor-version":[{"id":5106,"href":"https:\/\/dpsg-heldon.de\/index.php?rest_route=\/wp\/v2\/pages\/343\/revisions\/5106"}],"wp:attachment":[{"href":"https:\/\/dpsg-heldon.de\/index.php?rest_route=%2Fwp%2Fv2%2Fmedia&parent=343"}],"curies":[{"name":"wp","href":"https:\/\/api.w.org\/{rel}","templated":true}]}}