{"id":355,"date":"2015-01-28T22:52:44","date_gmt":"2015-01-28T22:52:44","guid":{"rendered":"http:\/\/dpsg-heldon.de\/?page_id=355"},"modified":"2026-01-05T22:09:22","modified_gmt":"2026-01-05T22:09:22","slug":"termine","status":"publish","type":"page","link":"https:\/\/dpsg-heldon.de\/?page_id=355","title":{"rendered":"Termine"},"content":{"rendered":"\n<figure class=\"wp-block-table is-style-stripes\"><table class=\"has-fixed-layout\"><tbody><tr><td>02.02.2026, 19:30 Uhr<\/td><td><a href=\"https:\/\/dpsg-heldon.de\/?page_id=3803\" data-type=\"link\" data-id=\"https:\/\/dpsg-heldon.de\/?page_id=3803\">W\u00f6Bold StuKo<\/a><\/td><td>Online via Zoom<\/td><\/tr><tr><td>05.02.2026, 19:30 Uhr<\/td><td><a href=\"https:\/\/dpsg-heldon.de\/?page_id=3803\" data-type=\"link\" data-id=\"https:\/\/dpsg-heldon.de\/?page_id=3803\">JuStu Stuko<\/a><\/td><td>Online via Zoom<\/td><\/tr><tr><td>07-08.02.2026<\/td><td><a href=\"https:\/\/dpsg-heldon.de\/?page_id=5098\" data-type=\"page\" data-id=\"5098\">Winterhaik<\/a><\/td><td>Bad D\u00fcrkheim<\/td><\/tr><tr><td>27.2.2026, ab 19 Uhr<\/td><td><a href=\"https:\/\/dpsg-heldon.de\/?page_id=5060\">Bezirkswochenende<\/a><\/td><td>M\u00fchle Bachprinz, Ober-Ramstadt<\/td><\/tr><tr><td>01.03.2626, 10 Uhr<\/td><td><a href=\"https:\/\/dpsg-heldon.de\/?page_id=5075\">Bezirksversammlung<\/a><\/td><td>M\u00fchle Bachprinz, Ober-Ramstadt<\/td><\/tr><\/tbody><\/table><\/figure>\n\n\n\n\n\n\n<div class=\"wp-block-columns is-layout-flex wp-container-core-columns-is-layout-9d6595d7 wp-block-columns-is-layout-flex\">\n<div class=\"wp-block-column is-layout-flow wp-block-column-is-layout-flow\" style=\"flex-basis:100%\">\n<iframe loading=\"lazy\" style=\"width: 100%; height: 100px; overflow: hidden;\" src=\"\" scrolling=\"no\" width=\"100\" height=\"100\">Iframes not supported<\/iframe>\n<\/div>\n<\/div>\n","protected":false},"excerpt":{"rendered":"<p>02.02.2026, 19:30 Uhr W\u00f6Bold StuKo Online via Zoom 05.02.2026, 19:30 Uhr JuStu Stuko Online via Zoom 07-08.02.2026 Winterhaik Bad D\u00fcrkheim 27.2.2026, ab 19 Uhr Bezirkswochenende M\u00fchle Bachprinz, Ober-Ramstadt 01.03.2626, 10 Uhr Bezirksversammlung M\u00fchle Bachprinz, Ober-Ramstadt Iframes not supported<\/p>\n","protected":false},"author":1,"featured_media":0,"parent":0,"menu_order":0,"comment_status":"closed","ping_status":"closed","template":"","meta":{"ngg_post_thumbnail":0,"footnotes":""},"class_list":["post-355","page","type-page","status-publish","hentry"],"jetpack_sharing_enabled":true,"jetpack_shortlink":"https:\/\/wp.me\/P5rvYL-5J","_links":{"self":[{"href":"https:\/\/dpsg-heldon.de\/index.php?rest_route=\/wp\/v2\/pages\/355","targetHints":{"allow":["GET"]}}],"collection":[{"href":"https:\/\/dpsg-heldon.de\/index.php?rest_route=\/wp\/v2\/pages"}],"about":[{"href":"https:\/\/dpsg-heldon.de\/index.php?rest_route=\/wp\/v2\/types\/page"}],"author":[{"embeddable":true,"href":"https:\/\/dpsg-heldon.de\/index.php?rest_route=\/wp\/v2\/users\/1"}],"replies":[{"embeddable":true,"href":"https:\/\/dpsg-heldon.de\/index.php?rest_route=%2Fwp%2Fv2%2Fcomments&post=355"}],"version-history":[{"count":46,"href":"https:\/\/dpsg-heldon.de\/index.php?rest_route=\/wp\/v2\/pages\/355\/revisions"}],"predecessor-version":[{"id":5119,"href":"https:\/\/dpsg-heldon.de\/index.php?rest_route=\/wp\/v2\/pages\/355\/revisions\/5119"}],"wp:attachment":[{"href":"https:\/\/dpsg-heldon.de\/index.php?rest_route=%2Fwp%2Fv2%2Fmedia&parent=355"}],"curies":[{"name":"wp","href":"https:\/\/api.w.org\/{rel}","templated":true}]}}