{"id":3584,"date":"2021-12-07T09:07:39","date_gmt":"2021-12-07T09:07:39","guid":{"rendered":"https:\/\/dpsg-heldon.de\/?page_id=3584"},"modified":"2021-12-08T21:06:46","modified_gmt":"2021-12-08T21:06:46","slug":"winterhaik-goes-waermer-2021","status":"publish","type":"page","link":"https:\/\/dpsg-heldon.de\/?page_id=3584","title":{"rendered":"Winterhaik goes w\u00e4rmer 2021"},"content":{"rendered":"\n<figure class=\"wp-block-image size-large\"><a href=\"https:\/\/i0.wp.com\/dpsg-heldon.de\/wp-content\/uploads\/2021\/12\/JuStuGoesWaermer2021-scaled.jpg?ssl=1\"><img data-recalc-dims=\"1\" loading=\"lazy\" decoding=\"async\" width=\"2560\" height=\"1438\" src=\"https:\/\/i0.wp.com\/dpsg-heldon.de\/wp-content\/uploads\/2021\/12\/JuStuGoesWaermer2021-edited-1-scaled.jpg?resize=2560%2C1438&#038;ssl=1\" alt=\"\" class=\"wp-image-3588\" srcset=\"https:\/\/i0.wp.com\/dpsg-heldon.de\/wp-content\/uploads\/2021\/12\/JuStuGoesWaermer2021-edited-1-scaled.jpg?w=2560&amp;ssl=1 2560w, https:\/\/i0.wp.com\/dpsg-heldon.de\/wp-content\/uploads\/2021\/12\/JuStuGoesWaermer2021-edited-1-scaled.jpg?resize=300%2C169&amp;ssl=1 300w, https:\/\/i0.wp.com\/dpsg-heldon.de\/wp-content\/uploads\/2021\/12\/JuStuGoesWaermer2021-edited-1-scaled.jpg?resize=1024%2C575&amp;ssl=1 1024w, https:\/\/i0.wp.com\/dpsg-heldon.de\/wp-content\/uploads\/2021\/12\/JuStuGoesWaermer2021-edited-1-scaled.jpg?resize=768%2C431&amp;ssl=1 768w, https:\/\/i0.wp.com\/dpsg-heldon.de\/wp-content\/uploads\/2021\/12\/JuStuGoesWaermer2021-edited-1-scaled.jpg?resize=1536%2C863&amp;ssl=1 1536w, https:\/\/i0.wp.com\/dpsg-heldon.de\/wp-content\/uploads\/2021\/12\/JuStuGoesWaermer2021-edited-1-scaled.jpg?resize=2048%2C1150&amp;ssl=1 2048w, https:\/\/i0.wp.com\/dpsg-heldon.de\/wp-content\/uploads\/2021\/12\/JuStuGoesWaermer2021-edited-1-scaled.jpg?resize=750%2C421&amp;ssl=1 750w\" sizes=\"auto, (max-width: 1000px) 100vw, 1000px\" \/><\/a><\/figure>\n\n\n\n<p>Nachdem Corona uns immer wieder den Winterhaik vermasselt hatte, haben wir vom JuStu-AK uns \u00fcberlegt, den Winterhaik in den Herbst zu verlegen. So kam es zur neuen Namensgebung \u2013 Winterhaik goes w\u00e4rmer.<\/p>\n\n\n\n<p>Schon einmal vorweg &#8211; alle hatten viel Spa\u00df und waren froh, dass es stattfinden konnte!<\/p>\n\n\n\n<p>Insgesamt waren wir 22 Teilnehmer*innen aus 4 St\u00e4mmen. Hier ist sicherlich noch Steigerungspotenzial vorhanden.<\/p>\n\n\n\n<p>Los ging es in Heppenheim am Bahnhof. Von dort machten wir dem Namen des Haiks alle Ehren und liefen gezielt den Langnese-Fabrikverkauf an, denn es war warm. Hier wurde eine Schatzkiste gepl\u00fcndert und der ein oder andere war schon richtig satt von teilweise bis zu 9 Eis.<\/p>\n\n\n\n<p>Gut gen\u00e4hrt (mit Eis!) machten wir uns \u00fcber die Felder in Richtung Lorsch, wo wir an der Klosterhalle eine Essenspause machten. Die Idee auch hier noch ein Eis zu essen war dann doch eher ironisch gemeint&#8230;<\/p>\n\n\n\n<p>Von hier ging es nun weiter durch den Wald Richtung B\u00fcrstadt. Alle waren froh, als wir in den Wald kamen, denn es war wie schon erw\u00e4hnt wirklich warm und hier war das Wandern ertr\u00e4glicher.<\/p>\n\n\n\n<p>In B\u00fcrstadt angekommen wurde erst einmal die Party-\/Diskojurte aufgebaut und anschlie\u00dfende die Schlafjurte. Vom K\u00fcchenteam wurde nun auch schon das Abendessen zubereitet, das sich alle nach dem langen Haik verdient hatten. Zur Freude aller gab es Kochk\u00e4seschnitzel mit Bratkartoffeln, die Vegetarier bzw. Veganer bekamen ein alternatives Essen zubereitet.<\/p>\n\n\n\n<p>Alle waren sehr gut ges\u00e4ttigt und es ging \u00fcber in den Abendteil mit Lagerfeuer, Musik und Lasertechnik. Weit nach Mitternacht waren dann alle in ihre Schlafs\u00e4cke gekrochen.<\/p>\n\n\n\n<p>Am Morgen wurde noch gemeinsam gefr\u00fchst\u00fcckt mit Br\u00f6tchen und Nuss-Nougatcreme und anschlie\u00dfend alle Zelte wieder abgebaut und aufger\u00e4umt. Der Abschlusskreis beendete den Haik und alle fuhren wieder nach Hause.<\/p>\n\n\n\n<p>Wir hoffen, dass beim n\u00e4chsten Haik noch mehr Pfadfinder*innen mitmachen, denn alle sagten, dass es ein super Ereignis war und sie gerne n\u00e4chstes Jahr wieder dabei w\u00e4ren.<\/p>\n\n\n\n<p>Der JuStu-AK w\u00fcrde sich \u00fcber eine gro\u00dfe Beteiligung im n\u00e4chsten Jahr freuen \u2013 mal abwarten, welche Namensgebung uns Corona f\u00fcr das n\u00e4chste Mal beschert!<\/p>\n\n\n\n<figure class=\"wp-block-gallery columns-3 is-cropped wp-block-gallery-1 is-layout-flex wp-block-gallery-is-layout-flex\"><ul class=\"blocks-gallery-grid\"><li class=\"blocks-gallery-item\"><figure><a href=\"https:\/\/i0.wp.com\/dpsg-heldon.de\/wp-content\/uploads\/2021\/12\/20210925_121926-1024x768.jpg?ssl=1\"><img data-recalc-dims=\"1\" loading=\"lazy\" decoding=\"async\" width=\"1024\" height=\"768\" src=\"https:\/\/i0.wp.com\/dpsg-heldon.de\/wp-content\/uploads\/2021\/12\/20210925_121926.jpg?resize=1024%2C768&#038;ssl=1\" alt=\"\" data-id=\"3612\" class=\"wp-image-3612\" srcset=\"https:\/\/i0.wp.com\/dpsg-heldon.de\/wp-content\/uploads\/2021\/12\/20210925_121926-scaled.jpg?resize=1024%2C768&amp;ssl=1 1024w, https:\/\/i0.wp.com\/dpsg-heldon.de\/wp-content\/uploads\/2021\/12\/20210925_121926-scaled.jpg?resize=300%2C225&amp;ssl=1 300w, https:\/\/i0.wp.com\/dpsg-heldon.de\/wp-content\/uploads\/2021\/12\/20210925_121926-scaled.jpg?resize=768%2C576&amp;ssl=1 768w, https:\/\/i0.wp.com\/dpsg-heldon.de\/wp-content\/uploads\/2021\/12\/20210925_121926-scaled.jpg?resize=1536%2C1152&amp;ssl=1 1536w, https:\/\/i0.wp.com\/dpsg-heldon.de\/wp-content\/uploads\/2021\/12\/20210925_121926-scaled.jpg?resize=2048%2C1536&amp;ssl=1 2048w, https:\/\/i0.wp.com\/dpsg-heldon.de\/wp-content\/uploads\/2021\/12\/20210925_121926-scaled.jpg?resize=750%2C563&amp;ssl=1 750w\" sizes=\"auto, (max-width: 1000px) 100vw, 1000px\" \/><\/a><\/figure><\/li><li class=\"blocks-gallery-item\"><figure><a href=\"https:\/\/i0.wp.com\/dpsg-heldon.de\/wp-content\/uploads\/2021\/12\/20210925_121939-1024x768.jpg?ssl=1\"><img data-recalc-dims=\"1\" loading=\"lazy\" decoding=\"async\" width=\"1024\" height=\"768\" src=\"https:\/\/i0.wp.com\/dpsg-heldon.de\/wp-content\/uploads\/2021\/12\/20210925_121939.jpg?resize=1024%2C768&#038;ssl=1\" alt=\"\" data-id=\"3613\" class=\"wp-image-3613\" srcset=\"https:\/\/i0.wp.com\/dpsg-heldon.de\/wp-content\/uploads\/2021\/12\/20210925_121939-scaled.jpg?resize=1024%2C768&amp;ssl=1 1024w, https:\/\/i0.wp.com\/dpsg-heldon.de\/wp-content\/uploads\/2021\/12\/20210925_121939-scaled.jpg?resize=300%2C225&amp;ssl=1 300w, https:\/\/i0.wp.com\/dpsg-heldon.de\/wp-content\/uploads\/2021\/12\/20210925_121939-scaled.jpg?resize=768%2C576&amp;ssl=1 768w, https:\/\/i0.wp.com\/dpsg-heldon.de\/wp-content\/uploads\/2021\/12\/20210925_121939-scaled.jpg?resize=1536%2C1152&amp;ssl=1 1536w, https:\/\/i0.wp.com\/dpsg-heldon.de\/wp-content\/uploads\/2021\/12\/20210925_121939-scaled.jpg?resize=2048%2C1536&amp;ssl=1 2048w, https:\/\/i0.wp.com\/dpsg-heldon.de\/wp-content\/uploads\/2021\/12\/20210925_121939-scaled.jpg?resize=750%2C563&amp;ssl=1 750w\" sizes=\"auto, (max-width: 1000px) 100vw, 1000px\" \/><\/a><\/figure><\/li><li class=\"blocks-gallery-item\"><figure><a href=\"https:\/\/i0.wp.com\/dpsg-heldon.de\/wp-content\/uploads\/2021\/12\/20210925_122012-1024x768.jpg?ssl=1\"><img data-recalc-dims=\"1\" loading=\"lazy\" decoding=\"async\" width=\"1024\" height=\"768\" src=\"https:\/\/i0.wp.com\/dpsg-heldon.de\/wp-content\/uploads\/2021\/12\/20210925_122012.jpg?resize=1024%2C768&#038;ssl=1\" alt=\"\" data-id=\"3614\" class=\"wp-image-3614\" srcset=\"https:\/\/i0.wp.com\/dpsg-heldon.de\/wp-content\/uploads\/2021\/12\/20210925_122012-scaled.jpg?resize=1024%2C768&amp;ssl=1 1024w, https:\/\/i0.wp.com\/dpsg-heldon.de\/wp-content\/uploads\/2021\/12\/20210925_122012-scaled.jpg?resize=300%2C225&amp;ssl=1 300w, https:\/\/i0.wp.com\/dpsg-heldon.de\/wp-content\/uploads\/2021\/12\/20210925_122012-scaled.jpg?resize=768%2C576&amp;ssl=1 768w, https:\/\/i0.wp.com\/dpsg-heldon.de\/wp-content\/uploads\/2021\/12\/20210925_122012-scaled.jpg?resize=1536%2C1152&amp;ssl=1 1536w, https:\/\/i0.wp.com\/dpsg-heldon.de\/wp-content\/uploads\/2021\/12\/20210925_122012-scaled.jpg?resize=2048%2C1536&amp;ssl=1 2048w, https:\/\/i0.wp.com\/dpsg-heldon.de\/wp-content\/uploads\/2021\/12\/20210925_122012-scaled.jpg?resize=750%2C563&amp;ssl=1 750w\" sizes=\"auto, (max-width: 1000px) 100vw, 1000px\" \/><\/a><\/figure><\/li><li class=\"blocks-gallery-item\"><figure><a href=\"https:\/\/i0.wp.com\/dpsg-heldon.de\/wp-content\/uploads\/2021\/12\/20210925_122021-1024x768.jpg?ssl=1\"><img data-recalc-dims=\"1\" loading=\"lazy\" decoding=\"async\" width=\"1024\" height=\"768\" src=\"https:\/\/i0.wp.com\/dpsg-heldon.de\/wp-content\/uploads\/2021\/12\/20210925_122021.jpg?resize=1024%2C768&#038;ssl=1\" alt=\"\" data-id=\"3615\" class=\"wp-image-3615\" srcset=\"https:\/\/i0.wp.com\/dpsg-heldon.de\/wp-content\/uploads\/2021\/12\/20210925_122021-scaled.jpg?resize=1024%2C768&amp;ssl=1 1024w, https:\/\/i0.wp.com\/dpsg-heldon.de\/wp-content\/uploads\/2021\/12\/20210925_122021-scaled.jpg?resize=300%2C225&amp;ssl=1 300w, https:\/\/i0.wp.com\/dpsg-heldon.de\/wp-content\/uploads\/2021\/12\/20210925_122021-scaled.jpg?resize=768%2C576&amp;ssl=1 768w, https:\/\/i0.wp.com\/dpsg-heldon.de\/wp-content\/uploads\/2021\/12\/20210925_122021-scaled.jpg?resize=1536%2C1152&amp;ssl=1 1536w, https:\/\/i0.wp.com\/dpsg-heldon.de\/wp-content\/uploads\/2021\/12\/20210925_122021-scaled.jpg?resize=2048%2C1536&amp;ssl=1 2048w, https:\/\/i0.wp.com\/dpsg-heldon.de\/wp-content\/uploads\/2021\/12\/20210925_122021-scaled.jpg?resize=750%2C563&amp;ssl=1 750w\" sizes=\"auto, (max-width: 1000px) 100vw, 1000px\" \/><\/a><\/figure><\/li><li class=\"blocks-gallery-item\"><figure><a href=\"https:\/\/i0.wp.com\/dpsg-heldon.de\/wp-content\/uploads\/2021\/12\/20210925_140244-1024x768.jpg?ssl=1\"><img data-recalc-dims=\"1\" loading=\"lazy\" decoding=\"async\" width=\"1024\" height=\"768\" src=\"https:\/\/i0.wp.com\/dpsg-heldon.de\/wp-content\/uploads\/2021\/12\/20210925_140244.jpg?resize=1024%2C768&#038;ssl=1\" alt=\"\" data-id=\"3616\" class=\"wp-image-3616\" srcset=\"https:\/\/i0.wp.com\/dpsg-heldon.de\/wp-content\/uploads\/2021\/12\/20210925_140244-scaled.jpg?resize=1024%2C768&amp;ssl=1 1024w, https:\/\/i0.wp.com\/dpsg-heldon.de\/wp-content\/uploads\/2021\/12\/20210925_140244-scaled.jpg?resize=300%2C225&amp;ssl=1 300w, https:\/\/i0.wp.com\/dpsg-heldon.de\/wp-content\/uploads\/2021\/12\/20210925_140244-scaled.jpg?resize=768%2C576&amp;ssl=1 768w, https:\/\/i0.wp.com\/dpsg-heldon.de\/wp-content\/uploads\/2021\/12\/20210925_140244-scaled.jpg?resize=1536%2C1152&amp;ssl=1 1536w, https:\/\/i0.wp.com\/dpsg-heldon.de\/wp-content\/uploads\/2021\/12\/20210925_140244-scaled.jpg?resize=2048%2C1536&amp;ssl=1 2048w, https:\/\/i0.wp.com\/dpsg-heldon.de\/wp-content\/uploads\/2021\/12\/20210925_140244-scaled.jpg?resize=750%2C563&amp;ssl=1 750w\" sizes=\"auto, (max-width: 1000px) 100vw, 1000px\" \/><\/a><\/figure><\/li><li class=\"blocks-gallery-item\"><figure><a href=\"https:\/\/i0.wp.com\/dpsg-heldon.de\/wp-content\/uploads\/2021\/12\/20210925_181302-1024x768.jpg?ssl=1\"><img data-recalc-dims=\"1\" loading=\"lazy\" decoding=\"async\" width=\"1024\" height=\"768\" src=\"https:\/\/i0.wp.com\/dpsg-heldon.de\/wp-content\/uploads\/2021\/12\/20210925_181302.jpg?resize=1024%2C768&#038;ssl=1\" alt=\"\" data-id=\"3617\" class=\"wp-image-3617\" srcset=\"https:\/\/i0.wp.com\/dpsg-heldon.de\/wp-content\/uploads\/2021\/12\/20210925_181302-scaled.jpg?resize=1024%2C768&amp;ssl=1 1024w, https:\/\/i0.wp.com\/dpsg-heldon.de\/wp-content\/uploads\/2021\/12\/20210925_181302-scaled.jpg?resize=300%2C225&amp;ssl=1 300w, https:\/\/i0.wp.com\/dpsg-heldon.de\/wp-content\/uploads\/2021\/12\/20210925_181302-scaled.jpg?resize=768%2C576&amp;ssl=1 768w, https:\/\/i0.wp.com\/dpsg-heldon.de\/wp-content\/uploads\/2021\/12\/20210925_181302-scaled.jpg?resize=1536%2C1152&amp;ssl=1 1536w, https:\/\/i0.wp.com\/dpsg-heldon.de\/wp-content\/uploads\/2021\/12\/20210925_181302-scaled.jpg?resize=2048%2C1536&amp;ssl=1 2048w, https:\/\/i0.wp.com\/dpsg-heldon.de\/wp-content\/uploads\/2021\/12\/20210925_181302-scaled.jpg?resize=750%2C563&amp;ssl=1 750w\" sizes=\"auto, (max-width: 1000px) 100vw, 1000px\" \/><\/a><\/figure><\/li><li class=\"blocks-gallery-item\"><figure><a href=\"https:\/\/i0.wp.com\/dpsg-heldon.de\/wp-content\/uploads\/2021\/12\/20210925_183352-1024x768.jpg?ssl=1\"><img data-recalc-dims=\"1\" loading=\"lazy\" decoding=\"async\" width=\"1024\" height=\"768\" src=\"https:\/\/i0.wp.com\/dpsg-heldon.de\/wp-content\/uploads\/2021\/12\/20210925_183352.jpg?resize=1024%2C768&#038;ssl=1\" alt=\"\" data-id=\"3618\" class=\"wp-image-3618\" srcset=\"https:\/\/i0.wp.com\/dpsg-heldon.de\/wp-content\/uploads\/2021\/12\/20210925_183352-scaled.jpg?resize=1024%2C768&amp;ssl=1 1024w, https:\/\/i0.wp.com\/dpsg-heldon.de\/wp-content\/uploads\/2021\/12\/20210925_183352-scaled.jpg?resize=300%2C225&amp;ssl=1 300w, https:\/\/i0.wp.com\/dpsg-heldon.de\/wp-content\/uploads\/2021\/12\/20210925_183352-scaled.jpg?resize=768%2C576&amp;ssl=1 768w, https:\/\/i0.wp.com\/dpsg-heldon.de\/wp-content\/uploads\/2021\/12\/20210925_183352-scaled.jpg?resize=1536%2C1152&amp;ssl=1 1536w, https:\/\/i0.wp.com\/dpsg-heldon.de\/wp-content\/uploads\/2021\/12\/20210925_183352-scaled.jpg?resize=2048%2C1536&amp;ssl=1 2048w, https:\/\/i0.wp.com\/dpsg-heldon.de\/wp-content\/uploads\/2021\/12\/20210925_183352-scaled.jpg?resize=750%2C563&amp;ssl=1 750w\" sizes=\"auto, (max-width: 1000px) 100vw, 1000px\" \/><\/a><\/figure><\/li><li class=\"blocks-gallery-item\"><figure><a href=\"https:\/\/i0.wp.com\/dpsg-heldon.de\/wp-content\/uploads\/2021\/12\/20210925_205751-1024x768.jpg?ssl=1\"><img data-recalc-dims=\"1\" loading=\"lazy\" decoding=\"async\" width=\"1024\" height=\"768\" src=\"https:\/\/i0.wp.com\/dpsg-heldon.de\/wp-content\/uploads\/2021\/12\/20210925_205751.jpg?resize=1024%2C768&#038;ssl=1\" alt=\"\" data-id=\"3619\" class=\"wp-image-3619\" srcset=\"https:\/\/i0.wp.com\/dpsg-heldon.de\/wp-content\/uploads\/2021\/12\/20210925_205751-scaled.jpg?resize=1024%2C768&amp;ssl=1 1024w, https:\/\/i0.wp.com\/dpsg-heldon.de\/wp-content\/uploads\/2021\/12\/20210925_205751-scaled.jpg?resize=300%2C225&amp;ssl=1 300w, https:\/\/i0.wp.com\/dpsg-heldon.de\/wp-content\/uploads\/2021\/12\/20210925_205751-scaled.jpg?resize=768%2C576&amp;ssl=1 768w, https:\/\/i0.wp.com\/dpsg-heldon.de\/wp-content\/uploads\/2021\/12\/20210925_205751-scaled.jpg?resize=1536%2C1152&amp;ssl=1 1536w, https:\/\/i0.wp.com\/dpsg-heldon.de\/wp-content\/uploads\/2021\/12\/20210925_205751-scaled.jpg?resize=2048%2C1536&amp;ssl=1 2048w, https:\/\/i0.wp.com\/dpsg-heldon.de\/wp-content\/uploads\/2021\/12\/20210925_205751-scaled.jpg?resize=750%2C563&amp;ssl=1 750w\" sizes=\"auto, (max-width: 1000px) 100vw, 1000px\" \/><\/a><\/figure><\/li><li class=\"blocks-gallery-item\"><figure><a href=\"https:\/\/i0.wp.com\/dpsg-heldon.de\/wp-content\/uploads\/2021\/12\/20210925_220058-1-1024x768.jpg?ssl=1\"><img data-recalc-dims=\"1\" loading=\"lazy\" decoding=\"async\" width=\"1024\" height=\"768\" src=\"https:\/\/i0.wp.com\/dpsg-heldon.de\/wp-content\/uploads\/2021\/12\/20210925_220058-1.jpg?resize=1024%2C768&#038;ssl=1\" alt=\"\" data-id=\"3620\" class=\"wp-image-3620\" srcset=\"https:\/\/i0.wp.com\/dpsg-heldon.de\/wp-content\/uploads\/2021\/12\/20210925_220058-1-scaled.jpg?resize=1024%2C768&amp;ssl=1 1024w, https:\/\/i0.wp.com\/dpsg-heldon.de\/wp-content\/uploads\/2021\/12\/20210925_220058-1-scaled.jpg?resize=300%2C225&amp;ssl=1 300w, https:\/\/i0.wp.com\/dpsg-heldon.de\/wp-content\/uploads\/2021\/12\/20210925_220058-1-scaled.jpg?resize=768%2C576&amp;ssl=1 768w, https:\/\/i0.wp.com\/dpsg-heldon.de\/wp-content\/uploads\/2021\/12\/20210925_220058-1-scaled.jpg?resize=1536%2C1152&amp;ssl=1 1536w, https:\/\/i0.wp.com\/dpsg-heldon.de\/wp-content\/uploads\/2021\/12\/20210925_220058-1-scaled.jpg?resize=2048%2C1536&amp;ssl=1 2048w, https:\/\/i0.wp.com\/dpsg-heldon.de\/wp-content\/uploads\/2021\/12\/20210925_220058-1-scaled.jpg?resize=750%2C563&amp;ssl=1 750w\" sizes=\"auto, (max-width: 1000px) 100vw, 1000px\" \/><\/a><\/figure><\/li><li class=\"blocks-gallery-item\"><figure><a href=\"https:\/\/i0.wp.com\/dpsg-heldon.de\/wp-content\/uploads\/2021\/12\/20210925_231142-1024x768.jpg?ssl=1\"><img data-recalc-dims=\"1\" loading=\"lazy\" decoding=\"async\" width=\"1024\" height=\"768\" src=\"https:\/\/i0.wp.com\/dpsg-heldon.de\/wp-content\/uploads\/2021\/12\/20210925_231142.jpg?resize=1024%2C768&#038;ssl=1\" alt=\"\" data-id=\"3621\" class=\"wp-image-3621\" srcset=\"https:\/\/i0.wp.com\/dpsg-heldon.de\/wp-content\/uploads\/2021\/12\/20210925_231142-scaled.jpg?resize=1024%2C768&amp;ssl=1 1024w, https:\/\/i0.wp.com\/dpsg-heldon.de\/wp-content\/uploads\/2021\/12\/20210925_231142-scaled.jpg?resize=300%2C225&amp;ssl=1 300w, https:\/\/i0.wp.com\/dpsg-heldon.de\/wp-content\/uploads\/2021\/12\/20210925_231142-scaled.jpg?resize=768%2C576&amp;ssl=1 768w, https:\/\/i0.wp.com\/dpsg-heldon.de\/wp-content\/uploads\/2021\/12\/20210925_231142-scaled.jpg?resize=1536%2C1152&amp;ssl=1 1536w, https:\/\/i0.wp.com\/dpsg-heldon.de\/wp-content\/uploads\/2021\/12\/20210925_231142-scaled.jpg?resize=2048%2C1536&amp;ssl=1 2048w, https:\/\/i0.wp.com\/dpsg-heldon.de\/wp-content\/uploads\/2021\/12\/20210925_231142-scaled.jpg?resize=750%2C563&amp;ssl=1 750w\" sizes=\"auto, (max-width: 1000px) 100vw, 1000px\" \/><\/a><\/figure><\/li><li class=\"blocks-gallery-item\"><figure><a href=\"https:\/\/i0.wp.com\/dpsg-heldon.de\/wp-content\/uploads\/2021\/12\/20210925_231151-1024x768.jpg?ssl=1\"><img data-recalc-dims=\"1\" loading=\"lazy\" decoding=\"async\" width=\"1024\" height=\"768\" src=\"https:\/\/i0.wp.com\/dpsg-heldon.de\/wp-content\/uploads\/2021\/12\/20210925_231151.jpg?resize=1024%2C768&#038;ssl=1\" alt=\"\" data-id=\"3622\" class=\"wp-image-3622\" srcset=\"https:\/\/i0.wp.com\/dpsg-heldon.de\/wp-content\/uploads\/2021\/12\/20210925_231151-scaled.jpg?resize=1024%2C768&amp;ssl=1 1024w, https:\/\/i0.wp.com\/dpsg-heldon.de\/wp-content\/uploads\/2021\/12\/20210925_231151-scaled.jpg?resize=300%2C225&amp;ssl=1 300w, https:\/\/i0.wp.com\/dpsg-heldon.de\/wp-content\/uploads\/2021\/12\/20210925_231151-scaled.jpg?resize=768%2C576&amp;ssl=1 768w, https:\/\/i0.wp.com\/dpsg-heldon.de\/wp-content\/uploads\/2021\/12\/20210925_231151-scaled.jpg?resize=1536%2C1152&amp;ssl=1 1536w, https:\/\/i0.wp.com\/dpsg-heldon.de\/wp-content\/uploads\/2021\/12\/20210925_231151-scaled.jpg?resize=2048%2C1536&amp;ssl=1 2048w, https:\/\/i0.wp.com\/dpsg-heldon.de\/wp-content\/uploads\/2021\/12\/20210925_231151-scaled.jpg?resize=750%2C563&amp;ssl=1 750w\" sizes=\"auto, (max-width: 1000px) 100vw, 1000px\" \/><\/a><\/figure><\/li><li class=\"blocks-gallery-item\"><figure><a href=\"https:\/\/i0.wp.com\/dpsg-heldon.de\/wp-content\/uploads\/2021\/12\/20210925_231214-1024x768.jpg?ssl=1\"><img data-recalc-dims=\"1\" loading=\"lazy\" decoding=\"async\" width=\"1024\" height=\"768\" src=\"https:\/\/i0.wp.com\/dpsg-heldon.de\/wp-content\/uploads\/2021\/12\/20210925_231214.jpg?resize=1024%2C768&#038;ssl=1\" alt=\"\" data-id=\"3623\" class=\"wp-image-3623\" srcset=\"https:\/\/i0.wp.com\/dpsg-heldon.de\/wp-content\/uploads\/2021\/12\/20210925_231214-scaled.jpg?resize=1024%2C768&amp;ssl=1 1024w, https:\/\/i0.wp.com\/dpsg-heldon.de\/wp-content\/uploads\/2021\/12\/20210925_231214-scaled.jpg?resize=300%2C225&amp;ssl=1 300w, https:\/\/i0.wp.com\/dpsg-heldon.de\/wp-content\/uploads\/2021\/12\/20210925_231214-scaled.jpg?resize=768%2C576&amp;ssl=1 768w, https:\/\/i0.wp.com\/dpsg-heldon.de\/wp-content\/uploads\/2021\/12\/20210925_231214-scaled.jpg?resize=1536%2C1152&amp;ssl=1 1536w, https:\/\/i0.wp.com\/dpsg-heldon.de\/wp-content\/uploads\/2021\/12\/20210925_231214-scaled.jpg?resize=2048%2C1536&amp;ssl=1 2048w, https:\/\/i0.wp.com\/dpsg-heldon.de\/wp-content\/uploads\/2021\/12\/20210925_231214-scaled.jpg?resize=750%2C563&amp;ssl=1 750w\" sizes=\"auto, (max-width: 1000px) 100vw, 1000px\" \/><\/a><\/figure><\/li><li class=\"blocks-gallery-item\"><figure><a href=\"https:\/\/i0.wp.com\/dpsg-heldon.de\/wp-content\/uploads\/2021\/12\/IMG_20210926_121952_969-1024x1024.jpg?ssl=1\"><img data-recalc-dims=\"1\" loading=\"lazy\" decoding=\"async\" width=\"1024\" height=\"1024\" src=\"https:\/\/i0.wp.com\/dpsg-heldon.de\/wp-content\/uploads\/2021\/12\/IMG_20210926_121952_969.jpg?resize=1024%2C1024&#038;ssl=1\" alt=\"\" data-id=\"3624\" class=\"wp-image-3624\" srcset=\"https:\/\/i0.wp.com\/dpsg-heldon.de\/wp-content\/uploads\/2021\/12\/IMG_20210926_121952_969.jpg?resize=1024%2C1024&amp;ssl=1 1024w, https:\/\/i0.wp.com\/dpsg-heldon.de\/wp-content\/uploads\/2021\/12\/IMG_20210926_121952_969.jpg?resize=300%2C300&amp;ssl=1 300w, https:\/\/i0.wp.com\/dpsg-heldon.de\/wp-content\/uploads\/2021\/12\/IMG_20210926_121952_969.jpg?resize=150%2C150&amp;ssl=1 150w, https:\/\/i0.wp.com\/dpsg-heldon.de\/wp-content\/uploads\/2021\/12\/IMG_20210926_121952_969.jpg?resize=768%2C768&amp;ssl=1 768w, https:\/\/i0.wp.com\/dpsg-heldon.de\/wp-content\/uploads\/2021\/12\/IMG_20210926_121952_969.jpg?resize=750%2C750&amp;ssl=1 750w, https:\/\/i0.wp.com\/dpsg-heldon.de\/wp-content\/uploads\/2021\/12\/IMG_20210926_121952_969.jpg?resize=348%2C348&amp;ssl=1 348w, https:\/\/i0.wp.com\/dpsg-heldon.de\/wp-content\/uploads\/2021\/12\/IMG_20210926_121952_969.jpg?w=1080&amp;ssl=1 1080w\" sizes=\"auto, (max-width: 1000px) 100vw, 1000px\" \/><\/a><\/figure><\/li><li class=\"blocks-gallery-item\"><figure><a href=\"https:\/\/i0.wp.com\/dpsg-heldon.de\/wp-content\/uploads\/2021\/12\/IMG_20210926_121953_034-1024x1024.jpg?ssl=1\"><img data-recalc-dims=\"1\" loading=\"lazy\" decoding=\"async\" width=\"1024\" height=\"1024\" src=\"https:\/\/i0.wp.com\/dpsg-heldon.de\/wp-content\/uploads\/2021\/12\/IMG_20210926_121953_034.jpg?resize=1024%2C1024&#038;ssl=1\" alt=\"\" data-id=\"3625\" class=\"wp-image-3625\" srcset=\"https:\/\/i0.wp.com\/dpsg-heldon.de\/wp-content\/uploads\/2021\/12\/IMG_20210926_121953_034.jpg?resize=1024%2C1024&amp;ssl=1 1024w, https:\/\/i0.wp.com\/dpsg-heldon.de\/wp-content\/uploads\/2021\/12\/IMG_20210926_121953_034.jpg?resize=300%2C300&amp;ssl=1 300w, https:\/\/i0.wp.com\/dpsg-heldon.de\/wp-content\/uploads\/2021\/12\/IMG_20210926_121953_034.jpg?resize=150%2C150&amp;ssl=1 150w, https:\/\/i0.wp.com\/dpsg-heldon.de\/wp-content\/uploads\/2021\/12\/IMG_20210926_121953_034.jpg?resize=768%2C768&amp;ssl=1 768w, https:\/\/i0.wp.com\/dpsg-heldon.de\/wp-content\/uploads\/2021\/12\/IMG_20210926_121953_034.jpg?resize=750%2C750&amp;ssl=1 750w, https:\/\/i0.wp.com\/dpsg-heldon.de\/wp-content\/uploads\/2021\/12\/IMG_20210926_121953_034.jpg?resize=348%2C348&amp;ssl=1 348w, https:\/\/i0.wp.com\/dpsg-heldon.de\/wp-content\/uploads\/2021\/12\/IMG_20210926_121953_034.jpg?w=1080&amp;ssl=1 1080w\" sizes=\"auto, (max-width: 1000px) 100vw, 1000px\" \/><\/a><\/figure><\/li><\/ul><\/figure>\n","protected":false},"excerpt":{"rendered":"<p>Nachdem Corona uns immer wieder den Winterhaik vermasselt hatte, haben wir vom JuStu-AK uns \u00fcberlegt, den Winterhaik in den Herbst zu verlegen. So kam es zur neuen Namensgebung \u2013 Winterhaik goes w\u00e4rmer. Schon einmal vorweg &#8211; alle hatten viel Spa\u00df und waren froh, dass es stattfinden konnte! Insgesamt waren wir 22 Teilnehmer*innen aus 4 St\u00e4mmen&#8230;.<\/p>\n","protected":false},"author":3,"featured_media":0,"parent":39,"menu_order":1,"comment_status":"closed","ping_status":"closed","template":"","meta":{"ngg_post_thumbnail":0,"footnotes":""},"class_list":["post-3584","page","type-page","status-publish","hentry"],"jetpack_sharing_enabled":true,"jetpack_shortlink":"https:\/\/wp.me\/P5rvYL-VO","_links":{"self":[{"href":"https:\/\/dpsg-heldon.de\/index.php?rest_route=\/wp\/v2\/pages\/3584","targetHints":{"allow":["GET"]}}],"collection":[{"href":"https:\/\/dpsg-heldon.de\/index.php?rest_route=\/wp\/v2\/pages"}],"about":[{"href":"https:\/\/dpsg-heldon.de\/index.php?rest_route=\/wp\/v2\/types\/page"}],"author":[{"embeddable":true,"href":"https:\/\/dpsg-heldon.de\/index.php?rest_route=\/wp\/v2\/users\/3"}],"replies":[{"embeddable":true,"href":"https:\/\/dpsg-heldon.de\/index.php?rest_route=%2Fwp%2Fv2%2Fcomments&post=3584"}],"version-history":[{"count":4,"href":"https:\/\/dpsg-heldon.de\/index.php?rest_route=\/wp\/v2\/pages\/3584\/revisions"}],"predecessor-version":[{"id":3626,"href":"https:\/\/dpsg-heldon.de\/index.php?rest_route=\/wp\/v2\/pages\/3584\/revisions\/3626"}],"up":[{"embeddable":true,"href":"https:\/\/dpsg-heldon.de\/index.php?rest_route=\/wp\/v2\/pages\/39"}],"wp:attachment":[{"href":"https:\/\/dpsg-heldon.de\/index.php?rest_route=%2Fwp%2Fv2%2Fmedia&parent=3584"}],"curies":[{"name":"wp","href":"https:\/\/api.w.org\/{rel}","templated":true}]}}