{"id":3803,"date":"2023-01-01T20:53:28","date_gmt":"2023-01-01T20:53:28","guid":{"rendered":"https:\/\/dpsg-heldon.de\/?page_id=3803"},"modified":"2024-12-12T08:51:03","modified_gmt":"2024-12-12T08:51:03","slug":"einladung-zu-den-bezirks-stufenkonferenzen-2023","status":"publish","type":"page","link":"https:\/\/dpsg-heldon.de\/?page_id=3803","title":{"rendered":"Einladung zu den Bezirks-Stufenkonferenzen 2025"},"content":{"rendered":"\n<p>Wir laden euch ganz herzlich zu den Stufenkonferenzen unseres Bezirks ein. Diese finden auch in diesem Jahr online \u00fcber Zoom statt:<br><\/p>\n\n\n\n<p><\/p>\n\n\n\n<div class=\"wp-block-media-text has-media-on-the-right is-stacked-on-mobile\" style=\"grid-template-columns:auto 43%\"><div class=\"wp-block-media-text__content\">\n<p><strong><span style=\"text-decoration: underline;\">Donnerstag, 23.01.2025 um 19.00 Uhr: <\/span><\/strong><br><strong><span style=\"text-decoration: underline;\">W\u00f6bold-Stufenkonferenz<\/span><\/strong><br><strong><span style=\"text-decoration: underline;\">(Zoom-Link folgt nach der Anmeldung)<\/span><\/strong><\/p>\n\n\n\n<p>Nach einem Jahresr\u00fcckblich und -ausblick werden hier die Delegierten f\u00fcr die Bezirksversammlung aus der W\u00f6lflings- und Jungpfadfinder*innen Stufe gew\u00e4hlt. Du bist Leiter*in einer dieser Stufen oder interessierst dich brennend daf\u00fcr, was in den Stufen dieses Jahr stattfindet? Super, dann freuen wir uns auf dich!<\/p>\n\n\n\n<p><strong><span style=\"text-decoration: underline;\">Dienstag, 28.01.2025 um 19.00 Uhr: <\/span><\/strong><br><strong><span style=\"text-decoration: underline;\">JuStu-Stufenkonferenz<\/span><\/strong><br><strong><span style=\"text-decoration: underline;\">(Zoom-Link folgt nach der Anmeldung)<\/span><\/strong><\/p>\n\n\n\n<p>Nach einem Jahresr\u00fcckblich und -ausblick werden hier die Delegierten f\u00fcr die Bezirksversammlung aus der Pfadfinder- und Rover*innen Stufe gew\u00e4hlt. Du bist Leiter*in einer dieser Stufen oder wolltest schon immer mal wissen, was hier abgeht und wie man die Aktionen mitbestimmen kann? Super, dann freuen wir uns auf dich!<\/p>\n<\/div><figure class=\"wp-block-media-text__media\"><img data-recalc-dims=\"1\" loading=\"lazy\" decoding=\"async\" width=\"900\" height=\"1200\" src=\"https:\/\/i0.wp.com\/dpsg-heldon.de\/wp-content\/uploads\/2024\/12\/4.3Astronaut25.jpg?resize=900%2C1200&#038;ssl=1\" alt=\"\" class=\"wp-image-4523 size-full\" srcset=\"https:\/\/i0.wp.com\/dpsg-heldon.de\/wp-content\/uploads\/2024\/12\/4.3Astronaut25.jpg?w=900&amp;ssl=1 900w, https:\/\/i0.wp.com\/dpsg-heldon.de\/wp-content\/uploads\/2024\/12\/4.3Astronaut25.jpg?resize=225%2C300&amp;ssl=1 225w, https:\/\/i0.wp.com\/dpsg-heldon.de\/wp-content\/uploads\/2024\/12\/4.3Astronaut25.jpg?resize=768%2C1024&amp;ssl=1 768w, https:\/\/i0.wp.com\/dpsg-heldon.de\/wp-content\/uploads\/2024\/12\/4.3Astronaut25.jpg?resize=750%2C1000&amp;ssl=1 750w\" sizes=\"auto, (max-width: 900px) 100vw, 900px\" \/><\/figure><\/div>\n\n\n\n<p><\/p>\n\n\n\n<p><br>Bitte meldet euch <strong><span style=\"background-color:rgba(0, 0, 0, 0)\" class=\"has-inline-color has-vivid-red-color\"><a href=\"https:\/\/dpsg-heldon.de\/?page_id=3824\" data-type=\"URL\" data-id=\"https:\/\/dpsg-heldon.de\/?page_id=3824\" target=\"_blank\" rel=\"noreferrer noopener\">hier <\/a><\/span><\/strong>an, damit ihr weitere Infos und die Tagesordnung erhaltet und bei \u00c4nderungen zeitnah informiert werdet!<br><br><strong><mark style=\"background-color:rgba(0, 0, 0, 0)\" class=\"has-inline-color has-vivid-red-color\">Anmeldeschluss ist der 17.01.2025 f\u00fcr die W\u00f6bold-Stuko und der 21.01.2025 f\u00fcr die JuStu-Stuko!<\/mark><\/strong><br><br>PS: in der Anmeldemaske kannst du dich f\u00fcr die Stuko(s), das Bezirkswochenende und\/oder die Bezirksversammlung anmelden!<br><\/p>\n","protected":false},"excerpt":{"rendered":"<p>Wir laden euch ganz herzlich zu den Stufenkonferenzen unseres Bezirks ein. Diese finden auch in diesem Jahr online \u00fcber Zoom statt: Donnerstag, 23.01.2025 um 19.00 Uhr: W\u00f6bold-Stufenkonferenz(Zoom-Link folgt nach der Anmeldung) Nach einem Jahresr\u00fcckblich und -ausblick werden hier die Delegierten f\u00fcr die Bezirksversammlung aus der W\u00f6lflings- und Jungpfadfinder*innen Stufe gew\u00e4hlt. Du bist Leiter*in einer dieser&#8230;<\/p>\n","protected":false},"author":3,"featured_media":0,"parent":4325,"menu_order":0,"comment_status":"closed","ping_status":"closed","template":"","meta":{"ngg_post_thumbnail":0,"footnotes":""},"class_list":["post-3803","page","type-page","status-publish","hentry"],"jetpack_sharing_enabled":true,"jetpack_shortlink":"https:\/\/wp.me\/P5rvYL-Zl","_links":{"self":[{"href":"https:\/\/dpsg-heldon.de\/index.php?rest_route=\/wp\/v2\/pages\/3803","targetHints":{"allow":["GET"]}}],"collection":[{"href":"https:\/\/dpsg-heldon.de\/index.php?rest_route=\/wp\/v2\/pages"}],"about":[{"href":"https:\/\/dpsg-heldon.de\/index.php?rest_route=\/wp\/v2\/types\/page"}],"author":[{"embeddable":true,"href":"https:\/\/dpsg-heldon.de\/index.php?rest_route=\/wp\/v2\/users\/3"}],"replies":[{"embeddable":true,"href":"https:\/\/dpsg-heldon.de\/index.php?rest_route=%2Fwp%2Fv2%2Fcomments&post=3803"}],"version-history":[{"count":22,"href":"https:\/\/dpsg-heldon.de\/index.php?rest_route=\/wp\/v2\/pages\/3803\/revisions"}],"predecessor-version":[{"id":4619,"href":"https:\/\/dpsg-heldon.de\/index.php?rest_route=\/wp\/v2\/pages\/3803\/revisions\/4619"}],"up":[{"embeddable":true,"href":"https:\/\/dpsg-heldon.de\/index.php?rest_route=\/wp\/v2\/pages\/4325"}],"wp:attachment":[{"href":"https:\/\/dpsg-heldon.de\/index.php?rest_route=%2Fwp%2Fv2%2Fmedia&parent=3803"}],"curies":[{"name":"wp","href":"https:\/\/api.w.org\/{rel}","templated":true}]}}