{"id":4070,"date":"2023-11-01T12:32:15","date_gmt":"2023-11-01T12:32:15","guid":{"rendered":"https:\/\/dpsg-heldon.de\/?page_id=4070"},"modified":"2025-08-31T09:28:14","modified_gmt":"2025-08-31T09:28:14","slug":"das-sind-wir","status":"publish","type":"page","link":"https:\/\/dpsg-heldon.de\/?page_id=4070","title":{"rendered":"Das sind wir!"},"content":{"rendered":"\n<div class=\"wp-block-group\"><div class=\"wp-block-group__inner-container is-layout-constrained wp-block-group-is-layout-constrained\">\n<div class=\"wp-block-media-text alignfull is-stacked-on-mobile is-vertically-aligned-center\" style=\"grid-template-columns:28% auto\"><figure class=\"wp-block-media-text__media\"><img data-recalc-dims=\"1\" loading=\"lazy\" decoding=\"async\" width=\"768\" height=\"1024\" src=\"https:\/\/i0.wp.com\/dpsg-heldon.de\/wp-content\/uploads\/2024\/04\/BL-Bild-J2.jpg?resize=768%2C1024&#038;ssl=1\" alt=\"\" class=\"wp-image-4317 size-full\" srcset=\"https:\/\/i0.wp.com\/dpsg-heldon.de\/wp-content\/uploads\/2024\/04\/BL-Bild-J2-scaled.jpg?resize=768%2C1024&amp;ssl=1 768w, https:\/\/i0.wp.com\/dpsg-heldon.de\/wp-content\/uploads\/2024\/04\/BL-Bild-J2-scaled.jpg?resize=225%2C300&amp;ssl=1 225w, https:\/\/i0.wp.com\/dpsg-heldon.de\/wp-content\/uploads\/2024\/04\/BL-Bild-J2-scaled.jpg?resize=1152%2C1536&amp;ssl=1 1152w, https:\/\/i0.wp.com\/dpsg-heldon.de\/wp-content\/uploads\/2024\/04\/BL-Bild-J2-scaled.jpg?resize=1536%2C2048&amp;ssl=1 1536w, https:\/\/i0.wp.com\/dpsg-heldon.de\/wp-content\/uploads\/2024\/04\/BL-Bild-J2-scaled.jpg?resize=750%2C1000&amp;ssl=1 750w, https:\/\/i0.wp.com\/dpsg-heldon.de\/wp-content\/uploads\/2024\/04\/BL-Bild-J2-scaled.jpg?w=1920&amp;ssl=1 1920w\" sizes=\"auto, (max-width: 768px) 100vw, 768px\" \/><\/figure><div class=\"wp-block-media-text__content\">\n<p class=\"has-medium-font-size\">Name: Jakob Krampff<br>Funktion: Vorsitzender<br>Heimatstamm: Georgsgiggel (Einhausen)<br>Aktueller Stamm: Georgsgiggel (Einhausen)<br>Bei der DPSG seit: 2014<br>Was ich au\u00dferhalb der Pfadfinder mache: <br>Chor, Orgel spielen, Sport, Eventtechniker, Mitglied im VzEdT (Verein zur Erhaltung der Tradition)<br><\/p>\n<\/div><\/div>\n\n\n\n<div class=\"wp-block-media-text alignfull is-stacked-on-mobile is-vertically-aligned-center\" style=\"grid-template-columns:28% auto\"><figure class=\"wp-block-media-text__media\"><img data-recalc-dims=\"1\" loading=\"lazy\" decoding=\"async\" width=\"834\" height=\"1024\" src=\"https:\/\/i0.wp.com\/dpsg-heldon.de\/wp-content\/uploads\/2023\/11\/P1180945.jpg?resize=834%2C1024&#038;ssl=1\" alt=\"\" class=\"wp-image-4073 size-full\" srcset=\"https:\/\/i0.wp.com\/dpsg-heldon.de\/wp-content\/uploads\/2023\/11\/P1180945-scaled.jpg?resize=834%2C1024&amp;ssl=1 834w, https:\/\/i0.wp.com\/dpsg-heldon.de\/wp-content\/uploads\/2023\/11\/P1180945-scaled.jpg?resize=244%2C300&amp;ssl=1 244w, https:\/\/i0.wp.com\/dpsg-heldon.de\/wp-content\/uploads\/2023\/11\/P1180945-scaled.jpg?resize=768%2C942&amp;ssl=1 768w, https:\/\/i0.wp.com\/dpsg-heldon.de\/wp-content\/uploads\/2023\/11\/P1180945-scaled.jpg?resize=1252%2C1536&amp;ssl=1 1252w, https:\/\/i0.wp.com\/dpsg-heldon.de\/wp-content\/uploads\/2023\/11\/P1180945-scaled.jpg?resize=1669%2C2048&amp;ssl=1 1669w, https:\/\/i0.wp.com\/dpsg-heldon.de\/wp-content\/uploads\/2023\/11\/P1180945-scaled.jpg?resize=750%2C920&amp;ssl=1 750w, https:\/\/i0.wp.com\/dpsg-heldon.de\/wp-content\/uploads\/2023\/11\/P1180945-scaled.jpg?w=2000&amp;ssl=1 2000w\" sizes=\"auto, (max-width: 834px) 100vw, 834px\" \/><\/figure><div class=\"wp-block-media-text__content\">\n<p class=\"has-medium-font-size\">Name: Thomas \u201eOtti\u201c Ottenbacher<br>Funktion: Vorsitzender<br>Heimatstamm: Dieburg<br>Aktueller Stamm: Dieburg<br>Bei der DPSG seit: 1984<br>Was ich au\u00dferhalb der Pfadfinder mache: <br>Amateurfunk OV Ober-Ramstadt, Viva con Agua Crew Darmstadt, Gitarre spielen<\/p>\n<\/div><\/div>\n\n\n\n<div class=\"wp-block-media-text alignfull is-stacked-on-mobile is-vertically-aligned-center\" style=\"grid-template-columns:28% auto\"><figure class=\"wp-block-media-text__media\"><img data-recalc-dims=\"1\" loading=\"lazy\" decoding=\"async\" width=\"837\" height=\"1024\" src=\"https:\/\/i0.wp.com\/dpsg-heldon.de\/wp-content\/uploads\/2023\/11\/P1180964.jpg?resize=837%2C1024&#038;ssl=1\" alt=\"\" class=\"wp-image-4076 size-full\" srcset=\"https:\/\/i0.wp.com\/dpsg-heldon.de\/wp-content\/uploads\/2023\/11\/P1180964-scaled.jpg?resize=837%2C1024&amp;ssl=1 837w, https:\/\/i0.wp.com\/dpsg-heldon.de\/wp-content\/uploads\/2023\/11\/P1180964-scaled.jpg?resize=245%2C300&amp;ssl=1 245w, https:\/\/i0.wp.com\/dpsg-heldon.de\/wp-content\/uploads\/2023\/11\/P1180964-scaled.jpg?resize=768%2C939&amp;ssl=1 768w, https:\/\/i0.wp.com\/dpsg-heldon.de\/wp-content\/uploads\/2023\/11\/P1180964-scaled.jpg?resize=1256%2C1536&amp;ssl=1 1256w, https:\/\/i0.wp.com\/dpsg-heldon.de\/wp-content\/uploads\/2023\/11\/P1180964-scaled.jpg?resize=1674%2C2048&amp;ssl=1 1674w, https:\/\/i0.wp.com\/dpsg-heldon.de\/wp-content\/uploads\/2023\/11\/P1180964-scaled.jpg?resize=750%2C917&amp;ssl=1 750w, https:\/\/i0.wp.com\/dpsg-heldon.de\/wp-content\/uploads\/2023\/11\/P1180964-scaled.jpg?w=2000&amp;ssl=1 2000w\" sizes=\"auto, (max-width: 837px) 100vw, 837px\" \/><\/figure><div class=\"wp-block-media-text__content\">\n<p class=\"has-medium-font-size\">Name: Fabian Lankau<br>Funktion: Referent W\u00f6lflingsstufe<br>Heimatstamm: St. Bartholom\u00e4us (Gro\u00df-Zimmern)<br>Aktueller Stamm: St. Bartholom\u00e4us (Gro\u00df-Zimmern)<br>Bei der DPSG seit: 1999<br>Was ich au\u00dferhalb der Pfadfinder mache: <br>Politik, Lesen, ehrenamtliche Arbeit in Vereinen<\/p>\n<\/div><\/div>\n\n\n\n<div class=\"wp-block-media-text alignfull is-stacked-on-mobile is-vertically-aligned-center\" style=\"grid-template-columns:28% auto\"><figure class=\"wp-block-media-text__media\"><img data-recalc-dims=\"1\" loading=\"lazy\" decoding=\"async\" width=\"949\" height=\"1024\" src=\"https:\/\/i0.wp.com\/dpsg-heldon.de\/wp-content\/uploads\/2023\/11\/P1180979.jpg?resize=949%2C1024&#038;ssl=1\" alt=\"\" class=\"wp-image-4078 size-full\" srcset=\"https:\/\/i0.wp.com\/dpsg-heldon.de\/wp-content\/uploads\/2023\/11\/P1180979-scaled.jpg?resize=949%2C1024&amp;ssl=1 949w, https:\/\/i0.wp.com\/dpsg-heldon.de\/wp-content\/uploads\/2023\/11\/P1180979-scaled.jpg?resize=278%2C300&amp;ssl=1 278w, https:\/\/i0.wp.com\/dpsg-heldon.de\/wp-content\/uploads\/2023\/11\/P1180979-scaled.jpg?resize=768%2C829&amp;ssl=1 768w, https:\/\/i0.wp.com\/dpsg-heldon.de\/wp-content\/uploads\/2023\/11\/P1180979-scaled.jpg?resize=1423%2C1536&amp;ssl=1 1423w, https:\/\/i0.wp.com\/dpsg-heldon.de\/wp-content\/uploads\/2023\/11\/P1180979-scaled.jpg?resize=1897%2C2048&amp;ssl=1 1897w, https:\/\/i0.wp.com\/dpsg-heldon.de\/wp-content\/uploads\/2023\/11\/P1180979-scaled.jpg?resize=750%2C810&amp;ssl=1 750w, https:\/\/i0.wp.com\/dpsg-heldon.de\/wp-content\/uploads\/2023\/11\/P1180979-scaled.jpg?w=2000&amp;ssl=1 2000w\" sizes=\"auto, (max-width: 949px) 100vw, 949px\" \/><\/figure><div class=\"wp-block-media-text__content\">\n<p class=\"has-medium-font-size\">Name: Carola Richter<br>Funktion: Referentin Pfadistufe<br>Heimatstamm: Georgsgiggel (Einhausen)<br>Aktueller Stamm: Georgsgiggel (Einhausen)<br>Bei der DPSG seit: 2008<br>Was ich au\u00dferhalb der Pfadfinder mache: <br>Mitglied im VzEdT (Verein zur Erhaltung der Tradition), Handball, Tanzen im Vereinsballett<\/p>\n<\/div><\/div>\n\n\n\n<div class=\"wp-block-media-text alignfull is-stacked-on-mobile is-vertically-aligned-center\" style=\"grid-template-columns:28% auto\"><figure class=\"wp-block-media-text__media\"><img data-recalc-dims=\"1\" loading=\"lazy\" decoding=\"async\" width=\"800\" height=\"1024\" src=\"https:\/\/i0.wp.com\/dpsg-heldon.de\/wp-content\/uploads\/2023\/11\/P1180947.jpg?resize=800%2C1024&#038;ssl=1\" alt=\"\" class=\"wp-image-4074 size-full\" srcset=\"https:\/\/i0.wp.com\/dpsg-heldon.de\/wp-content\/uploads\/2023\/11\/P1180947-scaled.jpg?resize=800%2C1024&amp;ssl=1 800w, https:\/\/i0.wp.com\/dpsg-heldon.de\/wp-content\/uploads\/2023\/11\/P1180947-scaled.jpg?resize=234%2C300&amp;ssl=1 234w, https:\/\/i0.wp.com\/dpsg-heldon.de\/wp-content\/uploads\/2023\/11\/P1180947-scaled.jpg?resize=768%2C983&amp;ssl=1 768w, https:\/\/i0.wp.com\/dpsg-heldon.de\/wp-content\/uploads\/2023\/11\/P1180947-scaled.jpg?resize=1199%2C1536&amp;ssl=1 1199w, https:\/\/i0.wp.com\/dpsg-heldon.de\/wp-content\/uploads\/2023\/11\/P1180947-scaled.jpg?resize=1599%2C2048&amp;ssl=1 1599w, https:\/\/i0.wp.com\/dpsg-heldon.de\/wp-content\/uploads\/2023\/11\/P1180947-scaled.jpg?resize=750%2C960&amp;ssl=1 750w, https:\/\/i0.wp.com\/dpsg-heldon.de\/wp-content\/uploads\/2023\/11\/P1180947-scaled.jpg?w=1999&amp;ssl=1 1999w\" sizes=\"auto, (max-width: 800px) 100vw, 800px\" \/><\/figure><div class=\"wp-block-media-text__content\">\n<p class=\"has-medium-font-size\">Name: Thorsten Ernst<br>Funktion: Referent Rover-Stufe<br>Heimatstamm: Georgsgiggel (Einhausen)<br>Aktueller Stamm: Georgsgiggel (Einhausen)<br>Bei der DPSG seit: 2016<br>Was ich au\u00dferhalb der Pfadfinder mache: <br>Sport, Lego bauen und sammeln<\/p>\n<\/div><\/div>\n\n\n\n<div class=\"wp-block-media-text alignfull is-stacked-on-mobile is-vertically-aligned-center\" style=\"grid-template-columns:28% auto\"><figure class=\"wp-block-media-text__media\"><img data-recalc-dims=\"1\" loading=\"lazy\" decoding=\"async\" width=\"987\" height=\"1024\" src=\"https:\/\/i0.wp.com\/dpsg-heldon.de\/wp-content\/uploads\/2023\/11\/P1180968.jpg?resize=987%2C1024&#038;ssl=1\" alt=\"\" class=\"wp-image-4077 size-full\" srcset=\"https:\/\/i0.wp.com\/dpsg-heldon.de\/wp-content\/uploads\/2023\/11\/P1180968.jpg?resize=987%2C1024&amp;ssl=1 987w, https:\/\/i0.wp.com\/dpsg-heldon.de\/wp-content\/uploads\/2023\/11\/P1180968.jpg?resize=289%2C300&amp;ssl=1 289w, https:\/\/i0.wp.com\/dpsg-heldon.de\/wp-content\/uploads\/2023\/11\/P1180968.jpg?resize=768%2C797&amp;ssl=1 768w, https:\/\/i0.wp.com\/dpsg-heldon.de\/wp-content\/uploads\/2023\/11\/P1180968.jpg?resize=1481%2C1536&amp;ssl=1 1481w, https:\/\/i0.wp.com\/dpsg-heldon.de\/wp-content\/uploads\/2023\/11\/P1180968.jpg?resize=750%2C778&amp;ssl=1 750w, https:\/\/i0.wp.com\/dpsg-heldon.de\/wp-content\/uploads\/2023\/11\/P1180968.jpg?w=1875&amp;ssl=1 1875w\" sizes=\"auto, (max-width: 987px) 100vw, 987px\" \/><\/figure><div class=\"wp-block-media-text__content\">\n<p class=\"has-medium-font-size\">Name: Astrid Braunschweig<br>Funktion: Referentin Ausbildung<br>Heimatstamm: St. Theresia (Bochum-Wattenscheid-Eppendorf)<br>Aktueller Stamm: keiner<br>Bei der DPSG seit: 1991<br>Was ich au\u00dferhalb der Pfadfinder mache: 2 Kinder, Fastnachtstanzgruppe \u201eT(r)inkerbells\u201c<\/p>\n<\/div><\/div>\n<\/div><\/div>\n","protected":false},"excerpt":{"rendered":"<p>Name: Jakob KrampffFunktion: VorsitzenderHeimatstamm: Georgsgiggel (Einhausen)Aktueller Stamm: Georgsgiggel (Einhausen)Bei der DPSG seit: 2014Was ich au\u00dferhalb der Pfadfinder mache: Chor, Orgel spielen, Sport, Eventtechniker, Mitglied im VzEdT (Verein zur Erhaltung der Tradition) Name: Thomas \u201eOtti\u201c OttenbacherFunktion: VorsitzenderHeimatstamm: DieburgAktueller Stamm: DieburgBei der DPSG seit: 1984Was ich au\u00dferhalb der Pfadfinder mache: Amateurfunk OV Ober-Ramstadt, Viva con Agua Crew&#8230;<\/p>\n","protected":false},"author":3,"featured_media":0,"parent":207,"menu_order":1,"comment_status":"closed","ping_status":"closed","template":"","meta":{"ngg_post_thumbnail":0,"footnotes":""},"class_list":["post-4070","page","type-page","status-publish","hentry"],"jetpack_sharing_enabled":true,"jetpack_shortlink":"https:\/\/wp.me\/P5rvYL-13E","_links":{"self":[{"href":"https:\/\/dpsg-heldon.de\/index.php?rest_route=\/wp\/v2\/pages\/4070","targetHints":{"allow":["GET"]}}],"collection":[{"href":"https:\/\/dpsg-heldon.de\/index.php?rest_route=\/wp\/v2\/pages"}],"about":[{"href":"https:\/\/dpsg-heldon.de\/index.php?rest_route=\/wp\/v2\/types\/page"}],"author":[{"embeddable":true,"href":"https:\/\/dpsg-heldon.de\/index.php?rest_route=\/wp\/v2\/users\/3"}],"replies":[{"embeddable":true,"href":"https:\/\/dpsg-heldon.de\/index.php?rest_route=%2Fwp%2Fv2%2Fcomments&post=4070"}],"version-history":[{"count":13,"href":"https:\/\/dpsg-heldon.de\/index.php?rest_route=\/wp\/v2\/pages\/4070\/revisions"}],"predecessor-version":[{"id":4939,"href":"https:\/\/dpsg-heldon.de\/index.php?rest_route=\/wp\/v2\/pages\/4070\/revisions\/4939"}],"up":[{"embeddable":true,"href":"https:\/\/dpsg-heldon.de\/index.php?rest_route=\/wp\/v2\/pages\/207"}],"wp:attachment":[{"href":"https:\/\/dpsg-heldon.de\/index.php?rest_route=%2Fwp%2Fv2%2Fmedia&parent=4070"}],"curies":[{"name":"wp","href":"https:\/\/api.w.org\/{rel}","templated":true}]}}