{"id":4148,"date":"2023-12-01T20:43:37","date_gmt":"2023-12-01T20:43:37","guid":{"rendered":"https:\/\/dpsg-heldon.de\/?page_id=4148"},"modified":"2025-01-24T17:49:48","modified_gmt":"2025-01-24T17:49:48","slug":"bezirksversammlung-am-18-02-2024","status":"publish","type":"page","link":"https:\/\/dpsg-heldon.de\/?page_id=4148","title":{"rendered":"Bezirksversammlung am 09.02.2025"},"content":{"rendered":"\n<figure class=\"wp-block-image size-large\"><a href=\"https:\/\/i0.wp.com\/dpsg-heldon.de\/wp-content\/uploads\/2024\/12\/BV2025-1.png?ssl=1\"><img data-recalc-dims=\"1\" loading=\"lazy\" decoding=\"async\" width=\"1024\" height=\"382\" src=\"https:\/\/i0.wp.com\/dpsg-heldon.de\/wp-content\/uploads\/2024\/12\/BV2025-1.png?resize=1024%2C382&#038;ssl=1\" alt=\"\" class=\"wp-image-4516\" srcset=\"https:\/\/i0.wp.com\/dpsg-heldon.de\/wp-content\/uploads\/2024\/12\/BV2025-1.png?resize=1024%2C382&amp;ssl=1 1024w, https:\/\/i0.wp.com\/dpsg-heldon.de\/wp-content\/uploads\/2024\/12\/BV2025-1.png?resize=300%2C112&amp;ssl=1 300w, https:\/\/i0.wp.com\/dpsg-heldon.de\/wp-content\/uploads\/2024\/12\/BV2025-1.png?resize=768%2C287&amp;ssl=1 768w, https:\/\/i0.wp.com\/dpsg-heldon.de\/wp-content\/uploads\/2024\/12\/BV2025-1.png?resize=1536%2C573&amp;ssl=1 1536w, https:\/\/i0.wp.com\/dpsg-heldon.de\/wp-content\/uploads\/2024\/12\/BV2025-1.png?resize=2048%2C764&amp;ssl=1 2048w, https:\/\/i0.wp.com\/dpsg-heldon.de\/wp-content\/uploads\/2024\/12\/BV2025-1.png?resize=750%2C280&amp;ssl=1 750w, https:\/\/i0.wp.com\/dpsg-heldon.de\/wp-content\/uploads\/2024\/12\/BV2025-1.png?resize=400%2C150&amp;ssl=1 400w\" sizes=\"auto, (max-width: 1000px) 100vw, 1000px\" \/><\/a><\/figure>\n\n\n\n<p>Hiermit laden wir Euch herzlich zur ordentlichen Bezirksversammlung am 09.02.2025, beginnend um 10:00 Uhr, ein. Wir freuen uns \u00fcber zahlreiche Stavos und Kurat*innen und, falls verhindert, Delegierte der St\u00e4mme sowie G\u00e4ste. Die Versammlung findet auf der Starkenburg in Heppenheim statt.<\/p>\n\n\n\n<p><strong><mark style=\"background-color:rgba(0, 0, 0, 0)\" class=\"has-inline-color has-vivid-red-color\">Anmeldeschluss ist der 22.01.2025!<\/mark><\/strong> <br>Die Anmeldung findet ihr <a href=\"https:\/\/dpsg-heldon.de\/?page_id=3824\" data-type=\"link\" data-id=\"https:\/\/dpsg-heldon.de\/?page_id=3824\" target=\"_blank\" rel=\"noreferrer noopener\">hier<\/a>.<br><br><strong>Tagesordnung der Bezirksversammlung<\/strong><\/p>\n\n\n\n<ol class=\"wp-block-list\">\n<li>Begr\u00fc\u00dfung \/ Impuls<\/li>\n\n\n\n<li>Feststellung der Beschlussf\u00e4higkeit<\/li>\n\n\n\n<li>Abstimmung \u00fcber Tagesordnung<\/li>\n\n\n\n<li>Bericht des Vorstandes<\/li>\n\n\n\n<li>Berichte der Stufen, Heldon Tour, BDKJ\/KJB, DL<\/li>\n\n\n\n<li>Kassenbericht<\/li>\n\n\n\n<li>Bericht der Kassenpr\u00fcfer*innen<\/li>\n\n\n\n<li>Wahlen<\/li>\n\n\n\n<li>Antr\u00e4ge*<\/li>\n\n\n\n<li>Aktionen und Termine 2025<\/li>\n\n\n\n<li>Verschiedenes<\/li>\n<\/ol>\n\n\n\n<p>*<strong>Antr\u00e4ge m\u00fcssen fristgerecht bis zum 26. Januar 2025 bei der Bezirksleitung eingereicht werden.&nbsp;<br><\/strong><\/p>\n\n\n\n<p><\/p>\n","protected":false},"excerpt":{"rendered":"<p>Hiermit laden wir Euch herzlich zur ordentlichen Bezirksversammlung am 09.02.2025, beginnend um 10:00 Uhr, ein. Wir freuen uns \u00fcber zahlreiche Stavos und Kurat*innen und, falls verhindert, Delegierte der St\u00e4mme sowie G\u00e4ste. Die Versammlung findet auf der Starkenburg in Heppenheim statt. Anmeldeschluss ist der 22.01.2025! Die Anmeldung findet ihr hier. Tagesordnung der Bezirksversammlung *Antr\u00e4ge m\u00fcssen fristgerecht&#8230;<\/p>\n","protected":false},"author":3,"featured_media":0,"parent":4325,"menu_order":0,"comment_status":"closed","ping_status":"closed","template":"","meta":{"ngg_post_thumbnail":0,"footnotes":""},"class_list":["post-4148","page","type-page","status-publish","hentry"],"jetpack_sharing_enabled":true,"jetpack_shortlink":"https:\/\/wp.me\/P5rvYL-14U","_links":{"self":[{"href":"https:\/\/dpsg-heldon.de\/index.php?rest_route=\/wp\/v2\/pages\/4148","targetHints":{"allow":["GET"]}}],"collection":[{"href":"https:\/\/dpsg-heldon.de\/index.php?rest_route=\/wp\/v2\/pages"}],"about":[{"href":"https:\/\/dpsg-heldon.de\/index.php?rest_route=\/wp\/v2\/types\/page"}],"author":[{"embeddable":true,"href":"https:\/\/dpsg-heldon.de\/index.php?rest_route=\/wp\/v2\/users\/3"}],"replies":[{"embeddable":true,"href":"https:\/\/dpsg-heldon.de\/index.php?rest_route=%2Fwp%2Fv2%2Fcomments&post=4148"}],"version-history":[{"count":7,"href":"https:\/\/dpsg-heldon.de\/index.php?rest_route=\/wp\/v2\/pages\/4148\/revisions"}],"predecessor-version":[{"id":4721,"href":"https:\/\/dpsg-heldon.de\/index.php?rest_route=\/wp\/v2\/pages\/4148\/revisions\/4721"}],"up":[{"embeddable":true,"href":"https:\/\/dpsg-heldon.de\/index.php?rest_route=\/wp\/v2\/pages\/4325"}],"wp:attachment":[{"href":"https:\/\/dpsg-heldon.de\/index.php?rest_route=%2Fwp%2Fv2%2Fmedia&parent=4148"}],"curies":[{"name":"wp","href":"https:\/\/api.w.org\/{rel}","templated":true}]}}