{"id":42,"date":"2014-12-07T14:10:06","date_gmt":"2014-12-07T14:10:06","guid":{"rendered":"http:\/\/dpsg-heldon.de\/?page_id=42"},"modified":"2026-01-04T18:36:09","modified_gmt":"2026-01-04T18:36:09","slug":"staemme","status":"publish","type":"page","link":"https:\/\/dpsg-heldon.de\/?page_id=42","title":{"rendered":"St\u00e4mme"},"content":{"rendered":"<p>Im Bezirk gibt es folgende St\u00e4mme:<\/p>\n<p><a href=\"https:\/\/i0.wp.com\/dpsg-heldon.de\/wp-content\/uploads\/2014\/12\/KarteHeldon.png\"><img data-recalc-dims=\"1\" loading=\"lazy\" decoding=\"async\" class=\"alignright wp-image-63\" src=\"https:\/\/i0.wp.com\/dpsg-heldon.de\/wp-content\/uploads\/2014\/12\/KarteHeldon-300x266.png?resize=379%2C337\" alt=\"KarteHeldon\" width=\"379\" height=\"337\" srcset=\"https:\/\/i0.wp.com\/dpsg-heldon.de\/wp-content\/uploads\/2014\/12\/KarteHeldon.png?resize=300%2C266&amp;ssl=1 300w, https:\/\/i0.wp.com\/dpsg-heldon.de\/wp-content\/uploads\/2014\/12\/KarteHeldon.png?resize=1024%2C908&amp;ssl=1 1024w, https:\/\/i0.wp.com\/dpsg-heldon.de\/wp-content\/uploads\/2014\/12\/KarteHeldon.png?resize=750%2C665&amp;ssl=1 750w, https:\/\/i0.wp.com\/dpsg-heldon.de\/wp-content\/uploads\/2014\/12\/KarteHeldon.png?w=1240&amp;ssl=1 1240w\" sizes=\"auto, (max-width: 379px) 100vw, 379px\" \/><\/a><\/p>\n<ul>\n<li><a href=\"http:\/\/www.dpsg-arheilgen.de\/\">Arheilgen &#8211; Heilig Geist<\/a><\/li>\n<li><a href=\"http:\/\/www.dpsg-odenwald.de\">Breuberg-H\u00f6chst<\/a><\/li>\n<li><a href=\"http:\/\/www.dpsgbuerstadt.de\/\">B\u00fcrstadt &#8211; Bruder Feuer<\/a><\/li>\n<li><a href=\"http:\/\/www.dpsg-darmstadt-liebfrauen.de\">Darmstadt-Liebfrauen<\/a><\/li>\n<li><a href=\"http:\/\/www.dpsg-dieburg.de\/\">Dieburg <\/a><\/li>\n<li><a href=\"https:\/\/pfadfinder-einhausen.de\/\">Einhausen &#8211; Georgsgiggel<\/a><\/li>\n<li><a href=\"http:\/\/www.dpsg-gross-zimmern.de\/\">Gro\u00df-Zimmern &#8211; St. Bartholom\u00e4us<\/a><\/li>\n<li><a href=\"http:\/\/dpsg-heppenheim.de\/\">Heppenheim &#8211; St. Peter<\/a><\/li>\n<li><a href=\"http:\/\/dpsg-michelstadt.de\/\" target=\"_blank\" rel=\"noopener noreferrer\">Michelstadt &#8211; St. Christophorus<\/a><\/li>\n<li><a href=\"http:\/\/www.dpsglampertheim.de\/\">Lampertheim &#8211; Guy de Larigaudie<\/a><\/li>\n<li><a href=\"http:\/\/www.pfadfinder-lorsch.de\/\">Lorsch &#8211; St. Nazarius<\/a><\/li>\n<li><a href=\"http:\/\/www.pfadfinder-muenster.de\">M\u00fcnster &#8211; St. Michael<\/a><\/li>\n<li><a href=\"http:\/\/www.dpsg-seeheim.de\/\">Seeheim-Jugenheim &#8211; St. Bonifatius <\/a><\/li>\n<li><a href=\"http:\/\/www.dpsg-jugenheim.de\/\">Seeheim-Jugenheim &#8211; Ulrich von M\u00fcnzenberg<\/a><\/li>\n<li><a href=\"https:\/\/pfadfinder-viernheim.de\/\">Viernheim &#8211; Folke Bernadotte<\/a><\/li>\n<li><a href=\"http:\/\/www.dpsg-weiterstadt.de\/\">Weiterstadt &#8211; St. Johannes der T\u00e4ufer<\/a><\/li>\n<\/ul>\n","protected":false},"excerpt":{"rendered":"<p>Im Bezirk gibt es folgende St\u00e4mme: Arheilgen &#8211; Heilig Geist Breuberg-H\u00f6chst B\u00fcrstadt &#8211; Bruder Feuer Darmstadt-Liebfrauen Dieburg Einhausen &#8211; Georgsgiggel Gro\u00df-Zimmern &#8211; St. Bartholom\u00e4us Heppenheim &#8211; St. Peter Michelstadt &#8211; St. Christophorus Lampertheim &#8211; Guy de Larigaudie Lorsch &#8211; St. Nazarius M\u00fcnster &#8211; St. Michael Seeheim-Jugenheim &#8211; St. Bonifatius Seeheim-Jugenheim &#8211; Ulrich von M\u00fcnzenberg Viernheim&#8230;<\/p>\n","protected":false},"author":3,"featured_media":0,"parent":2,"menu_order":0,"comment_status":"open","ping_status":"open","template":"","meta":{"ngg_post_thumbnail":0,"footnotes":""},"class_list":["post-42","page","type-page","status-publish","hentry"],"jetpack_sharing_enabled":true,"jetpack_shortlink":"https:\/\/wp.me\/P5rvYL-G","_links":{"self":[{"href":"https:\/\/dpsg-heldon.de\/index.php?rest_route=\/wp\/v2\/pages\/42","targetHints":{"allow":["GET"]}}],"collection":[{"href":"https:\/\/dpsg-heldon.de\/index.php?rest_route=\/wp\/v2\/pages"}],"about":[{"href":"https:\/\/dpsg-heldon.de\/index.php?rest_route=\/wp\/v2\/types\/page"}],"author":[{"embeddable":true,"href":"https:\/\/dpsg-heldon.de\/index.php?rest_route=\/wp\/v2\/users\/3"}],"replies":[{"embeddable":true,"href":"https:\/\/dpsg-heldon.de\/index.php?rest_route=%2Fwp%2Fv2%2Fcomments&post=42"}],"version-history":[{"count":22,"href":"https:\/\/dpsg-heldon.de\/index.php?rest_route=\/wp\/v2\/pages\/42\/revisions"}],"predecessor-version":[{"id":5107,"href":"https:\/\/dpsg-heldon.de\/index.php?rest_route=\/wp\/v2\/pages\/42\/revisions\/5107"}],"up":[{"embeddable":true,"href":"https:\/\/dpsg-heldon.de\/index.php?rest_route=\/wp\/v2\/pages\/2"}],"wp:attachment":[{"href":"https:\/\/dpsg-heldon.de\/index.php?rest_route=%2Fwp%2Fv2%2Fmedia&parent=42"}],"curies":[{"name":"wp","href":"https:\/\/api.w.org\/{rel}","templated":true}]}}