{"id":43,"date":"2014-12-07T14:55:30","date_gmt":"2014-12-07T14:55:30","guid":{"rendered":"http:\/\/dpsg-heldon.de\/?page_id=43"},"modified":"2026-03-18T21:22:30","modified_gmt":"2026-03-18T21:22:30","slug":"ausbildung","status":"publish","type":"page","link":"https:\/\/dpsg-heldon.de\/?page_id=43","title":{"rendered":"Ausbildung"},"content":{"rendered":"<table>\n<tbody>\n<tr>\n<td><strong><a href=\"https:\/\/i0.wp.com\/dpsg-heldon.de\/wp-content\/uploads\/2014\/12\/Woodbadge.jpg\"><img data-recalc-dims=\"1\" loading=\"lazy\" decoding=\"async\" class=\"wp-image-102 alignnone\" src=\"https:\/\/i0.wp.com\/dpsg-heldon.de\/wp-content\/uploads\/2014\/12\/Woodbadge-300x154.jpg?resize=189%2C97\" alt=\"Woodbadge\" width=\"189\" height=\"97\" srcset=\"https:\/\/i0.wp.com\/dpsg-heldon.de\/wp-content\/uploads\/2014\/12\/Woodbadge.jpg?resize=300%2C154&amp;ssl=1 300w, https:\/\/i0.wp.com\/dpsg-heldon.de\/wp-content\/uploads\/2014\/12\/Woodbadge.jpg?resize=1024%2C526&amp;ssl=1 1024w, https:\/\/i0.wp.com\/dpsg-heldon.de\/wp-content\/uploads\/2014\/12\/Woodbadge.jpg?resize=750%2C385&amp;ssl=1 750w, https:\/\/i0.wp.com\/dpsg-heldon.de\/wp-content\/uploads\/2014\/12\/Woodbadge.jpg?w=1177&amp;ssl=1 1177w\" sizes=\"auto, (max-width: 189px) 100vw, 189px\" \/><\/a><\/strong>&nbsp;&nbsp;&nbsp;&nbsp;&nbsp;&nbsp;&nbsp;&nbsp;&nbsp;&nbsp;&nbsp;&nbsp;&nbsp;&nbsp;&nbsp;&nbsp;<\/p>\n<p><strong>Bei der DPSG gibt es ein gesamtverbandliches Ausbildungskonzept<br \/>\n&#8211; die &#8222;Woodbadge-Ausbildung&#8220;.<\/strong><\/p>\n<p>Diese unterteilt sich in drei Phasen:<a href=\"https:\/\/i0.wp.com\/dpsg-heldon.de\/wp-content\/uploads\/2014\/12\/ausbildungspfeil2015.jpg\"><img data-recalc-dims=\"1\" loading=\"lazy\" decoding=\"async\" class=\"wp-image-1965 alignright\" src=\"https:\/\/i0.wp.com\/dpsg-heldon.de\/wp-content\/uploads\/2014\/12\/ausbildungspfeil2015-212x300.jpg?resize=400%2C566\" width=\"400\" height=\"566\" srcset=\"https:\/\/i0.wp.com\/dpsg-heldon.de\/wp-content\/uploads\/2014\/12\/ausbildungspfeil2015.jpg?resize=212%2C300&amp;ssl=1 212w, https:\/\/i0.wp.com\/dpsg-heldon.de\/wp-content\/uploads\/2014\/12\/ausbildungspfeil2015.jpg?resize=768%2C1089&amp;ssl=1 768w, https:\/\/i0.wp.com\/dpsg-heldon.de\/wp-content\/uploads\/2014\/12\/ausbildungspfeil2015.jpg?resize=722%2C1024&amp;ssl=1 722w, https:\/\/i0.wp.com\/dpsg-heldon.de\/wp-content\/uploads\/2014\/12\/ausbildungspfeil2015.jpg?resize=750%2C1064&amp;ssl=1 750w, https:\/\/i0.wp.com\/dpsg-heldon.de\/wp-content\/uploads\/2014\/12\/ausbildungspfeil2015.jpg?w=2000&amp;ssl=1 2000w\" sizes=\"auto, (max-width: 400px) 100vw, 400px\" \/><\/a><\/p>\n<ul>\n<li>den Einstieg und die Praxisbegleitung<\/li>\n<li>die Woodbadge-Module<\/li>\n<li>den Woodbadge-Kurs und die Woodbadge-Reflexion<\/li>\n<\/ul>\n<p>Die Ausbildung beginnt f\u00fcr Neu-Gruppenleiter*innen in der Leiterrunde mit dem Einstieg.<\/p>\n<p>Dort werden die Motivation und die Grundlagen des Leiterseins und die Gestaltung und Organisation der Gruppenstunde erarbeitet. Da der Einstieg aus diesen 4 Teilen besteht, wird er auch &#8222;4-Akte&#8220; genannt. Es ist vorgesehen, dass dieser in den St\u00e4mmen durchgef\u00fchrt wird. Da es f\u00fcr einige St\u00e4mme organisatorisch schwierig ist, wird bei Bedarf ein 4-Akte-Tag vom Bezirk angeboten.<\/p>\n<p>Im Rahmen einer Praxisbegleitung sammeln die Gruppenleiter*innen dann erste Leitungserfahrung, meist gemeinsam mit langj\u00e4hrig erfahrenen Leitern.<\/p>\n<p>Der Gro\u00dfteil der Woodbadge-Module wird bei uns auf Bezirksebene durchgef\u00fchrt. An den beiden &#8222;HeldonTour&#8220; Wochenenden bekommen die Leitenden neue Ideen, Methoden, Rechte\/Pflichten, Pfadfindergeschichte und viele andere n\u00fctzliche Dinge mit auf den Weg.<\/p>\n<p><strong>Der n\u00e4chste Kurs findet wie folgt statt:<\/strong><\/p>\n<p><strong><span style=\"color: #800080;\"><span style=\"color: #000000;\">4 Akte Bausteintag:<br \/>\n<\/span><\/span><\/strong><strong><span style=\"color: #800080;\"><span style=\"color: #000000;\">Samstag, 13.09.2026, in Arheilgen<\/span><\/span><\/strong><\/p>\n<p><strong><span style=\"color: #800080;\"><span style=\"color: #000000;\">Heldon Tour I: 09. &#8211; 11.10.2026 in Maria Einsiedel<br \/>\nDigitaler Abend: Mittwoch, 21.10.2026, von 20.00 &#8211; ca. 21.30 Uhr<br \/>\n<\/span><\/span><\/strong><strong><span style=\"color: #800080;\"><span style=\"color: #000000;\">Heldon Tour II: 30.10. &#8211; 01.11.2026 in Maria Einsiedel<\/span><\/span><\/strong><\/p>\n<p><strong>Den Flyer dazu findet ihr <a href=\"https:\/\/dpsg-heldon.de\/wp-content\/uploads\/2026\/03\/Flyer_Heldon-Tour2026.pdf\" data-wplink-edit=\"true\">hier<\/a>!<br \/>\n<\/strong><strong>Und zur&nbsp;Anmeldung geht&#8217;s <a href=\"https:\/\/dpsg-heldon.de\/?page_id=4263\" target=\"_blank\" rel=\"noopener\">hier<\/a> entlang!<\/strong><\/p>\n<p><a href=\"https:\/\/i0.wp.com\/dpsg-heldon.de\/wp-content\/uploads\/2014\/12\/HeldonTour.png\"><img data-recalc-dims=\"1\" loading=\"lazy\" decoding=\"async\" class=\"wp-image-1961 aligncenter\" src=\"https:\/\/i0.wp.com\/dpsg-heldon.de\/wp-content\/uploads\/2014\/12\/HeldonTour-294x300.png?resize=247%2C252\" width=\"247\" height=\"252\" srcset=\"https:\/\/i0.wp.com\/dpsg-heldon.de\/wp-content\/uploads\/2014\/12\/HeldonTour.png?resize=294%2C300&amp;ssl=1 294w, https:\/\/i0.wp.com\/dpsg-heldon.de\/wp-content\/uploads\/2014\/12\/HeldonTour.png?resize=768%2C783&amp;ssl=1 768w, https:\/\/i0.wp.com\/dpsg-heldon.de\/wp-content\/uploads\/2014\/12\/HeldonTour.png?resize=1005%2C1024&amp;ssl=1 1005w, https:\/\/i0.wp.com\/dpsg-heldon.de\/wp-content\/uploads\/2014\/12\/HeldonTour.png?resize=750%2C764&amp;ssl=1 750w, https:\/\/i0.wp.com\/dpsg-heldon.de\/wp-content\/uploads\/2014\/12\/HeldonTour.png?w=1403&amp;ssl=1 1403w\" sizes=\"auto, (max-width: 247px) 100vw, 247px\" \/><\/a><\/p>\n<p>Anschlie\u00dfend fehlen nur noch das Lebenswelten- bzw. &#8222;Kulturbeutel&#8220;-Wochenende, die Pr\u00e4ventionsschulung und ein Erste-Hilfe-Kurs.<\/p>\n<p>Der eigentliche &#8222;Woodbadge-Kurs&#8220; mit der &#8222;Woodbadge-Reflexion&#8220; bildet den Abschluss der offiziellen Ausbildung .<\/td>\n<\/tr>\n<\/tbody>\n<\/table>\n<p><!--more--><\/p>\n","protected":false},"excerpt":{"rendered":"<p>&nbsp;&nbsp;&nbsp;&nbsp;&nbsp;&nbsp;&nbsp;&nbsp;&nbsp;&nbsp;&nbsp;&nbsp;&nbsp;&nbsp;&nbsp;&nbsp; Bei der DPSG gibt es ein gesamtverbandliches Ausbildungskonzept &#8211; die &#8222;Woodbadge-Ausbildung&#8220;. Diese unterteilt sich in drei Phasen: den Einstieg und die Praxisbegleitung die Woodbadge-Module den Woodbadge-Kurs und die Woodbadge-Reflexion Die Ausbildung beginnt f\u00fcr Neu-Gruppenleiter*innen in der Leiterrunde mit dem Einstieg. Dort werden die Motivation und die Grundlagen des Leiterseins und die Gestaltung und Organisation&#8230;<\/p>\n","protected":false},"author":3,"featured_media":0,"parent":2,"menu_order":1,"comment_status":"open","ping_status":"open","template":"","meta":{"ngg_post_thumbnail":0,"footnotes":""},"class_list":["post-43","page","type-page","status-publish","hentry"],"jetpack_sharing_enabled":true,"jetpack_shortlink":"https:\/\/wp.me\/P5rvYL-H","_links":{"self":[{"href":"https:\/\/dpsg-heldon.de\/index.php?rest_route=\/wp\/v2\/pages\/43","targetHints":{"allow":["GET"]}}],"collection":[{"href":"https:\/\/dpsg-heldon.de\/index.php?rest_route=\/wp\/v2\/pages"}],"about":[{"href":"https:\/\/dpsg-heldon.de\/index.php?rest_route=\/wp\/v2\/types\/page"}],"author":[{"embeddable":true,"href":"https:\/\/dpsg-heldon.de\/index.php?rest_route=\/wp\/v2\/users\/3"}],"replies":[{"embeddable":true,"href":"https:\/\/dpsg-heldon.de\/index.php?rest_route=%2Fwp%2Fv2%2Fcomments&post=43"}],"version-history":[{"count":54,"href":"https:\/\/dpsg-heldon.de\/index.php?rest_route=\/wp\/v2\/pages\/43\/revisions"}],"predecessor-version":[{"id":5177,"href":"https:\/\/dpsg-heldon.de\/index.php?rest_route=\/wp\/v2\/pages\/43\/revisions\/5177"}],"up":[{"embeddable":true,"href":"https:\/\/dpsg-heldon.de\/index.php?rest_route=\/wp\/v2\/pages\/2"}],"wp:attachment":[{"href":"https:\/\/dpsg-heldon.de\/index.php?rest_route=%2Fwp%2Fv2%2Fmedia&parent=43"}],"curies":[{"name":"wp","href":"https:\/\/api.w.org\/{rel}","templated":true}]}}