{"id":451,"date":"2015-02-17T20:54:42","date_gmt":"2015-02-17T20:54:42","guid":{"rendered":"http:\/\/dpsg-heldon.de\/?page_id=451"},"modified":"2024-04-15T19:14:32","modified_gmt":"2024-04-15T19:14:32","slug":"rueckblick-justu-winterhike-24-25-januar-2015","status":"publish","type":"page","link":"https:\/\/dpsg-heldon.de\/?page_id=451","title":{"rendered":"R\u00fcckblick &#8211; JuStu-Winterhike &#8211; 24.-25. Januar 2015"},"content":{"rendered":"<p>Am 24. Januar trafen sich 23 Pfadis, Rover und Leiter in Heppenheim am Bahnhof, um zwei Tage zu haiken.<\/p>\n<p>Die erste Pause fand, wie kann es f\u00fcr uns aus Heldon anderes sein, auf der Starkenburg statt. Nachdem alle wieder ordentlich gest\u00e4rkt waren, ging es weiter auf verlassenen Pfaden. Nach einer Weile begann es zu schneien und es wurde richtig winterlich. Aus dem langweiligen Grau wurde eine sch\u00f6ne Winterlandschaft.<\/p>\n<p>Als wir endlich die Grillh\u00fctte in Ober-Hambach erreichten, wurden wir dort mit einer warmen Jurte und schon fast fertigem Essen empfangen.<\/p>\n<p>M\u00fcde krochen alle sehr bald in ihre Betten und nach einer mehr oder weniger erholsamen Nacht machten wir uns nach Morgenrunde und Fr\u00fchst\u00fcck auch schon wieder auf den Heimweg. Hier ging es doch eher bergab und so waren alle vom R\u00fcckweg sehr begeistert. Wobei sich die Gruppe nicht entscheiden konnte, ob sie lieber direkt zur\u00fcck oder doch noch den ein oder anderen Umweg auf sich nehmen soll.<\/p>\n<p>P\u00fcnktlich um 3 Uhr waren wir dann alle wieder zur\u00fcck in Heppenheim, wo sich unsere Wege trennten.<\/p>\n<p>Trotz der K\u00e4lte und des Schnees waren alle sehr begeistert von dem Haik, bei dem \u00fcber 25 km zur\u00fcckgelegt werden und viele neue Bekanntschaften entstanden sind.<\/p>\nngg_shortcode_0_placeholder\n<p>&nbsp;<\/p>\n","protected":false},"excerpt":{"rendered":"<p>Am 24. Januar trafen sich 23 Pfadis, Rover und Leiter in Heppenheim am Bahnhof, um zwei Tage zu haiken. Die erste Pause fand, wie kann es f\u00fcr uns aus Heldon anderes sein, auf der Starkenburg statt. Nachdem alle wieder ordentlich gest\u00e4rkt waren, ging es weiter auf verlassenen Pfaden. Nach einer Weile begann es zu schneien&#8230;<\/p>\n","protected":false},"author":3,"featured_media":482,"parent":39,"menu_order":0,"comment_status":"closed","ping_status":"closed","template":"","meta":{"ngg_post_thumbnail":0,"footnotes":""},"class_list":["post-451","page","type-page","status-publish","has-post-thumbnail","hentry"],"jetpack_sharing_enabled":true,"jetpack_shortlink":"https:\/\/wp.me\/P5rvYL-7h","_links":{"self":[{"href":"https:\/\/dpsg-heldon.de\/index.php?rest_route=\/wp\/v2\/pages\/451","targetHints":{"allow":["GET"]}}],"collection":[{"href":"https:\/\/dpsg-heldon.de\/index.php?rest_route=\/wp\/v2\/pages"}],"about":[{"href":"https:\/\/dpsg-heldon.de\/index.php?rest_route=\/wp\/v2\/types\/page"}],"author":[{"embeddable":true,"href":"https:\/\/dpsg-heldon.de\/index.php?rest_route=\/wp\/v2\/users\/3"}],"replies":[{"embeddable":true,"href":"https:\/\/dpsg-heldon.de\/index.php?rest_route=%2Fwp%2Fv2%2Fcomments&post=451"}],"version-history":[{"count":6,"href":"https:\/\/dpsg-heldon.de\/index.php?rest_route=\/wp\/v2\/pages\/451\/revisions"}],"predecessor-version":[{"id":536,"href":"https:\/\/dpsg-heldon.de\/index.php?rest_route=\/wp\/v2\/pages\/451\/revisions\/536"}],"up":[{"embeddable":true,"href":"https:\/\/dpsg-heldon.de\/index.php?rest_route=\/wp\/v2\/pages\/39"}],"wp:featuredmedia":[{"embeddable":true,"href":"https:\/\/dpsg-heldon.de\/index.php?rest_route=\/wp\/v2\/media\/482"}],"wp:attachment":[{"href":"https:\/\/dpsg-heldon.de\/index.php?rest_route=%2Fwp%2Fv2%2Fmedia&parent=451"}],"curies":[{"name":"wp","href":"https:\/\/api.w.org\/{rel}","templated":true}]}}