{"id":4887,"date":"2025-08-17T20:07:49","date_gmt":"2025-08-17T20:07:49","guid":{"rendered":"https:\/\/dpsg-heldon.de\/?page_id=4887"},"modified":"2025-08-30T20:13:18","modified_gmt":"2025-08-30T20:13:18","slug":"nach-der-actionreichen-woebold-aktion-gemeinsamen-eine-ruhige-kugel-schieben","status":"publish","type":"page","link":"https:\/\/dpsg-heldon.de\/?page_id=4887","title":{"rendered":"Nach der actionreichen W\u00f6Bold-Aktion gemeinsamen eine ruhige Kugel schieben"},"content":{"rendered":"\n<figure class=\"wp-block-image size-large\"><a href=\"https:\/\/i0.wp.com\/dpsg-heldon.de\/wp-content\/uploads\/2025\/08\/Ne-ruhige-Kugel-schieben-1.png?ssl=1\"><img data-recalc-dims=\"1\" loading=\"lazy\" decoding=\"async\" width=\"1024\" height=\"379\" src=\"https:\/\/i0.wp.com\/dpsg-heldon.de\/wp-content\/uploads\/2025\/08\/Ne-ruhige-Kugel-schieben-1.png?resize=1024%2C379&#038;ssl=1\" alt=\"\" class=\"wp-image-4902\" srcset=\"https:\/\/i0.wp.com\/dpsg-heldon.de\/wp-content\/uploads\/2025\/08\/Ne-ruhige-Kugel-schieben-1.png?resize=1024%2C379&amp;ssl=1 1024w, https:\/\/i0.wp.com\/dpsg-heldon.de\/wp-content\/uploads\/2025\/08\/Ne-ruhige-Kugel-schieben-1.png?resize=300%2C111&amp;ssl=1 300w, https:\/\/i0.wp.com\/dpsg-heldon.de\/wp-content\/uploads\/2025\/08\/Ne-ruhige-Kugel-schieben-1.png?resize=768%2C284&amp;ssl=1 768w, https:\/\/i0.wp.com\/dpsg-heldon.de\/wp-content\/uploads\/2025\/08\/Ne-ruhige-Kugel-schieben-1.png?resize=1536%2C569&amp;ssl=1 1536w, https:\/\/i0.wp.com\/dpsg-heldon.de\/wp-content\/uploads\/2025\/08\/Ne-ruhige-Kugel-schieben-1.png?resize=2048%2C758&amp;ssl=1 2048w, https:\/\/i0.wp.com\/dpsg-heldon.de\/wp-content\/uploads\/2025\/08\/Ne-ruhige-Kugel-schieben-1.png?resize=750%2C278&amp;ssl=1 750w\" sizes=\"auto, (max-width: 1000px) 100vw, 1000px\" \/><\/a><\/figure>\n\n\n\n<p><br>Liebe W\u00f6bold Leitenden,<\/p>\n\n\n\n<p>Am <strong>07.09.2025 <\/strong>wollen wir gemeinsam mit euch W\u00f6bold Leitenden in Bensheim Bowling spielen gehen.<\/p>\n\n\n\n<p>Informationen zum W\u00f6bold Leitenden Treffen:<\/p>\n\n\n\n<p><strong>Wann:<\/strong> 07.09.2025 16:00 -18:00 Uhr<\/p>\n\n\n\n<p><strong>Wo:<\/strong> Bowlingcenter Bensheim<br>(Albert-Einstein Allee 2, 64625 Bensheim).<\/p>\n\n\n\n<p><strong>Kosten: 5 \u20ac<\/strong> inklusive Bowling Leih Schuhen<\/p>\n\n\n\n<p><strong>Anmeldeschluss 02.09.2025<\/strong><\/p>\n\n\n\n<p><\/p>\n\n\n\n<p>Anschlie\u00dfend besteht noch die M\u00f6glichkeit gemeinsam etwas Essen zu gehen.<\/p>\n\n\n\n<p>Wir w\u00fcrden uns freuen viele von euch begr\u00fc\u00dfen zu d\u00fcrfen.<\/p>\n\n\n\n<p>Liebe Gr\u00fc\u00dfe<\/p>\n\n\n\n<p>Sina,&nbsp;Alex&nbsp;und&nbsp;Fabian<\/p>\n\n\n<div class=\"wp-block-jetpack-contact-form\"><a href=\"https:\/\/dpsg-heldon.de\/?page_id=4887\" target=\"_blank\" rel=\"noopener noreferrer\">Formular einreichen.<\/a><\/div>\n\n\n<p><\/p>\n","protected":false},"excerpt":{"rendered":"<p>Liebe W\u00f6bold Leitenden, Am 07.09.2025 wollen wir gemeinsam mit euch W\u00f6bold Leitenden in Bensheim Bowling spielen gehen. Informationen zum W\u00f6bold Leitenden Treffen: Wann: 07.09.2025 16:00 -18:00 Uhr Wo: Bowlingcenter Bensheim(Albert-Einstein Allee 2, 64625 Bensheim). Kosten: 5 \u20ac inklusive Bowling Leih Schuhen Anmeldeschluss 02.09.2025 Anschlie\u00dfend besteht noch die M\u00f6glichkeit gemeinsam etwas Essen zu gehen. Wir w\u00fcrden&#8230;<\/p>\n","protected":false},"author":8,"featured_media":0,"parent":0,"menu_order":0,"comment_status":"closed","ping_status":"closed","template":"","meta":{"ngg_post_thumbnail":0,"footnotes":""},"class_list":["post-4887","page","type-page","status-publish","hentry"],"jetpack_sharing_enabled":true,"jetpack_shortlink":"https:\/\/wp.me\/P5rvYL-1gP","_links":{"self":[{"href":"https:\/\/dpsg-heldon.de\/index.php?rest_route=\/wp\/v2\/pages\/4887","targetHints":{"allow":["GET"]}}],"collection":[{"href":"https:\/\/dpsg-heldon.de\/index.php?rest_route=\/wp\/v2\/pages"}],"about":[{"href":"https:\/\/dpsg-heldon.de\/index.php?rest_route=\/wp\/v2\/types\/page"}],"author":[{"embeddable":true,"href":"https:\/\/dpsg-heldon.de\/index.php?rest_route=\/wp\/v2\/users\/8"}],"replies":[{"embeddable":true,"href":"https:\/\/dpsg-heldon.de\/index.php?rest_route=%2Fwp%2Fv2%2Fcomments&post=4887"}],"version-history":[{"count":8,"href":"https:\/\/dpsg-heldon.de\/index.php?rest_route=\/wp\/v2\/pages\/4887\/revisions"}],"predecessor-version":[{"id":4928,"href":"https:\/\/dpsg-heldon.de\/index.php?rest_route=\/wp\/v2\/pages\/4887\/revisions\/4928"}],"wp:attachment":[{"href":"https:\/\/dpsg-heldon.de\/index.php?rest_route=%2Fwp%2Fv2%2Fmedia&parent=4887"}],"curies":[{"name":"wp","href":"https:\/\/api.w.org\/{rel}","templated":true}]}}