{"id":5060,"date":"2025-12-16T23:20:35","date_gmt":"2025-12-16T23:20:35","guid":{"rendered":"https:\/\/dpsg-heldon.de\/?page_id=5060"},"modified":"2025-12-24T01:18:44","modified_gmt":"2025-12-24T01:18:44","slug":"bezirkswochenende-2026-mit-bezirksversammlung","status":"publish","type":"page","link":"https:\/\/dpsg-heldon.de\/?page_id=5060","title":{"rendered":"Bezirkswochenende 2026 mit Bezirksversammlung"},"content":{"rendered":"\n<figure class=\"wp-block-image size-large\"><a href=\"https:\/\/i0.wp.com\/dpsg-heldon.de\/wp-content\/uploads\/2025\/12\/Heldon_Bez.-WE-2026.jpg?ssl=1\"><img data-recalc-dims=\"1\" height=\"659\" width=\"1024\" decoding=\"async\" src=\"https:\/\/i0.wp.com\/dpsg-heldon.de\/wp-content\/uploads\/2025\/12\/Heldon_Bez.-WE-2026.jpg?resize=1024%2C659&#038;ssl=1\" alt=\"\" class=\"wp-image-5059\"\/><\/a><\/figure>\n\n\n\n<p><\/p>\n\n\n\n<p>Liebe Rover*innen und Leitende in Heldon,<\/p>\n\n\n\n<p>wir laden euch ganz herzlich zum n\u00e4chsten Bezirks-Wochenende vom 27.02. \u2013 01.03.2026 in die M\u00fchle Bachprinz (Odenwaldstr. 256, 64372 Ober-Ramstadt) ein.<\/p>\n\n\n\n<p>Anmelden k\u00f6nnt ihr euch <a href=\"https:\/\/dpsg-heldon.de\/?page_id=3824\" target=\"_blank\" rel=\"noreferrer noopener\">hier <\/a>f\u00fcr das ganze Wochenende oder einzelne Tage!<br>Anmeldeschluss ist der <strong>10.02.2026<\/strong>.<\/p>\n\n\n\n<p>Wir starten am <strong>Freitag um 19 Uhr<\/strong> mit einem gemeinsamen Abendessen und haben danach Zeit f\u00fcr Kennenlernen, Austausch und einen gem\u00fctlichen Abend.<\/p>\n\n\n\n<p>Am <strong>Samstag<\/strong> widmen wir uns einem ganz aktuellen und wichtigen Thema: Resilienz. F\u00fcr die, die nur am Samstag teilnehmen m\u00f6chten, starten wir <strong>um 10.00 Uhr<\/strong> und enden inkl. Mittagessen und Kaffee-\/Kuchenpause gegen 18.30\/19.00 Uhr.<\/p>\n\n\n\n<p>Aber um was geht es da eigentlich?<\/p>\n\n\n\n<p><strong>Resilienz \u2013 Das Geheimnis starker Menschen<\/strong><\/p>\n\n\n\n<p>Resilienz ist der Oberbegriff f\u00fcr die inneren Kr\u00e4fte (Ressourcen), die es uns erm\u00f6glichen k\u00f6nnen, schwierige Situationen, Umbruchsphasen und Lebenskrisen nicht nur zu \u00fcberwinden, sondern daraus gest\u00e4rkt hervorzugehen.<\/p>\n\n\n\n<p>In unserem Workshop werden wir die verschiedenen Resilienzfaktoren sowie den Nutzen, den die Arbeit an der eigenen Resilienz bringen kann, kennenlernen. Das beinhaltet erh\u00f6hte Frustrationstoleranz, gesteigerte Akzeptanzf\u00e4higkeit, bessere Selbstregulation und vieles mehr.<\/p>\n\n\n\n<p>Dabei werden wir drei Grundhaltungen und (wenn wir gen\u00fcgend Zeit haben) auch vier Verhaltensweisen kennenlernen, mit denen es gelingen kann, den gr\u00f6\u00dfer werdenden Herausforderungen, denen wir uns immer wieder stellen m\u00fcssen, zu begegnen. Mit einbezogen werden eigene Erfahrungen, neurobiologische Erkenntnisse und psychologische Aspekte. Der Workshop wird aus einem kurzen Theorieteil, Selbsterfahrung und Austausch bestehen.<\/p>\n\n\n\n<p>F\u00fcr diejenigen, die nach diesem Workshop weiter an dem Thema und sich selbst arbeiten m\u00f6chten, bieten wir im Anschluss an das Wochenende noch einen weiteren Termin an.<\/p>\n\n\n\n<p>Unsere <strong>Referentin, Frau Sonya Hayer-Lenz<\/strong>, besch\u00e4ftigt sich schon lange mit dem Thema. Als ehemalige Vertrauens- und Beratungslehrerin beriet sie Sch\u00fclerinnen, Sch\u00fcler und Eltern bei schulischen und pers\u00f6nlichen Problemen. Au\u00dferdem leitet sie Workshops, an dem auch wir jetzt teilnehmen d\u00fcrfen.<\/p>\n\n\n\n<p><strong>Am Sonntag starten wir um 10.00 Uhr mit der ordentlichen Bezirksversammlung<\/strong>. Die Tagesordnung findet ihr <a href=\"https:\/\/dpsg-heldon.de\/?page_id=5075\" target=\"_blank\" rel=\"noreferrer noopener\">hier<\/a>, Antr\u00e4ge m\u00fcssen bis zum <strong>15.02.2026<\/strong> in schriftlicher Form dem Vorstand vorliegen.<\/p>\n\n\n\n<p>Wir freuen uns auf ein tolles Wochenende mit euch, also seid dabei! Bitte beachtet, dass das Haus nur 28 Betten hat, also meldet euch schnell <a href=\"https:\/\/dpsg-heldon.de\/?page_id=3824\" data-type=\"link\" data-id=\"https:\/\/dpsg-heldon.de\/?page_id=3824\" target=\"_blank\" rel=\"noreferrer noopener\">hier<\/a> an!<\/p>\n\n\n\n<p><\/p>\n\n\n\n<p><\/p>\n","protected":false},"excerpt":{"rendered":"<p>Liebe Rover*innen und Leitende in Heldon, wir laden euch ganz herzlich zum n\u00e4chsten Bezirks-Wochenende vom 27.02. \u2013 01.03.2026 in die M\u00fchle Bachprinz (Odenwaldstr. 256, 64372 Ober-Ramstadt) ein. Anmelden k\u00f6nnt ihr euch hier f\u00fcr das ganze Wochenende oder einzelne Tage!Anmeldeschluss ist der 10.02.2026. Wir starten am Freitag um 19 Uhr mit einem gemeinsamen Abendessen und haben&#8230;<\/p>\n","protected":false},"author":6,"featured_media":0,"parent":0,"menu_order":0,"comment_status":"closed","ping_status":"closed","template":"","meta":{"ngg_post_thumbnail":0,"footnotes":""},"class_list":["post-5060","page","type-page","status-publish","hentry"],"jetpack_sharing_enabled":true,"jetpack_shortlink":"https:\/\/wp.me\/P5rvYL-1jC","_links":{"self":[{"href":"https:\/\/dpsg-heldon.de\/index.php?rest_route=\/wp\/v2\/pages\/5060","targetHints":{"allow":["GET"]}}],"collection":[{"href":"https:\/\/dpsg-heldon.de\/index.php?rest_route=\/wp\/v2\/pages"}],"about":[{"href":"https:\/\/dpsg-heldon.de\/index.php?rest_route=\/wp\/v2\/types\/page"}],"author":[{"embeddable":true,"href":"https:\/\/dpsg-heldon.de\/index.php?rest_route=\/wp\/v2\/users\/6"}],"replies":[{"embeddable":true,"href":"https:\/\/dpsg-heldon.de\/index.php?rest_route=%2Fwp%2Fv2%2Fcomments&post=5060"}],"version-history":[{"count":8,"href":"https:\/\/dpsg-heldon.de\/index.php?rest_route=\/wp\/v2\/pages\/5060\/revisions"}],"predecessor-version":[{"id":5088,"href":"https:\/\/dpsg-heldon.de\/index.php?rest_route=\/wp\/v2\/pages\/5060\/revisions\/5088"}],"wp:attachment":[{"href":"https:\/\/dpsg-heldon.de\/index.php?rest_route=%2Fwp%2Fv2%2Fmedia&parent=5060"}],"curies":[{"name":"wp","href":"https:\/\/api.w.org\/{rel}","templated":true}]}}