{"id":5075,"date":"2025-12-18T20:06:37","date_gmt":"2025-12-18T20:06:37","guid":{"rendered":"https:\/\/dpsg-heldon.de\/?page_id=5075"},"modified":"2026-02-13T13:14:46","modified_gmt":"2026-02-13T13:14:46","slug":"bezirksversammlung-2026","status":"publish","type":"page","link":"https:\/\/dpsg-heldon.de\/?page_id=5075","title":{"rendered":"Bezirksversammlung 2026"},"content":{"rendered":"\n<p>Hiermit laden wir Euch herzlich zur ordentlichen Bezirksversammlung am 01.03.2026, beginnend um 10:00 Uhr, ein. Wir freuen uns \u00fcber zahlreiche Stavos und Kurat*innen und, falls verhindert, Delegierte der St\u00e4mme sowie G\u00e4ste. Die Versammlung findet in der M\u00fchle Bachprinz in Ober-Ramstadt statt.<\/p>\n\n\n\n<p><strong><mark style=\"background-color:rgba(0, 0, 0, 0)\" class=\"has-inline-color has-vivid-red-color\">Anmeldeschluss ist der 10.02.2026!<\/mark><\/strong> <br>Die Anmeldung findet ihr <a href=\"https:\/\/dpsg-heldon.de\/?page_id=3824\" data-type=\"link\" data-id=\"https:\/\/dpsg-heldon.de\/?page_id=3824\" target=\"_blank\" rel=\"noreferrer noopener\">hier<\/a>.<br><br><strong>Tagesordnung der Bezirksversammlung<\/strong><\/p>\n\n\n\n<ol class=\"wp-block-list\">\n<li>Begr\u00fc\u00dfung \/ Impuls<\/li>\n\n\n\n<li>Feststellung der Beschlussf\u00e4higkeit<\/li>\n\n\n\n<li>Abstimmung \u00fcber Tagesordnung<\/li>\n\n\n\n<li>Bericht des Vorstandes<\/li>\n\n\n\n<li>Berichte der Stufen, Heldon Tour, BDKJ\/KJB, DL<\/li>\n\n\n\n<li>Aufarbeitungsstudie<\/li>\n\n\n\n<li>Kassenbericht<\/li>\n\n\n\n<li>Bericht der Kassenpr\u00fcfer*innen<\/li>\n\n\n\n<li>Wahlen<\/li>\n\n\n\n<li>Antr\u00e4ge*<\/li>\n\n\n\n<li>Aktionen und Termine 2026<\/li>\n\n\n\n<li>Verschiedenes<\/li>\n<\/ol>\n\n\n\n<p>*<strong>Antr\u00e4ge m\u00fcssen fristgerecht bis zum 15.02.2026 bei der Bezirksleitung eingereicht werden.&nbsp;<br><\/strong><\/p>\n\n\n\n<p><\/p>\n\n\n\n<p><\/p>\n","protected":false},"excerpt":{"rendered":"<p>Hiermit laden wir Euch herzlich zur ordentlichen Bezirksversammlung am 01.03.2026, beginnend um 10:00 Uhr, ein. Wir freuen uns \u00fcber zahlreiche Stavos und Kurat*innen und, falls verhindert, Delegierte der St\u00e4mme sowie G\u00e4ste. Die Versammlung findet in der M\u00fchle Bachprinz in Ober-Ramstadt statt. Anmeldeschluss ist der 10.02.2026! Die Anmeldung findet ihr hier. Tagesordnung der Bezirksversammlung *Antr\u00e4ge m\u00fcssen&#8230;<\/p>\n","protected":false},"author":3,"featured_media":0,"parent":0,"menu_order":0,"comment_status":"closed","ping_status":"closed","template":"","meta":{"ngg_post_thumbnail":0,"footnotes":""},"class_list":["post-5075","page","type-page","status-publish","hentry"],"jetpack_sharing_enabled":true,"jetpack_shortlink":"https:\/\/wp.me\/P5rvYL-1jR","_links":{"self":[{"href":"https:\/\/dpsg-heldon.de\/index.php?rest_route=\/wp\/v2\/pages\/5075","targetHints":{"allow":["GET"]}}],"collection":[{"href":"https:\/\/dpsg-heldon.de\/index.php?rest_route=\/wp\/v2\/pages"}],"about":[{"href":"https:\/\/dpsg-heldon.de\/index.php?rest_route=\/wp\/v2\/types\/page"}],"author":[{"embeddable":true,"href":"https:\/\/dpsg-heldon.de\/index.php?rest_route=\/wp\/v2\/users\/3"}],"replies":[{"embeddable":true,"href":"https:\/\/dpsg-heldon.de\/index.php?rest_route=%2Fwp%2Fv2%2Fcomments&post=5075"}],"version-history":[{"count":2,"href":"https:\/\/dpsg-heldon.de\/index.php?rest_route=\/wp\/v2\/pages\/5075\/revisions"}],"predecessor-version":[{"id":5156,"href":"https:\/\/dpsg-heldon.de\/index.php?rest_route=\/wp\/v2\/pages\/5075\/revisions\/5156"}],"wp:attachment":[{"href":"https:\/\/dpsg-heldon.de\/index.php?rest_route=%2Fwp%2Fv2%2Fmedia&parent=5075"}],"curies":[{"name":"wp","href":"https:\/\/api.w.org\/{rel}","templated":true}]}}