{"id":5098,"date":"2025-12-30T15:16:48","date_gmt":"2025-12-30T15:16:48","guid":{"rendered":"https:\/\/dpsg-heldon.de\/?page_id=5098"},"modified":"2025-12-30T15:17:20","modified_gmt":"2025-12-30T15:17:20","slug":"5098-2","status":"publish","type":"page","link":"https:\/\/dpsg-heldon.de\/?page_id=5098","title":{"rendered":"JuStu-Winterhaik 2026"},"content":{"rendered":"\n<figure class=\"wp-block-image size-full\"><a href=\"https:\/\/i0.wp.com\/dpsg-heldon.de\/wp-content\/uploads\/2025\/12\/Justu-Winterhaik-2026.png?ssl=1\"><img data-recalc-dims=\"1\" loading=\"lazy\" decoding=\"async\" width=\"1024\" height=\"1024\" src=\"https:\/\/i0.wp.com\/dpsg-heldon.de\/wp-content\/uploads\/2025\/12\/Justu-Winterhaik-2026.png?resize=1024%2C1024&#038;ssl=1\" alt=\"\" class=\"wp-image-5100\" srcset=\"https:\/\/i0.wp.com\/dpsg-heldon.de\/wp-content\/uploads\/2025\/12\/Justu-Winterhaik-2026.png?w=1024&amp;ssl=1 1024w, https:\/\/i0.wp.com\/dpsg-heldon.de\/wp-content\/uploads\/2025\/12\/Justu-Winterhaik-2026.png?resize=300%2C300&amp;ssl=1 300w, https:\/\/i0.wp.com\/dpsg-heldon.de\/wp-content\/uploads\/2025\/12\/Justu-Winterhaik-2026.png?resize=150%2C150&amp;ssl=1 150w, https:\/\/i0.wp.com\/dpsg-heldon.de\/wp-content\/uploads\/2025\/12\/Justu-Winterhaik-2026.png?resize=768%2C768&amp;ssl=1 768w, https:\/\/i0.wp.com\/dpsg-heldon.de\/wp-content\/uploads\/2025\/12\/Justu-Winterhaik-2026.png?resize=750%2C750&amp;ssl=1 750w, https:\/\/i0.wp.com\/dpsg-heldon.de\/wp-content\/uploads\/2025\/12\/Justu-Winterhaik-2026.png?resize=348%2C348&amp;ssl=1 348w\" sizes=\"auto, (max-width: 1000px) 100vw, 1000px\" \/><\/a><\/figure>\n\n\n\n<h1 class=\"wp-block-heading\">Liebe Pfadfinder*innen, Rover*innen und Leitende des Bezirks Heldon,<\/h1>\n\n\n\n<p>der n\u00e4chste Winterhaik  steht an! Getreu dem Motto: &#8222;same procedure as last year&#8220; geht es wieder in die Pfalz mit \u00dcbernachtungsm\u00f6glichkeit in einer H\u00fctte. Seid also dabei, wenn es wieder <strong>vom 07.02. &#8211; 08.02.2026 hei\u00dft &#8211; Der Winterhaik goes Pfalz again.<\/strong><\/p>\n\n\n\n<p>Meldet euch als Trupp also schnell an und bitte <strong>bis sp\u00e4testens 01.02.2026<\/strong><\/p>\n\n\n\n<p>Hier erhaltet ihr auch den Anmeldebogen f\u00fcr euren Stamm zum finalen Ausf\u00fcllen:<\/p>\n\n\n\n<div class=\"wp-block-file\"><a id=\"wp-block-file--media-cd218910-6032-4d4f-b67b-9da90a88acf1\" href=\"https:\/\/dpsg-heldon.de\/wp-content\/uploads\/2025\/12\/Anmeldebogen-winterhaik-goes-pfalz-again-2026.doc\">Anmeldebogen &#8211; winterhaik goes pfalz again 2026<\/a><a href=\"https:\/\/dpsg-heldon.de\/wp-content\/uploads\/2025\/12\/Anmeldebogen-winterhaik-goes-pfalz-again-2026.doc\" class=\"wp-block-file__button wp-element-button\" download aria-describedby=\"wp-block-file--media-cd218910-6032-4d4f-b67b-9da90a88acf1\">Herunterladen<\/a><\/div>\n\n\n\n<p>Wir freuen uns auf euch!<\/p>\n\n\n\n<p>Euer JuStu- AK <\/p>\n\n\n<div class=\"wp-block-jetpack-contact-form\"><a href=\"https:\/\/dpsg-heldon.de\/?page_id=5098\" target=\"_blank\" rel=\"noopener noreferrer\">Formular einreichen.<\/a><\/div>","protected":false},"excerpt":{"rendered":"<p>Liebe Pfadfinder*innen, Rover*innen und Leitende des Bezirks Heldon, der n\u00e4chste Winterhaik steht an! Getreu dem Motto: &#8222;same procedure as last year&#8220; geht es wieder in die Pfalz mit \u00dcbernachtungsm\u00f6glichkeit in einer H\u00fctte. Seid also dabei, wenn es wieder vom 07.02. &#8211; 08.02.2026 hei\u00dft &#8211; Der Winterhaik goes Pfalz again. Meldet euch als Trupp also schnell&#8230;<\/p>\n","protected":false},"author":7,"featured_media":0,"parent":0,"menu_order":0,"comment_status":"closed","ping_status":"closed","template":"","meta":{"ngg_post_thumbnail":0,"footnotes":""},"class_list":["post-5098","page","type-page","status-publish","hentry"],"jetpack_sharing_enabled":true,"jetpack_shortlink":"https:\/\/wp.me\/P5rvYL-1ke","_links":{"self":[{"href":"https:\/\/dpsg-heldon.de\/index.php?rest_route=\/wp\/v2\/pages\/5098","targetHints":{"allow":["GET"]}}],"collection":[{"href":"https:\/\/dpsg-heldon.de\/index.php?rest_route=\/wp\/v2\/pages"}],"about":[{"href":"https:\/\/dpsg-heldon.de\/index.php?rest_route=\/wp\/v2\/types\/page"}],"author":[{"embeddable":true,"href":"https:\/\/dpsg-heldon.de\/index.php?rest_route=\/wp\/v2\/users\/7"}],"replies":[{"embeddable":true,"href":"https:\/\/dpsg-heldon.de\/index.php?rest_route=%2Fwp%2Fv2%2Fcomments&post=5098"}],"version-history":[{"count":2,"href":"https:\/\/dpsg-heldon.de\/index.php?rest_route=\/wp\/v2\/pages\/5098\/revisions"}],"predecessor-version":[{"id":5102,"href":"https:\/\/dpsg-heldon.de\/index.php?rest_route=\/wp\/v2\/pages\/5098\/revisions\/5102"}],"wp:attachment":[{"href":"https:\/\/dpsg-heldon.de\/index.php?rest_route=%2Fwp%2Fv2%2Fmedia&parent=5098"}],"curies":[{"name":"wp","href":"https:\/\/api.w.org\/{rel}","templated":true}]}}