{"id":5193,"date":"2026-04-01T12:18:47","date_gmt":"2026-04-01T12:18:47","guid":{"rendered":"https:\/\/dpsg-heldon.de\/?page_id=5193"},"modified":"2026-04-01T12:18:47","modified_gmt":"2026-04-01T12:18:47","slug":"bezirkswochenende-27-02-01-03-2026-rueckblick","status":"publish","type":"page","link":"https:\/\/dpsg-heldon.de\/?page_id=5193","title":{"rendered":"Bezirkswochenende 27.02.-01.03.2026 \u2013 R\u00fcckblick"},"content":{"rendered":"\n<p>Das Bezirkswochenende startete am Freitagabend in der M\u00fchle Bachprinz in Ober-Ramstadt mit einem offenen Ankommen und einem gemeinsamen Abendessen.<\/p>\n\n\n\n<p>Nachdem alle Teilnehmenden eingetroffen waren wurde sich noch gesellig im 1. OG getroffen um bei netten Gespr\u00e4chen den Abend ausklingen zu lassen. Schlie\u00dflich ging es am Samstagmorgen direkt los mit unsere Referentin Frau Sonya Hayer-Lenz&nbsp;zum Thema \u201eResilienz \u2013 das Geheimnis starker Menschen\u201c. Diese begr\u00fc\u00dften wir nach dem Fr\u00fchst\u00fcck und einem Morgenimpuls bei uns in der Runde. Dann ging es gleich los und die Teilnehmer haben sich vorgestellt und sind ins Programm gestartet, welches \u00fcber den ganzen Samstag angesetzt war. Zwischendurch gab es zum Auflockern gemeinsames Popcorn Spielen an der frischen Luft, was alle zum Lachen brachte. Nur f\u00fcr eine Mittagspause sowie Kaffee und Kuchen Pause wurde das Programm unterbrochen, da alle Teilnehmenden sehr interessiert waren und durch die kleine Gruppe ein reger Austausch m\u00f6glich war. Alle waren sich einig, es war ein intensiver Austausch bei dem jeder Pers\u00f6nlich etwas mit nehmen konnte. Wir bedankten uns nach dem Abendessen bei der Referentin und lie\u00dfen den Abend noch gem\u00fctlich ausklingen.<\/p>\n\n\n\n<p>Am Sonntagmorgen wurde flei\u00dfig aufger\u00e4umt und vorbereitet f\u00fcr die Versammlung um 10 Uhr sowie die Zimmer ger\u00e4umt und durchgefegt. Somit konnte die Versammlung p\u00fcnktlich starten. Zum Mittagessen gab es als St\u00e4rkung eine leckere Kartoffelsuppe um in den Endspurt der Versammlung zu gehen. Diese konnte gegen 14:30 Uhr geschlossen werden und man konnte den restlichen Raum aufr\u00e4umen und zur Abreise sich bereit machen.<\/p>\n\n\n\n<p>Es war ein tolles Wochenende, auch wenn es gerne mehr Teilnehmende h\u00e4tten sein k\u00f6nnen, mit einem wichtigen Thema, dass alle betrifft. Die Versammlung war beschlussf\u00e4hig und damit auch ein voller Erfolg. Gerade auch, weil neue AK Mitglieder berufen (Nils und Marc) sowie Referenten \u00c4mter (Thorsten und Carola) verl\u00e4ngert wurden. Am Ende der Versammlung wurde noch Andi und Jonas f\u00fcr die lange T\u00e4tigkeit im Bezirk im Bereich Ausbildung gedankt und Jonas mit dem Georgspin geehrt. Andi hat schon einen, falls man sich fragt, warum er keinen verliehen bekommen hat \ud83d\ude09<\/p>\n\n\n\n<p>Danke an alle da die waren und ans Vorbereitungsteam inklusive der guten K\u00fcche \ud83d\ude42<\/p>\n\n\n\n<figure class=\"wp-block-image size-large\"><a href=\"https:\/\/i0.wp.com\/dpsg-heldon.de\/wp-content\/uploads\/2026\/04\/20260228_183710-scaled.jpg?ssl=1\"><img data-recalc-dims=\"1\" loading=\"lazy\" decoding=\"async\" width=\"768\" height=\"1024\" src=\"https:\/\/i0.wp.com\/dpsg-heldon.de\/wp-content\/uploads\/2026\/04\/20260228_183710.jpg?resize=768%2C1024&#038;ssl=1\" alt=\"\" class=\"wp-image-5194\" srcset=\"https:\/\/i0.wp.com\/dpsg-heldon.de\/wp-content\/uploads\/2026\/04\/20260228_183710-scaled.jpg?resize=768%2C1024&amp;ssl=1 768w, https:\/\/i0.wp.com\/dpsg-heldon.de\/wp-content\/uploads\/2026\/04\/20260228_183710-scaled.jpg?resize=225%2C300&amp;ssl=1 225w, https:\/\/i0.wp.com\/dpsg-heldon.de\/wp-content\/uploads\/2026\/04\/20260228_183710-scaled.jpg?resize=1152%2C1536&amp;ssl=1 1152w, https:\/\/i0.wp.com\/dpsg-heldon.de\/wp-content\/uploads\/2026\/04\/20260228_183710-scaled.jpg?resize=1536%2C2048&amp;ssl=1 1536w, https:\/\/i0.wp.com\/dpsg-heldon.de\/wp-content\/uploads\/2026\/04\/20260228_183710-scaled.jpg?resize=750%2C1000&amp;ssl=1 750w, https:\/\/i0.wp.com\/dpsg-heldon.de\/wp-content\/uploads\/2026\/04\/20260228_183710-scaled.jpg?w=1920&amp;ssl=1 1920w\" sizes=\"auto, (max-width: 768px) 100vw, 768px\" \/><\/a><\/figure>\n","protected":false},"excerpt":{"rendered":"<p>Das Bezirkswochenende startete am Freitagabend in der M\u00fchle Bachprinz in Ober-Ramstadt mit einem offenen Ankommen und einem gemeinsamen Abendessen. Nachdem alle Teilnehmenden eingetroffen waren wurde sich noch gesellig im 1. OG getroffen um bei netten Gespr\u00e4chen den Abend ausklingen zu lassen. Schlie\u00dflich ging es am Samstagmorgen direkt los mit unsere Referentin Frau Sonya Hayer-Lenz&nbsp;zum Thema&#8230;<\/p>\n","protected":false},"author":7,"featured_media":0,"parent":0,"menu_order":0,"comment_status":"closed","ping_status":"closed","template":"","meta":{"ngg_post_thumbnail":0,"footnotes":""},"class_list":["post-5193","page","type-page","status-publish","hentry"],"jetpack_sharing_enabled":true,"jetpack_shortlink":"https:\/\/wp.me\/P5rvYL-1lL","_links":{"self":[{"href":"https:\/\/dpsg-heldon.de\/index.php?rest_route=\/wp\/v2\/pages\/5193","targetHints":{"allow":["GET"]}}],"collection":[{"href":"https:\/\/dpsg-heldon.de\/index.php?rest_route=\/wp\/v2\/pages"}],"about":[{"href":"https:\/\/dpsg-heldon.de\/index.php?rest_route=\/wp\/v2\/types\/page"}],"author":[{"embeddable":true,"href":"https:\/\/dpsg-heldon.de\/index.php?rest_route=\/wp\/v2\/users\/7"}],"replies":[{"embeddable":true,"href":"https:\/\/dpsg-heldon.de\/index.php?rest_route=%2Fwp%2Fv2%2Fcomments&post=5193"}],"version-history":[{"count":1,"href":"https:\/\/dpsg-heldon.de\/index.php?rest_route=\/wp\/v2\/pages\/5193\/revisions"}],"predecessor-version":[{"id":5195,"href":"https:\/\/dpsg-heldon.de\/index.php?rest_route=\/wp\/v2\/pages\/5193\/revisions\/5195"}],"wp:attachment":[{"href":"https:\/\/dpsg-heldon.de\/index.php?rest_route=%2Fwp%2Fv2%2Fmedia&parent=5193"}],"curies":[{"name":"wp","href":"https:\/\/api.w.org\/{rel}","templated":true}]}}