{"id":5198,"date":"2026-04-01T12:52:40","date_gmt":"2026-04-01T12:52:40","guid":{"rendered":"https:\/\/dpsg-heldon.de\/?page_id=5198"},"modified":"2026-04-01T12:52:40","modified_gmt":"2026-04-01T12:52:40","slug":"rueckblick-justu-winterhaik-2026","status":"publish","type":"page","link":"https:\/\/dpsg-heldon.de\/?page_id=5198","title":{"rendered":"R\u00fcckblick JuStu Winterhaik 2026"},"content":{"rendered":"\n<p>Und j\u00e4hrlich gr\u00fc\u00dft das Murmeltier oder bei uns, der Winterhaik.<\/p>\n\n\n\n<p>Es ging mal wieder am 07. \u2013 08.02.2026 in die Pfalz in die uns schon bekannte H\u00fctte \u2013 wer noch nicht dabei war muss es mal erlebt haben und mit kommen \ud83d\ude0a Es lohnt sich.<\/p>\n\n\n\n<p>Dieses Jahr war f\u00fcr 15 Teilnehmenden nach dem Treffpunkt in Bad D\u00fcrkheim um 11:11 Uhr eine gemeinsame Wanderung zum Supermarkt geplant gewesen, denn die Teilnehmenden Rover und Pfadis durften selbst bestimmen, was es am Abend zu essen geben sollte. Dabei entschloss man sich f\u00fcr Cevapcici mit Ayvar, Fladenbrot und Zaziki. Davor gab es als kleine Vorspeise gebratene Peperoni mit Knoblauch und Zwiebeln. Der Einkauf war erledigt und man machte sich auf den Weg zur H\u00fctte, an den Salinen vorbei, mit einem kleinen Stopp beim Winzer f\u00fcr eine Traubensaftschorle. An der H\u00fctte angekommen wurden die Schlafpl\u00e4tze bezogen und es wurde mit den Vorbereitungen zum Abendessen angefangen.<\/p>\n\n\n\n<p>Allen hat es super gut geschmeckt und bis auf ein paar Reste wurde alles aufgegessen. Zum Ausklang des Abends konnte man Marshmallows \u00fcber dem offenen Kamin grillen oder in die S\u00fc\u00dfigkeiten T\u00fcten greifen, welche mehr als ausreichend vorhanden waren.<\/p>\n\n\n\n<p>Am n\u00e4chsten Morgen ging es dann nach dem Fr\u00fchst\u00fcck ans Aufr\u00e4umen und Verabschieden- mit Aufn\u00e4her nat\u00fcrlich \ud83d\ude0a Vielleicht bis n\u00e4chstes Jahr liebe Teilnehmende und liebe H\u00fctte.<\/p>\n\n\n\n<figure class=\"wp-block-image size-large\"><a href=\"https:\/\/i0.wp.com\/dpsg-heldon.de\/wp-content\/uploads\/2026\/04\/Rueckblick-Winterhaik-2026_3.jpeg?ssl=1\"><img data-recalc-dims=\"1\" loading=\"lazy\" decoding=\"async\" width=\"768\" height=\"1024\" src=\"https:\/\/i0.wp.com\/dpsg-heldon.de\/wp-content\/uploads\/2026\/04\/Rueckblick-Winterhaik-2026_3.jpeg?resize=768%2C1024&#038;ssl=1\" alt=\"\" class=\"wp-image-5199\" srcset=\"https:\/\/i0.wp.com\/dpsg-heldon.de\/wp-content\/uploads\/2026\/04\/Rueckblick-Winterhaik-2026_3.jpeg?resize=768%2C1024&amp;ssl=1 768w, https:\/\/i0.wp.com\/dpsg-heldon.de\/wp-content\/uploads\/2026\/04\/Rueckblick-Winterhaik-2026_3.jpeg?resize=225%2C300&amp;ssl=1 225w, https:\/\/i0.wp.com\/dpsg-heldon.de\/wp-content\/uploads\/2026\/04\/Rueckblick-Winterhaik-2026_3.jpeg?resize=1152%2C1536&amp;ssl=1 1152w, https:\/\/i0.wp.com\/dpsg-heldon.de\/wp-content\/uploads\/2026\/04\/Rueckblick-Winterhaik-2026_3.jpeg?resize=750%2C1000&amp;ssl=1 750w, https:\/\/i0.wp.com\/dpsg-heldon.de\/wp-content\/uploads\/2026\/04\/Rueckblick-Winterhaik-2026_3.jpeg?w=1200&amp;ssl=1 1200w\" sizes=\"auto, (max-width: 768px) 100vw, 768px\" \/><\/a><\/figure>\n\n\n\n<figure class=\"wp-block-image size-large\"><a href=\"https:\/\/i0.wp.com\/dpsg-heldon.de\/wp-content\/uploads\/2026\/04\/Rueckblick-Winterhaik-2026_4.jpeg?ssl=1\"><img data-recalc-dims=\"1\" loading=\"lazy\" decoding=\"async\" width=\"768\" height=\"1024\" src=\"https:\/\/i0.wp.com\/dpsg-heldon.de\/wp-content\/uploads\/2026\/04\/Rueckblick-Winterhaik-2026_4.jpeg?resize=768%2C1024&#038;ssl=1\" alt=\"\" class=\"wp-image-5200\" srcset=\"https:\/\/i0.wp.com\/dpsg-heldon.de\/wp-content\/uploads\/2026\/04\/Rueckblick-Winterhaik-2026_4.jpeg?resize=768%2C1024&amp;ssl=1 768w, https:\/\/i0.wp.com\/dpsg-heldon.de\/wp-content\/uploads\/2026\/04\/Rueckblick-Winterhaik-2026_4.jpeg?resize=225%2C300&amp;ssl=1 225w, https:\/\/i0.wp.com\/dpsg-heldon.de\/wp-content\/uploads\/2026\/04\/Rueckblick-Winterhaik-2026_4.jpeg?resize=1152%2C1536&amp;ssl=1 1152w, https:\/\/i0.wp.com\/dpsg-heldon.de\/wp-content\/uploads\/2026\/04\/Rueckblick-Winterhaik-2026_4.jpeg?resize=750%2C1000&amp;ssl=1 750w, https:\/\/i0.wp.com\/dpsg-heldon.de\/wp-content\/uploads\/2026\/04\/Rueckblick-Winterhaik-2026_4.jpeg?w=1512&amp;ssl=1 1512w\" sizes=\"auto, (max-width: 768px) 100vw, 768px\" \/><\/a><\/figure>\n\n\n\n<figure class=\"wp-block-image size-large\"><a href=\"https:\/\/i0.wp.com\/dpsg-heldon.de\/wp-content\/uploads\/2026\/04\/Rueckblick-Winterhaik-2026_2.jpeg?ssl=1\"><img data-recalc-dims=\"1\" loading=\"lazy\" decoding=\"async\" width=\"768\" height=\"1024\" src=\"https:\/\/i0.wp.com\/dpsg-heldon.de\/wp-content\/uploads\/2026\/04\/Rueckblick-Winterhaik-2026_2.jpeg?resize=768%2C1024&#038;ssl=1\" alt=\"\" class=\"wp-image-5201\" srcset=\"https:\/\/i0.wp.com\/dpsg-heldon.de\/wp-content\/uploads\/2026\/04\/Rueckblick-Winterhaik-2026_2.jpeg?resize=768%2C1024&amp;ssl=1 768w, https:\/\/i0.wp.com\/dpsg-heldon.de\/wp-content\/uploads\/2026\/04\/Rueckblick-Winterhaik-2026_2.jpeg?resize=225%2C300&amp;ssl=1 225w, https:\/\/i0.wp.com\/dpsg-heldon.de\/wp-content\/uploads\/2026\/04\/Rueckblick-Winterhaik-2026_2.jpeg?resize=1152%2C1536&amp;ssl=1 1152w, https:\/\/i0.wp.com\/dpsg-heldon.de\/wp-content\/uploads\/2026\/04\/Rueckblick-Winterhaik-2026_2.jpeg?resize=750%2C1000&amp;ssl=1 750w, https:\/\/i0.wp.com\/dpsg-heldon.de\/wp-content\/uploads\/2026\/04\/Rueckblick-Winterhaik-2026_2.jpeg?w=1200&amp;ssl=1 1200w\" sizes=\"auto, (max-width: 768px) 100vw, 768px\" \/><\/a><\/figure>\n\n\n\n<figure class=\"wp-block-image size-large\"><a href=\"https:\/\/i0.wp.com\/dpsg-heldon.de\/wp-content\/uploads\/2026\/04\/Rueckblick-Winterhaik-2026.jpeg?ssl=1\"><img data-recalc-dims=\"1\" loading=\"lazy\" decoding=\"async\" width=\"768\" height=\"1024\" src=\"https:\/\/i0.wp.com\/dpsg-heldon.de\/wp-content\/uploads\/2026\/04\/Rueckblick-Winterhaik-2026.jpeg?resize=768%2C1024&#038;ssl=1\" alt=\"\" class=\"wp-image-5202\" srcset=\"https:\/\/i0.wp.com\/dpsg-heldon.de\/wp-content\/uploads\/2026\/04\/Rueckblick-Winterhaik-2026.jpeg?resize=768%2C1024&amp;ssl=1 768w, https:\/\/i0.wp.com\/dpsg-heldon.de\/wp-content\/uploads\/2026\/04\/Rueckblick-Winterhaik-2026.jpeg?resize=225%2C300&amp;ssl=1 225w, https:\/\/i0.wp.com\/dpsg-heldon.de\/wp-content\/uploads\/2026\/04\/Rueckblick-Winterhaik-2026.jpeg?resize=1152%2C1536&amp;ssl=1 1152w, https:\/\/i0.wp.com\/dpsg-heldon.de\/wp-content\/uploads\/2026\/04\/Rueckblick-Winterhaik-2026.jpeg?resize=750%2C1000&amp;ssl=1 750w, https:\/\/i0.wp.com\/dpsg-heldon.de\/wp-content\/uploads\/2026\/04\/Rueckblick-Winterhaik-2026.jpeg?w=1536&amp;ssl=1 1536w\" sizes=\"auto, (max-width: 768px) 100vw, 768px\" \/><\/a><\/figure>\n","protected":false},"excerpt":{"rendered":"<p>Und j\u00e4hrlich gr\u00fc\u00dft das Murmeltier oder bei uns, der Winterhaik. Es ging mal wieder am 07. \u2013 08.02.2026 in die Pfalz in die uns schon bekannte H\u00fctte \u2013 wer noch nicht dabei war muss es mal erlebt haben und mit kommen \ud83d\ude0a Es lohnt sich. Dieses Jahr war f\u00fcr 15 Teilnehmenden nach dem Treffpunkt in&#8230;<\/p>\n","protected":false},"author":7,"featured_media":0,"parent":0,"menu_order":0,"comment_status":"closed","ping_status":"closed","template":"","meta":{"ngg_post_thumbnail":0,"footnotes":""},"class_list":["post-5198","page","type-page","status-publish","hentry"],"jetpack_sharing_enabled":true,"jetpack_shortlink":"https:\/\/wp.me\/P5rvYL-1lQ","_links":{"self":[{"href":"https:\/\/dpsg-heldon.de\/index.php?rest_route=\/wp\/v2\/pages\/5198","targetHints":{"allow":["GET"]}}],"collection":[{"href":"https:\/\/dpsg-heldon.de\/index.php?rest_route=\/wp\/v2\/pages"}],"about":[{"href":"https:\/\/dpsg-heldon.de\/index.php?rest_route=\/wp\/v2\/types\/page"}],"author":[{"embeddable":true,"href":"https:\/\/dpsg-heldon.de\/index.php?rest_route=\/wp\/v2\/users\/7"}],"replies":[{"embeddable":true,"href":"https:\/\/dpsg-heldon.de\/index.php?rest_route=%2Fwp%2Fv2%2Fcomments&post=5198"}],"version-history":[{"count":1,"href":"https:\/\/dpsg-heldon.de\/index.php?rest_route=\/wp\/v2\/pages\/5198\/revisions"}],"predecessor-version":[{"id":5203,"href":"https:\/\/dpsg-heldon.de\/index.php?rest_route=\/wp\/v2\/pages\/5198\/revisions\/5203"}],"wp:attachment":[{"href":"https:\/\/dpsg-heldon.de\/index.php?rest_route=%2Fwp%2Fv2%2Fmedia&parent=5198"}],"curies":[{"name":"wp","href":"https:\/\/api.w.org\/{rel}","templated":true}]}}