{"id":5223,"date":"2026-05-11T21:58:39","date_gmt":"2026-05-11T21:58:39","guid":{"rendered":"https:\/\/dpsg-heldon.de\/?page_id=5223"},"modified":"2026-05-11T22:01:23","modified_gmt":"2026-05-11T22:01:23","slug":"bezirks-sommerfest-mit-public-viewing","status":"publish","type":"page","link":"https:\/\/dpsg-heldon.de\/?page_id=5223","title":{"rendered":"Bezirks-Sommerfest mit Public Viewing"},"content":{"rendered":"\n<p>Anmeldung: <a href=\"https:\/\/dpsg-heldon.de\/?page_id=3767\">https:\/\/dpsg-heldon.de\/?page_id=3767<\/a><\/p>\n\n\n\n<p>Nach der erfolgreichen Veranstaltung 2024 m\u00f6chten wir das Sommerfest in diesem Jahr wiederholen. Diesmal mit Public Viewing zur Fu\u00dfball WM. Eingeladen sind ab Rover-Stufe!<\/p>\n\n\n\n<p>Wir wollen wieder gemeinsam einen sch\u00f6nen Nachmittag bzw. Abend verbringen und Euch die Gelegenheit geben sich stammes\u00fcbergreifend auszutauschen und die Bezirksleitung besser kennenzulernen. Es wird auch wieder ein Planschbecker f\u00fcr die Kleinen und verschiedene Spielen f\u00fcr die Gr\u00f6\u00dferen geben. Und als Highlight werden wir ab 19 Uhr das WM Spiel Deutschland \u2013 Curacao auf der gro\u00dfen Leinwand zeigen!<\/p>\n\n\n\n<p>Das Fest findet am Sonntag, 14.06.2026, ab 15 Uhr auf dem Pfadfindergel\u00e4nde in Dieburg statt. Essen und Getr\u00e4nke gehen auf Bezirkskosten. Wer einen Kuchen oder Salat mitbringen m\u00f6chte darf dies gerne tun, wir freuen uns dar\u00fcber sehr!<\/p>\n\n\n\n<p>Damit wir auch genug Essen und Getr\u00e4nke dahaben, bitte \u00fcber unsere Homepage bis zum 30.05.2026 (gerne auch stammesweise) anmelden. Bitte bringt Becher, Teller, Besteck und gute Laune mit!<\/p>\n\n\n\n<p>Wir freuen uns auf Euch<\/p>\n\n\n\n<p>Eure Bezirksleitung Astrid, Caro, Fabe, Jakob, Otti &amp; Thorsten<\/p>\n\n\n\n<p>Hard Facts:<\/p>\n\n\n\n<p>Was: Sommerfest Bezirk Heldon Wann: 14.06.2024 ab 15 Uhr Wo: Pfadfindergel\u00e4nde Auf der Leer 35, 64807 Dieburg Kosten: Essen und Getr\u00e4nke frei Highlight: WM Spiel Deutschland \u2013 Curacao um 19:00 Uhr<\/p>\n\n\n\n<p>Mitzubringen: Becher, Teller, Besteck und gute Laune Anmeldung: bis zum 30.05.2026 <a href=\"https:\/\/dpsg-heldon.de\/?page_id=3767\">hier<\/a>!<\/p>\n\n\n\n<p><\/p>\n","protected":false},"excerpt":{"rendered":"<p>Anmeldung: https:\/\/dpsg-heldon.de\/?page_id=3767 Nach der erfolgreichen Veranstaltung 2024 m\u00f6chten wir das Sommerfest in diesem Jahr wiederholen. Diesmal mit Public Viewing zur Fu\u00dfball WM. Eingeladen sind ab Rover-Stufe! Wir wollen wieder gemeinsam einen sch\u00f6nen Nachmittag bzw. Abend verbringen und Euch die Gelegenheit geben sich stammes\u00fcbergreifend auszutauschen und die Bezirksleitung besser kennenzulernen. Es wird auch wieder ein Planschbecker&#8230;<\/p>\n","protected":false},"author":8,"featured_media":0,"parent":0,"menu_order":0,"comment_status":"closed","ping_status":"closed","template":"","meta":{"ngg_post_thumbnail":0,"footnotes":""},"class_list":["post-5223","page","type-page","status-publish","hentry"],"jetpack_sharing_enabled":true,"jetpack_shortlink":"https:\/\/wp.me\/P5rvYL-1mf","_links":{"self":[{"href":"https:\/\/dpsg-heldon.de\/index.php?rest_route=\/wp\/v2\/pages\/5223","targetHints":{"allow":["GET"]}}],"collection":[{"href":"https:\/\/dpsg-heldon.de\/index.php?rest_route=\/wp\/v2\/pages"}],"about":[{"href":"https:\/\/dpsg-heldon.de\/index.php?rest_route=\/wp\/v2\/types\/page"}],"author":[{"embeddable":true,"href":"https:\/\/dpsg-heldon.de\/index.php?rest_route=\/wp\/v2\/users\/8"}],"replies":[{"embeddable":true,"href":"https:\/\/dpsg-heldon.de\/index.php?rest_route=%2Fwp%2Fv2%2Fcomments&post=5223"}],"version-history":[{"count":1,"href":"https:\/\/dpsg-heldon.de\/index.php?rest_route=\/wp\/v2\/pages\/5223\/revisions"}],"predecessor-version":[{"id":5225,"href":"https:\/\/dpsg-heldon.de\/index.php?rest_route=\/wp\/v2\/pages\/5223\/revisions\/5225"}],"wp:attachment":[{"href":"https:\/\/dpsg-heldon.de\/index.php?rest_route=%2Fwp%2Fv2%2Fmedia&parent=5223"}],"curies":[{"name":"wp","href":"https:\/\/api.w.org\/{rel}","templated":true}]}}