{"id":604,"date":"2015-04-07T01:53:29","date_gmt":"2015-04-07T01:53:29","guid":{"rendered":"http:\/\/dpsg-heldon.de\/?page_id=604"},"modified":"2016-02-01T18:18:12","modified_gmt":"2016-02-01T18:18:12","slug":"rueckblick-bezirkswochenende-2015","status":"publish","type":"page","link":"https:\/\/dpsg-heldon.de\/?page_id=604","title":{"rendered":"R\u00fcckblick Bezirkswochenende 2015"},"content":{"rendered":"<p>Vom 13. \u2013 15. M\u00e4rz trafen sich rund 40 Rover und Leiter f\u00fcr ein gemeinsames Wochenende im Jugendhaus St. Wendelin in Nieder-Liebersbach. Jeder, der Freitag anreiste, konnte sein Zimmer beziehen, sich am Buffet satt essen und gleich in den gem\u00fctlichen Teil des Abends \u00fcbergehen. Richtig los ging es am Samstag. Nach der Morgenrunde fanden die Stufenkonferenzen statt. Hier gab es einen R\u00fcckblick auf das letzte Jahr und einen Ausblick auf dieses Jahr. Es wurden Termine festgelegt und Ideen zu Aktionen gesponnen. Die W\u00f6s und Jufis veranstalten ein \u201eWetten, dass\u2026?\u201c und die Pfadis und Rover gehen in die 2. Runde #FSK und Winterhaik. Au\u00dferdem wurden die Delegierten f\u00fcr die Bezirksversammlung gew\u00e4hlt. Anschlie\u00dfend gab es eine Einheit zum Bezirkslager 2016. Die AKs haben sich und ihre bisherige Arbeit vorgestellt und Werbung f\u00fcr weitere Mitglieder gemacht. Es wurden au\u00dferdem zwei Zeltpl\u00e4tze vorgestellt. Ein mehrheitliches Votum f\u00fcr den Lilienwald in Karben-Petterweil ging am Sonntag als Initiativantrag in die Bezirksversammlung ein.<\/p>\n<p>Nach dem Mittagessen fanden die Workshops statt. Beim \u201eFilm drehen\u201c wurden erst Ideen gesponnen und Umsetzungsm\u00f6glichkeiten diskutiert. Hieraus entstand am Nachmittag eine Doku \u00fcber das, was Passanten in der Weinheimer Innenstadt glauben, das Pfadfinder tun und \u00fcber das, was sie wirklich machen. Der Film hatte am Sonntag zu Beginn der Bezirksversammlung seine Premiere und kann bei der Bezirksleitung angefragt werden. Bei \u201eFeuerspucken und Feuerjonglage\u201c ging es um genau das: Anf\u00e4nger und Fortgeschrittene erlernten diverse Techniken und \u00fcbten das Feuer spucken sowie den Umgang mit Feuerstab und Pois. Bei einem weiteren Workshop ging es um das Thema \u201eNachtwanderung\u201c. Es gab einen regen Austausch dar\u00fcber, wie Nachtwanderungen in den St\u00e4mmen vorbereitet werden und ablaufen und eine kleine Nachtwanderung f\u00fcr Abends wurde ebenfalls vorbereitet. Im letzten Workshop stand das Thema \u201eFinanzierung\u201c im Vordergrund. Wo gibt es Zusch\u00fcsse und wof\u00fcr genau? Wie beantrage ich sie und bis wann? Welche anderen M\u00f6glichkeiten gibt es, den Stamm oder bestimmte Aktionen finanziell zu unterst\u00fctzen?<\/p>\n<p>Am Abend arbeitete das Filmteam immer noch fieberhaft an seinem Film und erbat hierf\u00fcr eine Vorf\u00fchrung der Feuerk\u00fcnste. Wer wollte konnte sich dann erst Feuerspucken und Feuerjonglage aus n\u00e4chster N\u00e4he anschauen und anschlie\u00dfend gleich an der Nachtwanderung teilnehmen. Danach wurde es wieder gem\u00fctlich. Bis tief in die Nacht wurde gespielt, gequatscht und musiziert.<\/p>\n<p>Am Sonntag hie\u00df es dann packen, aufr\u00e4umen und das Haus r\u00e4umen. Denn im Jugendhaus war zu wenig Platz, um die diesj\u00e4hrige Bezirksversammlung durchzuf\u00fchren. Wieso und was dann geschah erfahrt ihr <a title=\"R\u00fcckblick Bezirksversammlung 2015\" href=\"http:\/\/dpsg-heldon.de\/?page_id=606\">hier\u2026 <\/a><\/p>\n","protected":false},"excerpt":{"rendered":"<p>Vom 13. \u2013 15. M\u00e4rz trafen sich rund 40 Rover und Leiter f\u00fcr ein gemeinsames Wochenende im Jugendhaus St. Wendelin in Nieder-Liebersbach. Jeder, der Freitag anreiste, konnte sein Zimmer beziehen, sich am Buffet satt essen und gleich in den gem\u00fctlichen Teil des Abends \u00fcbergehen. Richtig los ging es am Samstag. Nach der Morgenrunde fanden die&#8230;<\/p>\n","protected":false},"author":3,"featured_media":0,"parent":666,"menu_order":0,"comment_status":"closed","ping_status":"closed","template":"","meta":{"ngg_post_thumbnail":0,"footnotes":""},"class_list":["post-604","page","type-page","status-publish","hentry"],"jetpack_sharing_enabled":true,"jetpack_shortlink":"https:\/\/wp.me\/P5rvYL-9K","_links":{"self":[{"href":"https:\/\/dpsg-heldon.de\/index.php?rest_route=\/wp\/v2\/pages\/604","targetHints":{"allow":["GET"]}}],"collection":[{"href":"https:\/\/dpsg-heldon.de\/index.php?rest_route=\/wp\/v2\/pages"}],"about":[{"href":"https:\/\/dpsg-heldon.de\/index.php?rest_route=\/wp\/v2\/types\/page"}],"author":[{"embeddable":true,"href":"https:\/\/dpsg-heldon.de\/index.php?rest_route=\/wp\/v2\/users\/3"}],"replies":[{"embeddable":true,"href":"https:\/\/dpsg-heldon.de\/index.php?rest_route=%2Fwp%2Fv2%2Fcomments&post=604"}],"version-history":[{"count":2,"href":"https:\/\/dpsg-heldon.de\/index.php?rest_route=\/wp\/v2\/pages\/604\/revisions"}],"predecessor-version":[{"id":611,"href":"https:\/\/dpsg-heldon.de\/index.php?rest_route=\/wp\/v2\/pages\/604\/revisions\/611"}],"up":[{"embeddable":true,"href":"https:\/\/dpsg-heldon.de\/index.php?rest_route=\/wp\/v2\/pages\/666"}],"wp:attachment":[{"href":"https:\/\/dpsg-heldon.de\/index.php?rest_route=%2Fwp%2Fv2%2Fmedia&parent=604"}],"curies":[{"name":"wp","href":"https:\/\/api.w.org\/{rel}","templated":true}]}}