{"id":666,"date":"2015-05-30T00:37:05","date_gmt":"2015-05-30T00:37:05","guid":{"rendered":"http:\/\/dpsg-heldon.de\/?page_id=666"},"modified":"2016-02-09T21:00:50","modified_gmt":"2016-02-09T21:00:50","slug":"2015-2","status":"publish","type":"page","link":"https:\/\/dpsg-heldon.de\/?page_id=666","title":{"rendered":"2015"},"content":{"rendered":"<p><a href=\"http:\/\/dpsg-heldon.de\/?page_id=451\">Justu-Winterhaik<\/a><\/p>\n<p><a href=\"http:\/\/dpsg-heldon.de\/?page_id=393\">W\u00f6bold on ICE<\/a><\/p>\n<p><a href=\"http:\/\/dpsg-heldon.de\/?page_id=604\">Bezirkswochenende<\/a><\/p>\n<p><a href=\"http:\/\/dpsg-heldon.de\/?page_id=606\">Bezirksversammlung<\/a><\/p>\n<p><a href=\"http:\/\/dpsg-heldon.de\/?page_id=736\">W\u00f6bold-Tag &#8222;Wetten, dass&#8230;?&#8220;<\/a><\/p>\n<p><a href=\"http:\/\/dpsg-heldon.de\/?page_id=754\">Bezirkskino<\/a><\/p>\n<p><a href=\"http:\/\/dpsg-heldon.de\/?page_id=766\">Wanderung zur Wetteinl\u00f6sung<\/a><\/p>\n","protected":false},"excerpt":{"rendered":"<p>Justu-Winterhaik W\u00f6bold on ICE Bezirkswochenende Bezirksversammlung W\u00f6bold-Tag &#8222;Wetten, dass&#8230;?&#8220; Bezirkskino Wanderung zur Wetteinl\u00f6sung<\/p>\n","protected":false},"author":1,"featured_media":0,"parent":0,"menu_order":0,"comment_status":"closed","ping_status":"closed","template":"","meta":{"ngg_post_thumbnail":0,"footnotes":""},"class_list":["post-666","page","type-page","status-publish","hentry"],"jetpack_sharing_enabled":true,"jetpack_shortlink":"https:\/\/wp.me\/P5rvYL-aK","_links":{"self":[{"href":"https:\/\/dpsg-heldon.de\/index.php?rest_route=\/wp\/v2\/pages\/666","targetHints":{"allow":["GET"]}}],"collection":[{"href":"https:\/\/dpsg-heldon.de\/index.php?rest_route=\/wp\/v2\/pages"}],"about":[{"href":"https:\/\/dpsg-heldon.de\/index.php?rest_route=\/wp\/v2\/types\/page"}],"author":[{"embeddable":true,"href":"https:\/\/dpsg-heldon.de\/index.php?rest_route=\/wp\/v2\/users\/1"}],"replies":[{"embeddable":true,"href":"https:\/\/dpsg-heldon.de\/index.php?rest_route=%2Fwp%2Fv2%2Fcomments&post=666"}],"version-history":[{"count":7,"href":"https:\/\/dpsg-heldon.de\/index.php?rest_route=\/wp\/v2\/pages\/666\/revisions"}],"predecessor-version":[{"id":1111,"href":"https:\/\/dpsg-heldon.de\/index.php?rest_route=\/wp\/v2\/pages\/666\/revisions\/1111"}],"wp:attachment":[{"href":"https:\/\/dpsg-heldon.de\/index.php?rest_route=%2Fwp%2Fv2%2Fmedia&parent=666"}],"curies":[{"name":"wp","href":"https:\/\/api.w.org\/{rel}","templated":true}]}}