{"id":736,"date":"2015-09-19T18:36:38","date_gmt":"2015-09-19T18:36:38","guid":{"rendered":"http:\/\/dpsg-heldon.de\/?page_id=736"},"modified":"2024-04-15T19:15:10","modified_gmt":"2024-04-15T19:15:10","slug":"rueckblick-wetten-dass","status":"publish","type":"page","link":"https:\/\/dpsg-heldon.de\/?page_id=736","title":{"rendered":"R\u00fcckblick &#8222;Wetten, dass&#8230;&#8220;"},"content":{"rendered":"<p>Am 19.9 gab es die diesj\u00e4hrige W\u00f6bold-Aktion unter dem Motto &#8222;Wetten, dass&#8230;&#8220; statt.<\/p>\n<p>Los ging es um 10.00 Uhr, als 77 Pfadfinder durch das Luisencenter\u00a0eine Polonaise getanzt haben. Danach ging es in 8 Kleingruppen los, um verschiedenste Wetten zu absolvieren. Von der Gute Tat, \u00fcber liedersingende Fu\u00dfballfans und durch Gesang sich 5\u20ac zu verdienen, waren \u00fcber 50 Wetten vertreten.<\/p>\n<p>Manche Wetten wurden binnen weniger Minuten gel\u00f6st, andere brauchten f\u00fcr dieselben etwas l\u00e4nger.<\/p>\n<p>Am Ende gab es eine gemeinsame Abschlusswette: Alle Gruppen sollten sich so viele Passanten wie m\u00f6glich schnappen und eine La-Ol\u00e1-Welle um den &#8222;Langen Ludwig&#8220; am Luisenplatz machen.<\/p>\n<p>Als Abschluss wurde ein Film mit allen Beweisfotos und -Videos gezeigt.<\/p>\n<p>&nbsp;<\/p>\n<p>Bilder folgen in K\u00fcrze!<\/p>\n","protected":false},"excerpt":{"rendered":"<p>Am 19.9 gab es die diesj\u00e4hrige W\u00f6bold-Aktion unter dem Motto &#8222;Wetten, dass&#8230;&#8220; statt. Los ging es um 10.00 Uhr, als 77 Pfadfinder durch das Luisencenter\u00a0eine Polonaise getanzt haben. Danach ging es in 8 Kleingruppen los, um verschiedenste Wetten zu absolvieren. Von der Gute Tat, \u00fcber liedersingende Fu\u00dfballfans und durch Gesang sich 5\u20ac zu verdienen, waren&#8230;<\/p>\n","protected":false},"author":1,"featured_media":0,"parent":22,"menu_order":0,"comment_status":"closed","ping_status":"closed","template":"","meta":{"ngg_post_thumbnail":0,"footnotes":""},"class_list":["post-736","page","type-page","status-publish","hentry"],"jetpack_sharing_enabled":true,"jetpack_shortlink":"https:\/\/wp.me\/P5rvYL-bS","_links":{"self":[{"href":"https:\/\/dpsg-heldon.de\/index.php?rest_route=\/wp\/v2\/pages\/736","targetHints":{"allow":["GET"]}}],"collection":[{"href":"https:\/\/dpsg-heldon.de\/index.php?rest_route=\/wp\/v2\/pages"}],"about":[{"href":"https:\/\/dpsg-heldon.de\/index.php?rest_route=\/wp\/v2\/types\/page"}],"author":[{"embeddable":true,"href":"https:\/\/dpsg-heldon.de\/index.php?rest_route=\/wp\/v2\/users\/1"}],"replies":[{"embeddable":true,"href":"https:\/\/dpsg-heldon.de\/index.php?rest_route=%2Fwp%2Fv2%2Fcomments&post=736"}],"version-history":[{"count":5,"href":"https:\/\/dpsg-heldon.de\/index.php?rest_route=\/wp\/v2\/pages\/736\/revisions"}],"predecessor-version":[{"id":751,"href":"https:\/\/dpsg-heldon.de\/index.php?rest_route=\/wp\/v2\/pages\/736\/revisions\/751"}],"up":[{"embeddable":true,"href":"https:\/\/dpsg-heldon.de\/index.php?rest_route=\/wp\/v2\/pages\/22"}],"wp:attachment":[{"href":"https:\/\/dpsg-heldon.de\/index.php?rest_route=%2Fwp%2Fv2%2Fmedia&parent=736"}],"curies":[{"name":"wp","href":"https:\/\/api.w.org\/{rel}","templated":true}]}}