{"id":766,"date":"2015-10-04T20:07:14","date_gmt":"2015-10-04T20:07:14","guid":{"rendered":"http:\/\/dpsg-heldon.de\/?page_id=766"},"modified":"2016-02-01T18:18:30","modified_gmt":"2016-02-01T18:18:30","slug":"wanderung-zur-wetteinloesung-24-oktober-2015-in-heppenheim","status":"publish","type":"page","link":"https:\/\/dpsg-heldon.de\/?page_id=766","title":{"rendered":"R\u00fcckblick Wanderung zur Wetteinl\u00f6sung"},"content":{"rendered":"<p>\u201eWetten, dass ihr es nicht schafft, doppelt so viele Rover und Leiter zu eurer Bezirksversammlung aufzubringen wie wir?\u201c Mit dieser Wette forderte das K\u00f6nigspaar Deborah und Tobias aus dem Bezirk Oberhessen die Bezirksvorsitzende Astrid aus Heldon w\u00e4hrend des Di\u00f6zesanlagers Scouttropolis heraus. Nat\u00fcrlich nahm Heldon die Wette an! Denn der Wetteinsatz war lukrativ: gewinnt Oberhessen, muss das k\u00f6nigliche Banner f\u00fcr einen Tag auf der Starkenburg wehen. Gewinnt Heldon, prangt das Bezirkslogo, die Strakenburg, f\u00fcr ein ganzes Jahr neben der Krone auf dem oberhessischen Banner.<\/p>\n<p>Im Oktober 2014 nahmen an der Bezirksversammlung in Oberhessen 68 Rover und Leiter teil. Das hie\u00df f\u00fcr Heldon, im M\u00e4rz 2015 mindestens 137 Teilnehmer aufzubringen. Trotz Werbung und Versprechungen konnten wir dieses Ziel nicht erreichen \u2013 aber waren dennoch stolz auf die knapp 100 Rover und Leiter, die an der Versammlung teilnahmen, denn WIR SIND HELDON!<\/p>\n<p>Wettschulden sind Ehrenschulden! Und so fand am Samstag, 24. Oktober 2015, die Wanderung zur Wetteinl\u00f6sung statt! Gleich morgens wurde das k\u00f6nigliche Banner auf der Starkenburg gehisst (daf\u00fcr musste die hessische Fahne weichen und wir sind dem Herbergsvater sehr dankbar, dass er den Spa\u00df mitgemacht und auf die Regeln gepfiffen hat).<\/p>\n<p>Treffpunkt f\u00fcr alle Teilnehmer war dann der Marktplatz in Heppenheim, von wo es \u00fcber einen Fu\u00dfpfad direkt hoch zur Starkenburg ging. Nach einem Gruppenfoto und vielen vielen Einzelbildern vom Banner, vom Banner auf dem Turm, vom Banner auf dem Turm mit K\u00f6nigin Deborah folgte auch gleich die wohl verdiente Mittagspause \u2013 und eine Skypekonferenz mit K\u00f6nig Tobi, der aktuell in Canada verweilte und sich f\u00fcr dieses einmalige Ereignis fr\u00fch morgens aus dem Bett qu\u00e4lte. Danach ging es weiter den Berg entlang, meist bergauf, aber irgendwann \u2013 endlich \u2013 auch wieder bergab, immer durch den sch\u00f6nen Herbstwald. Im Tal angekommen sollte es eigentlich den gegen\u00fcberliegenden Berg wieder hoch und die Weinh\u00e4nge entlang zur\u00fcck nach Heppenheim gehen. Doch die Mehrheit entschied sich f\u00fcr den direkten Weg durch das Tal, so dass wir schon am fr\u00fchen Nachmittag an unserem Ziel ankamen \u2013 dem Pfadfinderheim der Heppenheimer. Den gem\u00fctlichen Teil leitete dann eine gro\u00dfe Lieferung Partypizzen ein. Nach dieser wohlverdienten St\u00e4rkung verlief der Abend feucht fr\u00f6hlich mit Gitarre und Liederb\u00fcchern. Und viele waren der Meinung: das sollte man \u00f6fter machen!<\/p>\n<p><a href=\"https:\/\/i0.wp.com\/dpsg-heldon.de\/wp-content\/uploads\/2015\/10\/IMG_1920.jpg\"><img data-recalc-dims=\"1\" loading=\"lazy\" decoding=\"async\" class=\"alignnone size-medium wp-image-804\" src=\"https:\/\/i0.wp.com\/dpsg-heldon.de\/wp-content\/uploads\/2015\/10\/IMG_1920-300x225.jpg?resize=300%2C225\" alt=\"IMG_1920\" width=\"300\" height=\"225\" srcset=\"https:\/\/i0.wp.com\/dpsg-heldon.de\/wp-content\/uploads\/2015\/10\/IMG_1920.jpg?resize=300%2C225&amp;ssl=1 300w, https:\/\/i0.wp.com\/dpsg-heldon.de\/wp-content\/uploads\/2015\/10\/IMG_1920.jpg?resize=1024%2C768&amp;ssl=1 1024w, https:\/\/i0.wp.com\/dpsg-heldon.de\/wp-content\/uploads\/2015\/10\/IMG_1920.jpg?resize=750%2C563&amp;ssl=1 750w, https:\/\/i0.wp.com\/dpsg-heldon.de\/wp-content\/uploads\/2015\/10\/IMG_1920.jpg?w=2000&amp;ssl=1 2000w, https:\/\/i0.wp.com\/dpsg-heldon.de\/wp-content\/uploads\/2015\/10\/IMG_1920.jpg?w=3000&amp;ssl=1 3000w\" sizes=\"auto, (max-width: 300px) 100vw, 300px\" \/><\/a><a href=\"https:\/\/i0.wp.com\/dpsg-heldon.de\/wp-content\/uploads\/2015\/10\/IMG_1909.jpg\">\u00a0\u00a0\u00a0\u00a0\u00a0\u00a0\u00a0 <img data-recalc-dims=\"1\" loading=\"lazy\" decoding=\"async\" class=\"alignnone size-medium wp-image-802\" src=\"https:\/\/i0.wp.com\/dpsg-heldon.de\/wp-content\/uploads\/2015\/10\/IMG_1909-300x225.jpg?resize=300%2C225\" alt=\"IMG_1909\" width=\"300\" height=\"225\" srcset=\"https:\/\/i0.wp.com\/dpsg-heldon.de\/wp-content\/uploads\/2015\/10\/IMG_1909.jpg?resize=300%2C225&amp;ssl=1 300w, https:\/\/i0.wp.com\/dpsg-heldon.de\/wp-content\/uploads\/2015\/10\/IMG_1909.jpg?resize=1024%2C768&amp;ssl=1 1024w, https:\/\/i0.wp.com\/dpsg-heldon.de\/wp-content\/uploads\/2015\/10\/IMG_1909.jpg?resize=750%2C563&amp;ssl=1 750w, https:\/\/i0.wp.com\/dpsg-heldon.de\/wp-content\/uploads\/2015\/10\/IMG_1909.jpg?w=2000&amp;ssl=1 2000w, https:\/\/i0.wp.com\/dpsg-heldon.de\/wp-content\/uploads\/2015\/10\/IMG_1909.jpg?w=3000&amp;ssl=1 3000w\" sizes=\"auto, (max-width: 300px) 100vw, 300px\" \/><\/a><\/p>\n","protected":false},"excerpt":{"rendered":"<p>\u201eWetten, dass ihr es nicht schafft, doppelt so viele Rover und Leiter zu eurer Bezirksversammlung aufzubringen wie wir?\u201c Mit dieser Wette forderte das K\u00f6nigspaar Deborah und Tobias aus dem Bezirk Oberhessen die Bezirksvorsitzende Astrid aus Heldon w\u00e4hrend des Di\u00f6zesanlagers Scouttropolis heraus. Nat\u00fcrlich nahm Heldon die Wette an! Denn der Wetteinsatz war lukrativ: gewinnt Oberhessen, muss&#8230;<\/p>\n","protected":false},"author":1,"featured_media":0,"parent":666,"menu_order":0,"comment_status":"closed","ping_status":"closed","template":"","meta":{"ngg_post_thumbnail":0,"footnotes":""},"class_list":["post-766","page","type-page","status-publish","hentry"],"jetpack_sharing_enabled":true,"jetpack_shortlink":"https:\/\/wp.me\/P5rvYL-cm","_links":{"self":[{"href":"https:\/\/dpsg-heldon.de\/index.php?rest_route=\/wp\/v2\/pages\/766","targetHints":{"allow":["GET"]}}],"collection":[{"href":"https:\/\/dpsg-heldon.de\/index.php?rest_route=\/wp\/v2\/pages"}],"about":[{"href":"https:\/\/dpsg-heldon.de\/index.php?rest_route=\/wp\/v2\/types\/page"}],"author":[{"embeddable":true,"href":"https:\/\/dpsg-heldon.de\/index.php?rest_route=\/wp\/v2\/users\/1"}],"replies":[{"embeddable":true,"href":"https:\/\/dpsg-heldon.de\/index.php?rest_route=%2Fwp%2Fv2%2Fcomments&post=766"}],"version-history":[{"count":5,"href":"https:\/\/dpsg-heldon.de\/index.php?rest_route=\/wp\/v2\/pages\/766\/revisions"}],"predecessor-version":[{"id":813,"href":"https:\/\/dpsg-heldon.de\/index.php?rest_route=\/wp\/v2\/pages\/766\/revisions\/813"}],"up":[{"embeddable":true,"href":"https:\/\/dpsg-heldon.de\/index.php?rest_route=\/wp\/v2\/pages\/666"}],"wp:attachment":[{"href":"https:\/\/dpsg-heldon.de\/index.php?rest_route=%2Fwp%2Fv2%2Fmedia&parent=766"}],"curies":[{"name":"wp","href":"https:\/\/api.w.org\/{rel}","templated":true}]}}